{"id":179430,"date":"2024-01-09T20:01:08","date_gmt":"2024-01-10T01:01:08","guid":{"rendered":"https:\/\/montanarolaw.com\/abogados-de-testamentos-de-long-island-que-ofrecen-servicios-de-planificacion-patrimonial\/"},"modified":"2024-01-09T20:01:08","modified_gmt":"2024-01-10T01:01:08","slug":"abogados-de-testamentos-de-long-island-que-ofrecen-servicios-de-planificacion-patrimonial","status":"publish","type":"page","link":"https:\/\/montanarolaw.com\/es\/abogados-de-testamentos-de-long-island-que-ofrecen-servicios-de-planificacion-patrimonial\/","title":{"rendered":"Abogados de testamentos de Long Island que ofrecen servicios de planificaci\u00f3n patrimonial"},"content":{"rendered":"<h1>Abogados de testamentos de Long Island que ofrecen servicios de planificaci\u00f3n patrimonial<\/h1>\n<p>T\u00f3mese un minuto para pensar en todos sus bienes y posesiones y en lo que quiere que les ocurra despu\u00e9s de que usted se haya ido. \u00bfTiene un collar familiar preciado que quiere asegurarse de que permanezca en la familia? Tal vez su nieta ha expresado que le gustar\u00eda tener su juego de dormitorio antiguo. Tal vez tenga una herencia monetaria decente para dejar atr\u00e1s. \u00bfQuiere asegurarse de que se divida entre los miembros de su familia por igual, o tiene instrucciones m\u00e1s espec\u00edficas?    <\/p>\n<p>Si bien no siempre es agradable pensar en lo que les ocurrir\u00e1 a su familia y a sus bienes despu\u00e9s de su muerte, es una parte importante para garantizar que todos sus asuntos est\u00e9n en orden. Y cuanto m\u00e1s espec\u00edfico pueda ser sobre esas instrucciones, m\u00e1s f\u00e1cil ser\u00e1 el proceso de sucesi\u00f3n testamentaria de Nueva York para los que queden atr\u00e1s. <\/p>\n<p>Si est\u00e1 buscando un bufete de abogados de Nueva York para que se encargue de su planificaci\u00f3n patrimonial y lo necesite, MontanaroLaw P.C. puede ayudarle. Tenemos la experiencia necesaria para ayudarle a crear un testamento personalizado que aborde correctamente su situaci\u00f3n y necesidades particulares. Para empezar con una consulta gratuita o para obtener m\u00e1s informaci\u00f3n sobre nuestros servicios de testamentos, p\u00f3ngase en contacto con nosotros hoy mismo.  <\/p>\n<h2>\u00bfQu\u00e9 hace un abogado de planificaci\u00f3n patrimonial?<\/h2>\n<p>Un <a href=\"https:\/\/www.google.com\/maps?cid=3165837110749854167\" target=\"_blank\" rel=\"noopener\">abogado de planificaci\u00f3n patrimonial<\/a> se ocupa de todos los aspectos de la ley relacionados con testamentos, fideicomisos, poderes notariales y otros asuntos patrimoniales. Trabajan con los clientes para garantizar que sus planes patrimoniales, incluidos los testamentos y las voluntades anticipadas, sean completos y reflejen con precisi\u00f3n sus deseos despu\u00e9s de su muerte. <\/p>\n<p>Un abogado tambi\u00e9n puede ayudarle a cambiar los documentos existentes que puedan necesitar ser actualizados, y priorizan la relaci\u00f3n abogado-cliente para mantener una comunicaci\u00f3n abierta y garantizar que todo se haga correctamente y de manera oportuna.<\/p>\n<h2>\u00bfPor qu\u00e9 necesito un testamento?<\/h2>\n<p>Tener un testamento es importante para garantizar que los bienes de su patrimonio se dividan entre los miembros de su familia como usted desee. El testamento le permite dejar instrucciones claras sobre c\u00f3mo quiere que se gestionen sus bienes monetarios y sus bienes f\u00edsicos despu\u00e9s de su muerte, y tambi\u00e9n le da la oportunidad de nombrar a un tutor legal para que cuide de cualquiera de sus hijos que no hayan alcanzado la edad adulta despu\u00e9s de su fallecimiento. <\/p>\n<p>Sin un testamento en vigor, el proceso de ejecuci\u00f3n de su patrimonio puede llevar mucho m\u00e1s tiempo, lo que ralentiza el tiempo que tardan los miembros de su familia en recibir su herencia, y puede abrir la puerta a discusiones y a un proceso de sucesi\u00f3n testamentaria en curso.<\/p>\n<h2>\u00bfCu\u00e1l es la diferencia entre una voluntad vital y un testamento?<\/h2>\n<p>Las voluntades vitales y los testamentos son herramientas de planificaci\u00f3n patrimonial que son documentos esenciales que la mayor\u00eda de la gente deber\u00eda tener. Un testamento est\u00e1 dise\u00f1ado para ser ejecutado correctamente despu\u00e9s de su muerte y se ocupa de c\u00f3mo deben dividirse sus bienes. <\/p>\n<p>Una voluntad vital es un documento legal que proporciona instrucciones sobre c\u00f3mo quiere que se gestionen sus decisiones sanitarias si est\u00e1 incapacitado. A menudo incluye detalles sobre cosas como si desea ser etiquetado como No Resucitar (DNR) o con qu\u00e9 medidas para salvar su vida est\u00e1 de acuerdo. <\/p>\n<h2>\u00bfQu\u00e9 bienes patrimoniales se pueden incluir en un testamento?<\/h2>\n<p>Un testamento es un documento legal en el estado de Nueva York y debe pasar por el proceso de sucesi\u00f3n testamentaria despu\u00e9s de su muerte para ser ejecutado correctamente. Como tal, hay algunas reglas sobre lo que se puede incluir en los testamentos. En general, todo lo relacionado con los bienes monetarios o f\u00edsicos puede incluirse en un testamento. Algunas cosas que querr\u00e1 considerar a\u00f1adir a su testamento incluyen:   <\/p>\n<ul>\n<li>Inversiones<\/li>\n<li>Tenencias de bienes inmuebles<\/li>\n<li>Bienes personales, como joyas y art\u00edculos para el hogar<\/li>\n<li>Veh\u00edculos<\/li>\n<li>Barcos<\/li>\n<li>Activos l\u00edquidos mantenidos en cuentas corrientes o de ahorro<\/li>\n<\/ul>\n<p>Si hay alg\u00fan activo espec\u00edfico que quiera asignar, debe indicarse expl\u00edcitamente en su testamento y puede comunic\u00e1rselo a sus abogados. Tambi\u00e9n puede indicar que un activo o grupo de activos se divida por igual entre dos o m\u00e1s miembros de la familia. Su testamento tambi\u00e9n puede especificar sus deseos sobre qui\u00e9n quiere que sea el tutor de cualquier hijo menor de edad.  <\/p>\n<h2>\u00bfQu\u00e9 no se puede incluir en un testamento?<\/h2>\n<p>Su testamento no puede imponer ninguna sanci\u00f3n espec\u00edfica ni hacer exigencias sobre el comportamiento de las personas. Por ejemplo, su testamento no puede indicar que su hijo debe seguir viviendo en la casa familiar. Pero s\u00ed puede indicar que si su hijo no sigue viviendo en la casa familiar, \u00e9sta pasa a otro beneficiario o debe venderse, y los ingresos se dividen.  <\/p>\n<p>Hablar con un abogado testamentario de Nueva York puede ayudarle a determinar mejor lo que debe incluirse en su testamento y darle un buen asesoramiento legal sobre c\u00f3mo proceder.<\/p>\n<h2>\u00bfExisten requisitos espec\u00edficos para los testamentos en Nueva York?<\/h2>\n<p>Los testamentos deben ser validados cumpliendo con los requisitos de la ley del estado de Nueva York para pasar por el proceso de sucesi\u00f3n testamentaria. Estos requisitos incluyen estar firmado y fechado por la persona a la que pertenece el testamento y estar firmado por dos testigos. Los testigos s\u00f3lo tienen que saber que el documento es su testamento y que usted lo cre\u00f3. No es necesario que comparta el contenido del testamento con los testigos para que sea v\u00e1lido. La ley estatal no exige que un testamento sea notariado.    <\/p>\n<p>Si no est\u00e1 seguro de lo que debe incluirse en un testamento o de c\u00f3mo asegurarse de que su testamento es legalmente vinculante en el estado de Nueva York, MontanaroLaw P.C. puede ayudarle. Sabemos c\u00f3mo revisar un borrador o un testamento existente para asegurarnos de que todo se hace correctamente. Si hay cambios o ajustes que deban hacerse, tambi\u00e9n podemos encargarnos de ello.  <\/p>\n<h2>\u00bfQu\u00e9 debo buscar en un abogado testamentario?<\/h2>\n<p>Cuando est\u00e9 buscando un abogado de Nueva York que le ayude a desarrollar un plan patrimonial integral, es importante que tenga en cuenta sus necesidades.<\/p>\n<h2>Conocimiento y experiencia<\/h2>\n<p>Debe buscar a alguien que sea capaz de proporcionar una buena relaci\u00f3n abogado-cliente y que tenga experiencia en la creaci\u00f3n y finalizaci\u00f3n de un testamento en el estado de Nueva York.<\/p>\n<h2>Transparencia de costes<\/h2>\n<p>Es una buena idea programar una consulta gratuita con cualquier abogado que est\u00e9 considerando para obtener una mejor comprensi\u00f3n de los servicios que ofrecen, su experiencia y qu\u00e9 esperar de sus honorarios legales.<\/p>\n<h2>Compatibilidad<\/h2>\n<p>Lo m\u00e1s importante que hay que buscar en un abogado testamentario, m\u00e1s all\u00e1 de las habilidades y la experiencia, es que se sienta c\u00f3modo con \u00e9l. Su abogado testamentario debe tomarse el tiempo necesario para escuchar sus necesidades y comprender los detalles de su situaci\u00f3n particular, de modo que pueda atender sus necesidades en consecuencia. <\/p>\n<h2>C\u00f3mo puede ayudar MontanaroLaw P.C.<\/h2>\n<p>En el bufete de abogados de <a href=\"https:\/\/montanarolaw.com\/es\/\">MontanaroLaw P.C.<\/a>, valoramos cada relaci\u00f3n abogado-cliente y trabajamos para proporcionar soluciones pr\u00e1cticas y asesoramiento eficaz a nuestros clientes. Sabemos que redactar un testamento y crear un plan patrimonial puede ser un proceso desalentador y no es algo en lo que a todo el mundo le guste pensar. <\/p>\n<p>Nuestro equipo experto puede ayudarle a lo largo del proceso, comenzando con una consulta gratuita, para que pueda tener la tranquilidad de que sus deseos ser\u00e1n conocidos y est\u00e1n listos para ser ejecutados legalmente despu\u00e9s de su muerte.<\/p>\n<p>Si tiene preguntas sobre la creaci\u00f3n de un testamento, su primer paso es hablar con un abogado que pueda asesorarle sobre los requisitos legales y los documentos adecuados. A continuaci\u00f3n, pueden asegurarse de que todos sus bienes y deseos est\u00e9n debidamente enumerados en su testamento y conseguir que se testifique y se finalice. <\/p>\n<p>Poner sus deseos en un testamento legalmente vinculante no deber\u00eda ser un proceso dif\u00edcil y que consuma mucho tiempo. Perm\u00edtanos ayudarle gui\u00e1ndole a trav\u00e9s del proceso, desde la decisi\u00f3n de lo que debe estar en su testamento hasta la garant\u00eda de que se testifique adecuadamente y se sigan los requisitos del estado. Para hablar con un miembro de nuestro bufete de abogados o programar una consulta gratuita, llame a MontanaroLaw P.C. al (516) 203-1700.  <\/p>\n","protected":false},"excerpt":{"rendered":"<p>Abogados de testamentos de Long Island que ofrecen servicios de planificaci\u00f3n patrimonial T\u00f3mese un minuto para pensar en todos sus bienes y posesiones y en lo que quiere que les ocurra despu\u00e9s de que usted&#8230; <br \/><a class=\"read-more\" title=\"FULL STORY\" href=\"https:\/\/montanarolaw.com\/es\/abogados-de-testamentos-de-long-island-que-ofrecen-servicios-de-planificacion-patrimonial\/\">Read More<\/a><\/p>\n","protected":false},"author":1,"featured_media":0,"parent":0,"menu_order":0,"comment_status":"closed","ping_status":"closed","template":"","meta":{"_acf_changed":false,"inline_featured_image":false,"_genesis_hide_title":false,"_genesis_hide_breadcrumbs":false,"_genesis_hide_singular_image":false,"_genesis_hide_footer_widgets":false,"_genesis_custom_body_class":"","_genesis_custom_post_class":"","_genesis_layout":"","footnotes":""},"class_list":{"0":"post-179430","1":"page","2":"type-page","3":"status-publish","5":"entry"},"acf":[],"_links":{"self":[{"href":"https:\/\/montanarolaw.com\/es\/wp-json\/wp\/v2\/pages\/179430","targetHints":{"allow":["GET"]}}],"collection":[{"href":"https:\/\/montanarolaw.com\/es\/wp-json\/wp\/v2\/pages"}],"about":[{"href":"https:\/\/montanarolaw.com\/es\/wp-json\/wp\/v2\/types\/page"}],"author":[{"embeddable":true,"href":"https:\/\/montanarolaw.com\/es\/wp-json\/wp\/v2\/users\/1"}],"replies":[{"embeddable":true,"href":"https:\/\/montanarolaw.com\/es\/wp-json\/wp\/v2\/comments?post=179430"}],"version-history":[{"count":0,"href":"https:\/\/montanarolaw.com\/es\/wp-json\/wp\/v2\/pages\/179430\/revisions"}],"wp:attachment":[{"href":"https:\/\/montanarolaw.com\/es\/wp-json\/wp\/v2\/media?parent=179430"}],"curies":[{"name":"wp","href":"https:\/\/api.w.org\/{rel}","templated":true}]}}