{"id":179431,"date":"2024-01-09T20:01:09","date_gmt":"2024-01-10T01:01:09","guid":{"rendered":"https:\/\/montanarolaw.com\/abogados-especializados-en-accidentes-de-camiones-en-long-island-que-luchan-por-su-indemnizacion\/"},"modified":"2024-01-09T20:01:09","modified_gmt":"2024-01-10T01:01:09","slug":"abogados-especializados-en-accidentes-de-camiones-en-long-island-que-luchan-por-su-indemnizacion","status":"publish","type":"page","link":"https:\/\/montanarolaw.com\/es\/abogados-especializados-en-accidentes-de-camiones-en-long-island-que-luchan-por-su-indemnizacion\/","title":{"rendered":"Abogados especializados en accidentes de camiones en Long Island que luchan por su indemnizaci\u00f3n"},"content":{"rendered":"<h1>Abogados especializados en accidentes de camiones en Long Island que luchan por su indemnizaci\u00f3n<\/h1>\n<p>Puede que recuerde la primera vez que tuvo que conducir por la interestatal o la primera vez que tuvo que conducir al lado de un cami\u00f3n con remolque. Puede que recuerde lo r\u00e1pido que parec\u00edan ir los coches o lo peque\u00f1o que parec\u00eda su propio veh\u00edculo al lado del enorme cami\u00f3n. A medida que se sinti\u00f3 m\u00e1s c\u00f3modo conduciendo, probablemente esto se hizo m\u00e1s f\u00e1cil, pero eso no significa que el peligro fuera menor. Desafortunadamente, los accidentes de camiones son demasiado comunes en Long Island y sus alrededores, pero nuestro bufete puede representar a las v\u00edctimas de accidentes y sus intereses.   <\/p>\n<p>Si bien la mayor\u00eda de los camioneros son muy h\u00e1biles y atentos al conducir, si ocurre un accidente, los resultados pueden ser catastr\u00f3ficos cuando se trata de veh\u00edculos tan grandes. Si bien un accidente automovil\u00edstico puede ser solo un peque\u00f1o golpe, si tiene una colisi\u00f3n con un cami\u00f3n grande, las posibilidades de lesiones graves y da\u00f1os a su veh\u00edculo son mucho mayores. <\/p>\n<p>Cuando ocurre un accidente de cami\u00f3n, es importante saber que los tribunales de Nueva York brindan un espacio donde puede presentar una demanda para responsabilizar financieramente a la parte responsable por sus facturas m\u00e9dicas, el tiempo libre del trabajo y el dolor y el sufrimiento. Pero ese sistema judicial puede ser dif\u00edcil de navegar para aquellos que no est\u00e1n familiarizados con c\u00f3mo funciona y los pasos involucrados. <\/p>\n<p>Si est\u00e1 buscando un <a href=\"https:\/\/www.google.com\/maps?cid=3165837110749854167\" target=\"_blank\" rel=\"noopener\">abogado especializado en accidentes de cami\u00f3n<\/a> para representar sus intereses en un caso de lesiones personales, podemos ayudarle. Env\u00edenos un correo electr\u00f3nico o llame a nuestra oficina hoy mismo para obtener m\u00e1s informaci\u00f3n sobre sus opciones y los servicios de nuestro bufete de abogados. <\/p>\n<h2>\u00bfQu\u00e9 puede ocurrir en un accidente de cami\u00f3n?<\/h2>\n<p>Un accidente de cami\u00f3n es un incidente importante y puede ser uno de los tipos m\u00e1s graves de accidentes automovil\u00edsticos debido a la disparidad de tama\u00f1o entre un cami\u00f3n con remolque y un veh\u00edculo normal. Muchos de estos accidentes ocurren en la carretera, lo que puede significar que los impactos ocurren a velocidades m\u00e1s altas. Los accidentes de camiones pueden resultar en da\u00f1os importantes a su veh\u00edculo, incluyendo la p\u00e9rdida total, lesiones graves e incluso muertes. Estas son algunas de las formas comunes en que pueden ocurrir los accidentes de camiones:   <\/p>\n<ul>\n<li>Conductor que se va a la izquierda del centro<\/li>\n<li>Exceso de velocidad<\/li>\n<li>Equipo\/contenido de la carga que se desprende del cami\u00f3n y cae a la carretera o a su veh\u00edculo<\/li>\n<li>Conductor que pierde el control del cami\u00f3n al tomar una curva o al bajar una cuesta<\/li>\n<li>Conductor que se queda dormido al volante<\/li>\n<li>Conductor que opera el cami\u00f3n bajo la influencia de drogas o alcohol<\/li>\n<\/ul>\n<h2>Lesiones comunes por accidentes de camiones<\/h2>\n<p>Los accidentes de camiones a menudo vienen con lesiones graves. Si est\u00e1 considerando presentar una demanda por accidente de cami\u00f3n, es importante mantener registros de cualquier lesi\u00f3n que haya recibido como resultado del accidente y cualquier tratamiento m\u00e9dico y gastos continuos. El alcance total de las lesiones no siempre es evidente despu\u00e9s de los accidentes de camiones, por lo que es importante hablar con un abogado de lesiones por accidentes de camiones antes de hablar de nada con la compa\u00f1\u00eda de camiones o su compa\u00f1\u00eda de seguros. Lo que podr\u00eda parecer una lesi\u00f3n menor ahora podr\u00eda resultar ser algo que requiere tratamiento continuo y trae consigo facturas m\u00e9dicas crecientes. Estas son algunas de las posibles lesiones que pueden ocurrir como resultado de conductores de camiones negligentes:    <\/p>\n<ul>\n<li>Extremidades rotas<\/li>\n<li>Latigazo cervical<\/li>\n<li>Lesiones cerebrales traum\u00e1ticas<\/li>\n<li>Lesiones de la columna vertebral<\/li>\n<li>Cortes por vidrios rotos<\/li>\n<li>Par\u00e1lisis<\/li>\n<li>Hemorragia interna<\/li>\n<li>Pulm\u00f3n perforado<\/li>\n<\/ul>\n<p>No es raro que las v\u00edctimas de accidentes de camiones tengan lesiones que requieran fisioterapia prolongada o un tiempo significativo fuera del trabajo. Todo esto debe ser parte de sus consideraciones al discutir con su abogado si desea presentar un caso y por cu\u00e1nto presenta la demanda. <\/p>\n<h2>\u00bfQu\u00e9 debo hacer despu\u00e9s de un accidente de cami\u00f3n?<\/h2>\n<p>Inmediatamente despu\u00e9s de que ocurre un accidente de cami\u00f3n, la prioridad m\u00e1s importante es garantizar la seguridad de todos. Verifique si hay lesiones inmediatas y llame al 911. Si hay alg\u00fan l\u00edquido que gotea de los veh\u00edculos, al\u00e9jese lo m\u00e1s posible mientras espera a los socorristas.  <\/p>\n<p>Una vez que se cuida la seguridad inmediata de todos, es hora de empezar a hablar con la polic\u00eda. Es probable que tomen una declaraci\u00f3n de ambas partes y tomen fotograf\u00edas del accidente para su investigaci\u00f3n. Es importante en este punto que no admita la culpa. Tambi\u00e9n es posible que desee esperar hasta que haya hablado con un abogado de accidentes de cami\u00f3n para responder cualquier pregunta.   <\/p>\n<p>Si sufri\u00f3 lesiones en un accidente de cami\u00f3n, hablar con un abogado de accidentes de cami\u00f3n antes de hablar con cualquier otra persona puede garantizar que comprenda la mejor manera de proteger sus intereses y qu\u00e9 hacer para aumentar sus posibilidades de ganar si elige presentar un caso de lesiones personales. Los casos de accidentes de camiones a menudo involucran a grandes compa\u00f1\u00edas de camiones que tienen sus propios abogados de guardia para tratar de que se conforme con la compa\u00f1\u00eda de seguros, posiblemente por mucho menos de lo que podr\u00eda tener derecho. <\/p>\n<p>En MontanaroLaw P.C., podemos hablar con usted sobre su caso, exponer sus opciones para seguir adelante y hablar con la compa\u00f1\u00eda de seguros y el asesor legal de la otra parte por usted. Tambi\u00e9n podemos ayudarle a comprender mejor a qu\u00e9 cantidad de compensaci\u00f3n puede tener derecho y si ir a juicio o tratar de llegar a un acuerdo extrajudicial es la mejor opci\u00f3n. <\/p>\n<h2>\u00bfC\u00f3mo se determina la responsabilidad en un caso de accidente de cami\u00f3n?<\/h2>\n<p>Cuando se trata de determinar la responsabilidad en un caso de accidente de cami\u00f3n, hay varios factores que deben tenerse en cuenta. Primero, se tiene que determinar qui\u00e9n tuvo la culpa del accidente en s\u00ed. Si el camionero se sali\u00f3 de su carril y golpe\u00f3 su veh\u00edculo, esa es una situaci\u00f3n muy diferente a si alguien trat\u00f3 de incorporarse incorrectamente a la carretera frente a un cami\u00f3n sin suficiente espacio libre. La polic\u00eda har\u00e1 una investigaci\u00f3n para ayudar a determinar qui\u00e9n tuvo la culpa y emitir citaciones como resultado de esos hallazgos, pero cuando se trata de un caso de accidente de cami\u00f3n, la autoridad final es el juez.   <\/p>\n<p>Los casos de accidentes de camiones son un poco \u00fanicos en el sentido de que hay varias partes que podr\u00edan ser consideradas responsables. En los accidentes automovil\u00edsticos regulares, generalmente uno u otro conductor tiene la culpa. Pero con los accidentes de camiones, la parte culpable que se encuentra responsable podr\u00eda ser el camionero individual o la propia compa\u00f1\u00eda de camiones.  <\/p>\n<p>Si el camionero est\u00e1 operando el cami\u00f3n de manera insegura o va en contra de las pautas para el n\u00famero m\u00e1ximo de horas de conducci\u00f3n seguidas, podr\u00eda ser responsable. Sin embargo, si el accidente es causado por las pol\u00edticas de la compa\u00f1\u00eda de camiones o por negligencia de su parte, la propia compa\u00f1\u00eda podr\u00eda ser considerada responsable. <\/p>\n<p>Determinar la responsabilidad en un accidente de cami\u00f3n puede ser un proceso complicado. Un abogado especializado en accidentes de cami\u00f3n puede ayudarle a guiarle a trav\u00e9s del proceso y asegurarse de que tiene a alguien que pueda luchar para proteger sus derechos e intereses. <\/p>\n<h2>\u00bfQu\u00e9 sucede si se encuentra que el camionero tiene la culpa en un accidente de cami\u00f3n?<\/h2>\n<p>Si se encuentra que el camionero tiene la culpa del accidente, significa que podr\u00eda presentar un caso de lesiones personales contra \u00e9l. Un abogado especializado en accidentes de cami\u00f3n de Nueva York puede revisar su caso con usted, incluyendo detalles como a qui\u00e9n encontr\u00f3 la polic\u00eda que ten\u00eda la culpa y qu\u00e9 citaciones se emitieron. Si creen que tiene suficiente caso para seguir adelante en el sistema judicial civil, pueden ayudarle a determinar una cantidad apropiada de compensaci\u00f3n para pedir y representarle durante todo el proceso. Si gana el caso, el camionero estar\u00e1 obligado a pagarle la compensaci\u00f3n que el tribunal otorgue.   <\/p>\n<h2>\u00bfPor qu\u00e9 necesita un abogado para accidentes de camiones?<\/h2>\n<p>Contratar a un abogado especializado en accidentes de cami\u00f3n para que le represente puede ser el factor decisivo entre ganar o perder su caso. Cuando se enfrenta a una compa\u00f1\u00eda de camiones, puede ser una batalla cuesta arriba porque tienen sus propios abogados y los abogados que trabajan con su compa\u00f1\u00eda de seguros, a quienes utilizan exactamente para estas situaciones. Tener su propia representaci\u00f3n legal dedicada que tenga experiencia en trabajar en este tipo de casos y enfrentarse a las compa\u00f1\u00edas de camiones puede ayudarle a obtener la compensaci\u00f3n que merece.  <\/p>\n<h2>\u00bfCu\u00e1nto cuesta contratar a un abogado especializado en accidentes de cami\u00f3n?<\/h2>\n<p>La cantidad que cuesta contratar a un abogado especializado en accidentes de cami\u00f3n var\u00eda, y a menudo depende de la cantidad del acuerdo o la indemnizaci\u00f3n que obtenga de los tribunales. Muchos abogados de lesiones personales, incluidos los que toman casos de accidentes de camiones, trabajan sobre una base de contingencia. Esto significa que toman un porcentaje de su dinero otorgado como su pago. Esto es a menudo de beneficio para las v\u00edctimas porque significa que no pagan nada, o muy poco, por adelantado y solo tienen que preocuparse por pagar los honorarios del abogado si realmente ganan y obtienen la compensaci\u00f3n.   <\/p>\n<p>Cuando est\u00e9 hablando con abogados especializados en accidentes de cami\u00f3n, es importante aclarar cu\u00e1nto cobran y cu\u00e1les ser\u00e1n los t\u00e9rminos de esos pagos. En <a href=\"https:\/\/montanarolaw.com\/es\/\">MontanaroLaw P.C.<\/a>, sabemos que es importante ser transparentes sobre los precios y las tarifas, y es por eso que ofrecemos a nuestros clientes una consulta gratuita donde pueden obtener m\u00e1s informaci\u00f3n sobre nuestros servicios, c\u00f3mo podemos ayudar en su caso y c\u00f3mo es nuestra estructura de tarifas. <\/p>\n<h2>Elija MontanaroLaw p.c. como su abogado especializado en accidentes de cami\u00f3n<\/h2>\n<p>Las v\u00edctimas de accidentes de camiones que pueden enfrentarse al camionero, a la compa\u00f1\u00eda de camiones o a la compa\u00f1\u00eda de seguros necesitan una representaci\u00f3n con conocimientos. Nuestro equipo tiene experiencia con una variedad de casos de lesiones personales, incluyendo accidentes de camiones, por lo que podemos ayudarle a decidir sobre una estrategia de caso y representar sus intereses en los tribunales de Nueva York. Tenemos una reputaci\u00f3n de proporcionar asesoramiento eficaz y somos transparentes en c\u00f3mo podemos ayudar con su caso. Nuestro bufete tiene una oficina en Long Island, pero atiende a clientes en todas las \u00e1reas circundantes, incluyendo la ciudad de Nueva York y Massapequa.   <\/p>\n<p>Para hablar con un abogado especializado en accidentes de cami\u00f3n con experiencia sobre su caso u obtener m\u00e1s informaci\u00f3n sobre c\u00f3mo es buscar una compensaci\u00f3n a trav\u00e9s de los tribunales civiles de Nueva York, llame a nuestra oficina al (516) 203-1700 para hablar con un miembro de nuestro equipo. Un accidente de cami\u00f3n puede cambiar su vida, pero podemos ayudarle a obtener la compensaci\u00f3n a la que puede tener derecho para que pueda empezar a seguir adelante. <\/p>\n","protected":false},"excerpt":{"rendered":"<p>Abogados especializados en accidentes de camiones en Long Island que luchan por su indemnizaci\u00f3n Puede que recuerde la primera vez que tuvo que conducir por la interestatal o la primera vez que tuvo que conducir&#8230; <br \/><a class=\"read-more\" title=\"FULL STORY\" href=\"https:\/\/montanarolaw.com\/es\/abogados-especializados-en-accidentes-de-camiones-en-long-island-que-luchan-por-su-indemnizacion\/\">Read More<\/a><\/p>\n","protected":false},"author":1,"featured_media":0,"parent":0,"menu_order":0,"comment_status":"closed","ping_status":"closed","template":"","meta":{"_acf_changed":false,"inline_featured_image":false,"_genesis_hide_title":false,"_genesis_hide_breadcrumbs":false,"_genesis_hide_singular_image":false,"_genesis_hide_footer_widgets":false,"_genesis_custom_body_class":"","_genesis_custom_post_class":"","_genesis_layout":"","footnotes":""},"class_list":{"0":"post-179431","1":"page","2":"type-page","3":"status-publish","5":"entry"},"acf":[],"_links":{"self":[{"href":"https:\/\/montanarolaw.com\/es\/wp-json\/wp\/v2\/pages\/179431","targetHints":{"allow":["GET"]}}],"collection":[{"href":"https:\/\/montanarolaw.com\/es\/wp-json\/wp\/v2\/pages"}],"about":[{"href":"https:\/\/montanarolaw.com\/es\/wp-json\/wp\/v2\/types\/page"}],"author":[{"embeddable":true,"href":"https:\/\/montanarolaw.com\/es\/wp-json\/wp\/v2\/users\/1"}],"replies":[{"embeddable":true,"href":"https:\/\/montanarolaw.com\/es\/wp-json\/wp\/v2\/comments?post=179431"}],"version-history":[{"count":0,"href":"https:\/\/montanarolaw.com\/es\/wp-json\/wp\/v2\/pages\/179431\/revisions"}],"wp:attachment":[{"href":"https:\/\/montanarolaw.com\/es\/wp-json\/wp\/v2\/media?parent=179431"}],"curies":[{"name":"wp","href":"https:\/\/api.w.org\/{rel}","templated":true}]}}