{"id":179432,"date":"2024-01-09T20:01:09","date_gmt":"2024-01-10T01:01:09","guid":{"rendered":"https:\/\/montanarolaw.com\/abogados-de-bienes-raices-de-long-island-que-brindan-asesoramiento-para-transacciones-de-terrenos\/"},"modified":"2024-01-09T20:01:09","modified_gmt":"2024-01-10T01:01:09","slug":"abogados-de-bienes-raices-de-long-island-que-brindan-asesoramiento-para-transacciones-de-terrenos","status":"publish","type":"page","link":"https:\/\/montanarolaw.com\/es\/abogados-de-bienes-raices-de-long-island-que-brindan-asesoramiento-para-transacciones-de-terrenos\/","title":{"rendered":"Abogados de bienes ra\u00edces de Long Island que brindan asesoramiento para transacciones de terrenos"},"content":{"rendered":"<h1>Abogados de bienes ra\u00edces de Long Island que brindan asesoramiento para transacciones de terrenos<\/h1>\n<p>Si alguna vez ha participado en una transacci\u00f3n de bienes ra\u00edces, ya sabe que puede ser complicado, lento y estresante. Es una situaci\u00f3n de alta presi\u00f3n que involucra a varias partes y muchas piezas m\u00f3viles para realizar un seguimiento. <\/p>\n<p>Hay montones de papeleo para leer y firmar, y estas transacciones generalmente involucran grandes cantidades de dinero, lo que significa que hay mucho en juego. Y es por eso que es importante asegurarse de contar con una representaci\u00f3n legal experta que pueda guiarlo en cada paso del proceso. <\/p>\n<p>Ya sea que est\u00e9 interesado en bienes ra\u00edces comerciales o residenciales, MontanaroLaw P.C. puede ayudarlo con todo, desde contratos de compra hasta disputas de arrendamiento. Sabemos lo importante que es tener una buena relaci\u00f3n abogado-cliente, y trabajamos arduamente para brindarles a nuestros clientes el asesoramiento pr\u00e1ctico que necesitan y las soluciones efectivas que desean. <\/p>\n<p>Para obtener m\u00e1s informaci\u00f3n sobre los servicios de bienes ra\u00edces que brindamos y las \u00e1reas a las que servimos, cont\u00e1ctenos hoy mismo. Ofrecemos consultas gratuitas para que pueda asegurarse de que nuestra firma se adapte bien a sus necesidades. <\/p>\n<h2>\u00bfQu\u00e9 son los abogados de bienes ra\u00edces?<\/h2>\n<p>Los abogados de bienes ra\u00edces son abogados que han aprobado el examen de la barra estatal y brindan asesoramiento y servicios a los clientes relacionados con todas y cada una de las transacciones de bienes ra\u00edces. Esto puede incluir contratos de compraventa, acuerdos de arrendamiento o grav\u00e1menes de los mec\u00e1nicos. Los abogados de bienes ra\u00edces a menudo trabajan tanto en bienes ra\u00edces comerciales como residenciales.  <\/p>\n<p>Tenga en cuenta que un abogado de bienes ra\u00edces no es un sustituto de un agente de bienes ra\u00edces y que ambas profesiones son una parte importante de su equipo de apoyo durante las transacciones de bienes ra\u00edces.<\/p>\n<h2>\u00bfEn qu\u00e9 puede ayudar un abogado de bienes ra\u00edces?<\/h2>\n<p>Los <a href=\"https:\/\/www.google.com\/maps?cid=3165837110749854167\" target=\"_blank\" rel=\"noopener\">abogados de bienes ra\u00edces<\/a> pueden ayudar con cualquier cosa relacionada con las transacciones de bienes ra\u00edces residenciales, incluido el contrato de bienes ra\u00edces, los cierres de bienes ra\u00edces y las b\u00fasquedas de t\u00edtulos. En <a href=\"https:\/\/montanarolaw.com\/es\/\">MontanaroLaw P.C.<\/a>, nuestro Grupo de Pr\u00e1ctica de Bienes Ra\u00edces atiende a los clientes a trav\u00e9s de nuestra experiencia en desarrollo de bienes ra\u00edces, formaci\u00f3n de entidades, adquisici\u00f3n, finanzas, arrendamiento y derecho de la construcci\u00f3n. Brindamos servicios legales, asesoramiento y coordinaci\u00f3n para transacciones sofisticadas de bienes ra\u00edces que involucran a todos, desde propietarios individuales hasta desarrolladores y empresarios de bienes ra\u00edces.  <\/p>\n<p>Asesoramos a propietarios, contratistas generales y subcontratistas en relaci\u00f3n con edificios residenciales y comerciales, presentaciones, descargas y litigios de grav\u00e1menes de los mec\u00e1nicos. Nuestros abogados tambi\u00e9n practican la representaci\u00f3n de clientes propietarios e inquilinos en transacciones de arrendamiento y subarrendamiento y asesoran a los clientes en relaci\u00f3n con disputas y litigios entre propietarios e inquilinos. <\/p>\n<h2>\u00bfCu\u00e1nto cobran los abogados de bienes ra\u00edces?<\/h2>\n<p>Lo que cobra un abogado por brindar asesoramiento sobre un asunto de bienes ra\u00edces depende del bufete de abogados individual. Muchos servicios de rutina, como la revisi\u00f3n de los documentos de cierre o la comunicaci\u00f3n con el abogado del vendedor, se realizan sobre una base de tarifa plana. Las transacciones m\u00e1s complejas pueden cobrarse como un porcentaje del precio de compra.  <\/p>\n<p>Siempre es una buena idea discutir el monto de la tarifa y los t\u00e9rminos con cualquier abogado que est\u00e9 considerando antes de contratarlo. En el bufete de abogados de MontanaroLaw P.C., ofrecemos a nuestros clientes una consulta gratuita para que puedan comprender mejor c\u00f3mo podemos ayudar y qu\u00e9 pueden esperar en lo que respecta a las tarifas. <\/p>\n<h2>\u00bfC\u00f3mo ayudan los abogados de bienes ra\u00edces con la compra o venta de propiedades?<\/h2>\n<p>Los abogados de bienes ra\u00edces ayudan durante las ventas y compras de bienes ra\u00edces asegur\u00e1ndose de que todos los documentos sean precisos y reflejen las intenciones de las partes y las leyes estatales. Los abogados de bienes ra\u00edces tambi\u00e9n pueden trabajar con la compa\u00f1\u00eda de t\u00edtulos como parte del proceso de b\u00fasqueda de t\u00edtulos. <\/p>\n<p>Comprar o vender una casa conlleva una gran cantidad de papeleo, desde el acuerdo de compra y los documentos de t\u00edtulo hasta el paquete de cierre y la hipoteca en s\u00ed.<\/p>\n<p>Un abogado puede ser una parte invaluable para guiarlo a trav\u00e9s de estos pasos y explicar toda la informaci\u00f3n de una manera f\u00e1cilmente accesible.<\/p>\n<p>Por ejemplo, un abogado de bienes ra\u00edces de Queens puede realizar los siguientes servicios:<\/p>\n<ul>\n<li>Ayudar a redactar un acuerdo de compra<\/li>\n<li>Responder preguntas relacionadas con las leyes y regulaciones locales y estatales que rodean las transacciones de bienes ra\u00edces residenciales<\/li>\n<li>Asegurarse de que los contratos cumplan con los requisitos legales y sean claros y precisos<\/li>\n<li>Trabajar con el agente de bienes ra\u00edces para proteger los intereses del cliente<\/li>\n<li>Ayudar a los clientes a comprender sus obligaciones con respecto a los impuestos sobre la propiedad<\/li>\n<li>Comunicarse con el asesor legal de la otra parte<\/li>\n<li>Asistir al cierre<\/li>\n<\/ul>\n<h2>\u00bfEl arrendamiento es parte del derecho inmobiliario?<\/h2>\n<p>El arrendamiento es una parte importante del derecho inmobiliario, ya que implica la creaci\u00f3n y ejecuci\u00f3n de contratos de arrendamiento, as\u00ed como el manejo de disputas legales entre propietarios e inquilinos. Nuestros clientes propietarios e inquilinos conf\u00edan en nosotros para una representaci\u00f3n eficaz y pr\u00e1ctica en las transacciones de arrendamiento. <\/p>\n<p>Brindamos a nuestros clientes asesoramiento sofisticado y rentable en transacciones de arrendamiento tanto grandes como peque\u00f1as. Nos enorgullecemos de redactar y negociar arrendamientos. <\/p>\n<p>Mantenemos relaciones con profesionales de bienes ra\u00edces que nos mantienen informados de las decisiones, leyes y regulaciones locales y estatales para que podamos mantenernos a la vanguardia de la industria en todo momento.<\/p>\n<h2>\u00bfNecesito un abogado de bienes ra\u00edces?<\/h2>\n<p>Si bien la ley de Nueva York no exige tener un abogado de bienes ra\u00edces, siempre es una buena idea. Si est\u00e1 comprando o vendiendo una propiedad, un abogado de bienes ra\u00edces puede asegurarse de que los contratos sean precisos y de que todo lo que se requiere para ser legalmente vinculante est\u00e9 incluido. <\/p>\n<p>Su abogado tambi\u00e9n le brindar\u00e1 asesoramiento legal sobre si el contrato de bienes ra\u00edces refleja sus intereses. Si no es as\u00ed, pueden ayudarlo a redactar una nueva versi\u00f3n. <\/p>\n<p>Los abogados de bienes ra\u00edces tambi\u00e9n son especialmente beneficiosos para las transacciones de bienes ra\u00edces que involucran arrendamiento. Cuando usted es un propietario, conf\u00eda en que sus inquilinos cumplan con su parte del contrato de arrendamiento y cuiden su inversi\u00f3n, pero esto no siempre sucede. Cuando surge un problema, es mejor tener ya un abogado de bienes ra\u00edces con el que est\u00e9 familiarizado y que est\u00e9 listo para ayudar.  <\/p>\n<h2>La diferencia de MontanaroLaw P.C.<\/h2>\n<p>En MontanaroLaw P.C., nos esforzamos por asegurarnos de marcar todas las casillas que est\u00e1 buscando cuando busca abogados de bienes ra\u00edces. Brindamos una comunicaci\u00f3n abierta y honesta, nos enfocamos en la relaci\u00f3n abogado-cliente y tenemos la experiencia para guiarlo desde la oferta hasta el cierre. Trabajamos tanto con compradores como con vendedores y estamos bien informados sobre los aspectos comerciales del arrendamiento y los bienes ra\u00edces comerciales.  <\/p>\n<p>Si est\u00e1 buscando un abogado de bienes ra\u00edces en el \u00e1rea metropolitana de Long Island, comun\u00edquese con nuestro equipo en MontanaroLaw P.C. llamando al (516) 203-1700 hoy mismo. Puede programar una consulta gratuita para obtener m\u00e1s informaci\u00f3n sobre nuestros servicios y lo que nos diferencia de otras firmas. <\/p>\n","protected":false},"excerpt":{"rendered":"<p>Abogados de bienes ra\u00edces de Long Island que brindan asesoramiento para transacciones de terrenos Si alguna vez ha participado en una transacci\u00f3n de bienes ra\u00edces, ya sabe que puede ser complicado, lento y estresante. Es&#8230; <br \/><a class=\"read-more\" title=\"FULL STORY\" href=\"https:\/\/montanarolaw.com\/es\/abogados-de-bienes-raices-de-long-island-que-brindan-asesoramiento-para-transacciones-de-terrenos\/\">Read More<\/a><\/p>\n","protected":false},"author":1,"featured_media":0,"parent":0,"menu_order":0,"comment_status":"closed","ping_status":"closed","template":"","meta":{"_acf_changed":false,"inline_featured_image":false,"_genesis_hide_title":false,"_genesis_hide_breadcrumbs":false,"_genesis_hide_singular_image":false,"_genesis_hide_footer_widgets":false,"_genesis_custom_body_class":"","_genesis_custom_post_class":"","_genesis_layout":"","footnotes":""},"class_list":{"0":"post-179432","1":"page","2":"type-page","3":"status-publish","5":"entry"},"acf":[],"_links":{"self":[{"href":"https:\/\/montanarolaw.com\/es\/wp-json\/wp\/v2\/pages\/179432","targetHints":{"allow":["GET"]}}],"collection":[{"href":"https:\/\/montanarolaw.com\/es\/wp-json\/wp\/v2\/pages"}],"about":[{"href":"https:\/\/montanarolaw.com\/es\/wp-json\/wp\/v2\/types\/page"}],"author":[{"embeddable":true,"href":"https:\/\/montanarolaw.com\/es\/wp-json\/wp\/v2\/users\/1"}],"replies":[{"embeddable":true,"href":"https:\/\/montanarolaw.com\/es\/wp-json\/wp\/v2\/comments?post=179432"}],"version-history":[{"count":0,"href":"https:\/\/montanarolaw.com\/es\/wp-json\/wp\/v2\/pages\/179432\/revisions"}],"wp:attachment":[{"href":"https:\/\/montanarolaw.com\/es\/wp-json\/wp\/v2\/media?parent=179432"}],"curies":[{"name":"wp","href":"https:\/\/api.w.org\/{rel}","templated":true}]}}