{"id":179433,"date":"2025-10-03T11:14:07","date_gmt":"2025-10-03T15:14:07","guid":{"rendered":"https:\/\/montanarolaw.com\/formulario-de-inscripcion-al-evento\/"},"modified":"2025-10-03T11:14:07","modified_gmt":"2025-10-03T15:14:07","slug":"formulario-de-inscripcion-al-evento","status":"publish","type":"page","link":"https:\/\/montanarolaw.com\/es\/formulario-de-inscripcion-al-evento\/","title":{"rendered":"Formulario de inscripci\u00f3n al evento"},"content":{"rendered":"<h1>Inscripci\u00f3n al evento<\/h1>\n\n<div class=\"wpcf7 no-js\" id=\"wpcf7-f179493-o1\" lang=\"es-ES\" dir=\"ltr\" data-wpcf7-id=\"179493\">\n<div class=\"screen-reader-response\"><p role=\"status\" aria-live=\"polite\" aria-atomic=\"true\"><\/p> <ul><\/ul><\/div>\n<form action=\"\/es\/wp-json\/wp\/v2\/pages\/179433#wpcf7-f179493-o1\" method=\"post\" class=\"wpcf7-form init\" aria-label=\"Formulario de contacto\" novalidate=\"novalidate\" data-status=\"init\">\n<fieldset class=\"hidden-fields-container\"><input type=\"hidden\" name=\"_wpcf7\" value=\"179493\" \/><input type=\"hidden\" name=\"_wpcf7_version\" value=\"6.1.5\" \/><input type=\"hidden\" name=\"_wpcf7_locale\" value=\"es_ES\" \/><input type=\"hidden\" name=\"_wpcf7_unit_tag\" value=\"wpcf7-f179493-o1\" \/><input type=\"hidden\" name=\"_wpcf7_container_post\" value=\"0\" \/><input type=\"hidden\" name=\"_wpcf7_posted_data_hash\" value=\"\" \/><input type=\"hidden\" name=\"_wpcf7_recaptcha_response\" value=\"\" \/>\n<\/fieldset>\n<p><label>Seleccionar evento<br \/>\n<span class=\"wpcf7-form-control-wrap\" data-name=\"EP_DATE\"><select class=\"wpcf7-form-control wpcf7-select wpcf7-validates-as-required\" aria-required=\"true\" aria-invalid=\"false\" name=\"EP_DATE\"><option value=\"\">Seleccione un evento<\/option><option value=\"Consulta general\">Consulta general<\/option><option value=\"19 de enero de 2026: A\u00f1o nuevo, plan nuevo\">19 de enero de 2026: A\u00f1o nuevo, plan nuevo<\/option><option value=\"10 de febrero de 2026: Amor, matrimonio y protecci\u00f3n legal\">10 de febrero de 2026: Amor, matrimonio y protecci\u00f3n legal<\/option><option value=\"10 de marzo de 2026: Una buena planificaci\u00f3n es mejor que la buena suerte\">10 de marzo de 2026: Una buena planificaci\u00f3n es mejor que la buena suerte<\/option><option value=\"14 de abril de 2026: Ad\u00e9ntrese en la jubilaci\u00f3n\">14 de abril de 2026: Ad\u00e9ntrese en la jubilaci\u00f3n<\/option><option value=\"11 de mayo de 2026: Creaci\u00f3n de mejores negocios\">11 de mayo de 2026: Creaci\u00f3n de mejores negocios<\/option><option value=\"2 de junio de 2026: Proteja su verano de las multas\">2 de junio de 2026: Proteja su verano de las multas<\/option><option value=\"14 de julio de 2026: Beber y conducir\">14 de julio de 2026: Beber y conducir<\/option><option value=\"10 de agosto de 2026: Planificaci\u00f3n patrimonial para estudiantes universitarios\">10 de agosto de 2026: Planificaci\u00f3n patrimonial para estudiantes universitarios<\/option><option value=\"15 de septiembre de 2026: Vuelta al trabajo\">15 de septiembre de 2026: Vuelta al trabajo<\/option><option value=\"20 de octubre de 2026: La pesadilla del proceso sucesorio\">20 de octubre de 2026: La pesadilla del proceso sucesorio<\/option><option value=\"9 de noviembre de 2026: Agradecidos por la protecci\u00f3n\">9 de noviembre de 2026: Agradecidos por la protecci\u00f3n<\/option><option value=\"8 de diciembre de 2026: El Grinch que rob\u00f3 su herencia\">8 de diciembre de 2026: El Grinch que rob\u00f3 su herencia<\/option><\/select><\/span><br \/>\n<\/label>\n<\/p>\n<p><label>Nombre*<br \/>\n<span class=\"wpcf7-form-control-wrap\" data-name=\"FIRSTNAME\"><input size=\"40\" maxlength=\"400\" class=\"wpcf7-form-control wpcf7-text wpcf7-validates-as-required\" aria-required=\"true\" aria-invalid=\"false\" placeholder=\"Introduzca su nombre\" value=\"\" type=\"text\" name=\"FIRSTNAME\" \/><\/span><br \/>\n<\/label>\n<\/p>\n<p><label>Apellido*<br \/>\n<span class=\"wpcf7-form-control-wrap\" data-name=\"LASTNAME\"><input size=\"40\" maxlength=\"400\" class=\"wpcf7-form-control wpcf7-text wpcf7-validates-as-required\" aria-required=\"true\" aria-invalid=\"false\" placeholder=\"Introduzca su apellido\" value=\"\" type=\"text\" name=\"LASTNAME\" \/><\/span><br \/>\n<\/label>\n<\/p>\n<p><label>Correo electr\u00f3nico*<br \/>\n<span class=\"wpcf7-form-control-wrap\" data-name=\"EMAIL\"><input size=\"40\" maxlength=\"400\" class=\"wpcf7-form-control wpcf7-email wpcf7-validates-as-required wpcf7-text wpcf7-validates-as-email\" aria-required=\"true\" aria-invalid=\"false\" placeholder=\"introduzca su correo electr\u00f3nico\" value=\"\" type=\"email\" name=\"EMAIL\" \/><\/span><br \/>\n<\/label>\n<\/p>\n<p><label>N\u00famero de tel\u00e9fono*<br \/>\n<span class=\"wpcf7-form-control-wrap\" data-name=\"PHONE\"><input size=\"40\" maxlength=\"400\" class=\"wpcf7-form-control wpcf7-tel wpcf7-validates-as-required wpcf7-text wpcf7-validates-as-tel\" aria-required=\"true\" aria-invalid=\"false\" placeholder=\"Introduzca su n\u00famero de tel\u00e9fono\" value=\"\" type=\"tel\" name=\"PHONE\" \/><\/span><br \/>\n<\/label><br \/>\n<label>Seleccionar traducci\u00f3n<br \/>\n<span class=\"wpcf7-form-control-wrap\" data-name=\"TRANSLATION\"><select class=\"wpcf7-form-control wpcf7-select\" aria-invalid=\"false\" name=\"TRANSLATION\"><option value=\"\">--- Seleccionar traducci\u00f3n ---<\/option><option value=\"Ingl\u00e9s (no se necesita traducci\u00f3n)\">Ingl\u00e9s (no se necesita traducci\u00f3n)<\/option><option value=\"Traducci\u00f3n al espa\u00f1ol\">Traducci\u00f3n al espa\u00f1ol<\/option><\/select><\/span><\/label>\n<\/p>\n<p><label class=\"disclaimer\"><br \/>\n<span class=\"wpcf7-form-control-wrap\" data-name=\"acceptance-988\"><span class=\"wpcf7-form-control wpcf7-acceptance\"><span class=\"wpcf7-list-item\"><label><input type=\"checkbox\" name=\"acceptance-988\" value=\"1\" aria-invalid=\"false\" \/><span class=\"wpcf7-list-item-label\">Al enviar este formulario, usted consiente la recopilaci\u00f3n y el uso de su informaci\u00f3n para el registro de eventos y las comunicaciones relacionadas. Su informaci\u00f3n tambi\u00e9n puede ser utilizada para enviarle actualizaciones, boletines o invitaciones a futuros eventos organizados por MontanaroLaw. Respetamos su privacidad y no compartiremos su informaci\u00f3n con terceros sin su consentimiento. Puede cancelar su suscripci\u00f3n a nuestras comunicaciones en cualquier momento siguiendo las instrucciones incluidas en nuestros correos electr\u00f3nicos.   \n\nEl env\u00edo de este formulario no crea una relaci\u00f3n abogado-cliente. La representaci\u00f3n legal solo puede establecerse mediante un acuerdo firmado. Puede consultar nuestra pol\u00edtica de privacidad <a href=\"https:\/\/montanarolaw.com\/privacy-policy\/%20\" target=\"_blank\">aqu\u00ed<\/a>.<\/span><\/label><\/span><\/span><\/span><br \/>\n<\/label>\n<\/p>\n<div style=\"position:relative;\">\n\t<p><input class=\"wpcf7-form-control wpcf7-submit has-spinner\" type=\"submit\" value=\"Registrarse\" \/>\n\t<\/p>\n<\/div><p style=\"display: none !important;\" class=\"akismet-fields-container\" data-prefix=\"_wpcf7_ak_\"><label>&#916;<textarea name=\"_wpcf7_ak_hp_textarea\" cols=\"45\" rows=\"8\" maxlength=\"100\"><\/textarea><\/label><input type=\"hidden\" id=\"ak_js_1\" name=\"_wpcf7_ak_js\" value=\"119\"\/><script>document.getElementById( \"ak_js_1\" ).setAttribute( \"value\", ( new Date() ).getTime() );<\/script><\/p><div class=\"wpcf7-response-output\" aria-hidden=\"true\"><\/div>\n<\/form>\n<\/div>\n\n","protected":false},"excerpt":{"rendered":"<p>Inscripci\u00f3n al evento<\/p>\n","protected":false},"author":6,"featured_media":0,"parent":0,"menu_order":0,"comment_status":"closed","ping_status":"closed","template":"","meta":{"_acf_changed":false,"inline_featured_image":false,"_genesis_hide_title":false,"_genesis_hide_breadcrumbs":false,"_genesis_hide_singular_image":false,"_genesis_hide_footer_widgets":false,"_genesis_custom_body_class":"","_genesis_custom_post_class":"","_genesis_layout":"","footnotes":""},"class_list":{"0":"post-179433","1":"page","2":"type-page","3":"status-publish","5":"entry"},"acf":[],"_links":{"self":[{"href":"https:\/\/montanarolaw.com\/es\/wp-json\/wp\/v2\/pages\/179433","targetHints":{"allow":["GET"]}}],"collection":[{"href":"https:\/\/montanarolaw.com\/es\/wp-json\/wp\/v2\/pages"}],"about":[{"href":"https:\/\/montanarolaw.com\/es\/wp-json\/wp\/v2\/types\/page"}],"author":[{"embeddable":true,"href":"https:\/\/montanarolaw.com\/es\/wp-json\/wp\/v2\/users\/6"}],"replies":[{"embeddable":true,"href":"https:\/\/montanarolaw.com\/es\/wp-json\/wp\/v2\/comments?post=179433"}],"version-history":[{"count":0,"href":"https:\/\/montanarolaw.com\/es\/wp-json\/wp\/v2\/pages\/179433\/revisions"}],"wp:attachment":[{"href":"https:\/\/montanarolaw.com\/es\/wp-json\/wp\/v2\/media?parent=179433"}],"curies":[{"name":"wp","href":"https:\/\/api.w.org\/{rel}","templated":true}]}}