{"id":179437,"date":"2025-01-14T15:24:50","date_gmt":"2025-01-14T20:24:50","guid":{"rendered":"https:\/\/montanarolaw.com\/asistentes-legales\/"},"modified":"2025-01-14T15:24:50","modified_gmt":"2025-01-14T20:24:50","slug":"asistentes-legales","status":"publish","type":"page","link":"https:\/\/montanarolaw.com\/es\/asistentes-legales\/","title":{"rendered":"Asistentes legales"},"content":{"rendered":"<h2><strong>Asistentes legales<\/strong><\/h2>\n<h3><strong>Resumen del puesto:<\/strong><\/h3>\n<p>MontanaroLaw busca asistentes legales dedicados para apoyar a nuestros abogados en la prestaci\u00f3n de servicios legales excepcionales. Este puesto es vital para el \u00e9xito de nuestro equipo legal y ofrece oportunidades de crecimiento profesional. <\/p>\n<p>&nbsp;<\/p>\n<h3><strong>Funciones espec\u00edficas:<\/strong><\/h3>\n<ul>\n<li>Preparar documentos legales, correspondencia y expedientes de casos.<\/li>\n<li>Realizar investigaciones legales exhaustivas y ayudar en la preparaci\u00f3n de casos.<\/li>\n<li>Mantener y organizar los expedientes de los casos y garantizar que la documentaci\u00f3n est\u00e9 actualizada.<\/li>\n<li>Colaborar con los abogados para garantizar la finalizaci\u00f3n oportuna y precisa de las tareas.<\/li>\n<\/ul>\n<p>&nbsp;<\/p>\n<h3><strong>Requisitos m\u00ednimos:<\/strong><\/h3>\n<ul>\n<li>T\u00edtulo de grado o certificaci\u00f3n de asistente legal.<\/li>\n<li>S\u00f3lidas habilidades de organizaci\u00f3n y gesti\u00f3n del tiempo.<\/li>\n<li>Dominio de la investigaci\u00f3n legal y del software de oficina.<\/li>\n<\/ul>\n<p>&nbsp;<\/p>\n<h3><strong>Cualificaciones preferentes:<\/strong><\/h3>\n<ul>\n<li>1-2 a\u00f1os de experiencia en un entorno legal.<\/li>\n<li>Familiaridad con la terminolog\u00eda y los procesos legales.<\/li>\n<\/ul>\n<p>&nbsp;<\/p>\n<h3><strong>Para presentar la solicitud:<\/strong><\/h3>\n<p>Env\u00ede su curr\u00edculum vitae y carta de presentaci\u00f3n haciendo clic en el bot\u00f3n \u00abSolicitar ahora\u00bb que aparece a continuaci\u00f3n.<\/p>\n<h3><a href=\"mailto:resume@montanarolaw.com\">Solicitar ahora<\/a><\/h3>\n","protected":false},"excerpt":{"rendered":"<p>Asistentes legales Resumen del puesto: MontanaroLaw busca asistentes legales dedicados para apoyar a nuestros abogados en la prestaci\u00f3n de servicios legales excepcionales. Este puesto es vital para el \u00e9xito de nuestro equipo legal y ofrece&#8230; <br \/><a class=\"read-more\" title=\"FULL STORY\" href=\"https:\/\/montanarolaw.com\/es\/asistentes-legales\/\">Read More<\/a><\/p>\n","protected":false},"author":5,"featured_media":0,"parent":0,"menu_order":0,"comment_status":"closed","ping_status":"closed","template":"","meta":{"_acf_changed":false,"inline_featured_image":false,"_genesis_hide_title":false,"_genesis_hide_breadcrumbs":false,"_genesis_hide_singular_image":false,"_genesis_hide_footer_widgets":false,"_genesis_custom_body_class":"","_genesis_custom_post_class":"","_genesis_layout":"","footnotes":""},"class_list":{"0":"post-179437","1":"page","2":"type-page","3":"status-publish","5":"entry"},"acf":[],"_links":{"self":[{"href":"https:\/\/montanarolaw.com\/es\/wp-json\/wp\/v2\/pages\/179437","targetHints":{"allow":["GET"]}}],"collection":[{"href":"https:\/\/montanarolaw.com\/es\/wp-json\/wp\/v2\/pages"}],"about":[{"href":"https:\/\/montanarolaw.com\/es\/wp-json\/wp\/v2\/types\/page"}],"author":[{"embeddable":true,"href":"https:\/\/montanarolaw.com\/es\/wp-json\/wp\/v2\/users\/5"}],"replies":[{"embeddable":true,"href":"https:\/\/montanarolaw.com\/es\/wp-json\/wp\/v2\/comments?post=179437"}],"version-history":[{"count":0,"href":"https:\/\/montanarolaw.com\/es\/wp-json\/wp\/v2\/pages\/179437\/revisions"}],"wp:attachment":[{"href":"https:\/\/montanarolaw.com\/es\/wp-json\/wp\/v2\/media?parent=179437"}],"curies":[{"name":"wp","href":"https:\/\/api.w.org\/{rel}","templated":true}]}}