{"id":179498,"date":"2025-01-14T15:24:05","date_gmt":"2025-01-14T20:24:05","guid":{"rendered":"https:\/\/montanarolaw.com\/auxiliares-legales\/"},"modified":"2025-01-14T15:24:05","modified_gmt":"2025-01-14T20:24:05","slug":"auxiliares-legales","status":"publish","type":"page","link":"https:\/\/montanarolaw.com\/es\/auxiliares-legales\/","title":{"rendered":"Auxiliares legales"},"content":{"rendered":"<h2><strong>Auxiliares legales<\/strong><\/h2>\n<h3><strong>Resumen del puesto:<\/strong><\/h3>\n<p>MontanaroLaw busca Asistentes Legales altamente organizados para proporcionar apoyo administrativo y legal a nuestro equipo. Este puesto es ideal para personas que buscan crecer dentro de la profesi\u00f3n legal. <\/p>\n<p>&nbsp;<\/p>\n<h3><strong>Funciones espec\u00edficas:<\/strong><\/h3>\n<ul>\n<li>Programe citas y mantenga los calendarios de los abogados.<\/li>\n<li>Prepare la correspondencia legal y ayude con la presentaci\u00f3n de casos.<\/li>\n<li>Responda a las preguntas de los clientes y proporcione actualizaciones sobre el estado de los casos.<\/li>\n<li>Organice y mantenga los archivos electr\u00f3nicos y f\u00edsicos.<\/li>\n<\/ul>\n<p>&nbsp;<\/p>\n<h3><strong>Requisitos m\u00ednimos:<\/strong><\/h3>\n<ul>\n<li>T\u00edtulo de bachillerato o equivalente; se prefiere un t\u00edtulo de asociado.<\/li>\n<li>Excelentes habilidades de comunicaci\u00f3n y organizaci\u00f3n.<\/li>\n<li>Dominio del software de oficina (por ejemplo, Microsoft Office, software de gesti\u00f3n de casos legales).<\/li>\n<\/ul>\n<p>&nbsp;<\/p>\n<h3><strong>Cualificaciones preferidas:<\/strong><\/h3>\n<ul>\n<li>Experiencia previa en un puesto legal o administrativo.<\/li>\n<li>Familiaridad con los procedimientos de presentaci\u00f3n legal y los sistemas judiciales.<\/li>\n<\/ul>\n<p>&nbsp;<\/p>\n<h3><strong>Para presentar la solicitud:<\/strong><\/h3>\n<p>Env\u00ede su curr\u00edculum vitae y carta de presentaci\u00f3n haciendo clic en el bot\u00f3n \u00abSolicitar ahora\u00bb que aparece a continuaci\u00f3n.<\/p>\n<h3><a href=\"mailto:resume@montanarolaw.com\">Solicitar ahora<\/a><\/h3>\n","protected":false},"excerpt":{"rendered":"<p>Auxiliares legales Resumen del puesto: MontanaroLaw busca Asistentes Legales altamente organizados para proporcionar apoyo administrativo y legal a nuestro equipo. Este puesto es ideal para personas que buscan crecer dentro de la profesi\u00f3n legal. &nbsp;&#8230; <br \/><a class=\"read-more\" title=\"FULL STORY\" href=\"https:\/\/montanarolaw.com\/es\/auxiliares-legales\/\">Read More<\/a><\/p>\n","protected":false},"author":5,"featured_media":0,"parent":0,"menu_order":0,"comment_status":"closed","ping_status":"closed","template":"","meta":{"_acf_changed":false,"inline_featured_image":false,"_genesis_hide_title":false,"_genesis_hide_breadcrumbs":false,"_genesis_hide_singular_image":false,"_genesis_hide_footer_widgets":false,"_genesis_custom_body_class":"","_genesis_custom_post_class":"","_genesis_layout":"","footnotes":""},"class_list":{"0":"post-179498","1":"page","2":"type-page","3":"status-publish","5":"entry"},"acf":[],"_links":{"self":[{"href":"https:\/\/montanarolaw.com\/es\/wp-json\/wp\/v2\/pages\/179498","targetHints":{"allow":["GET"]}}],"collection":[{"href":"https:\/\/montanarolaw.com\/es\/wp-json\/wp\/v2\/pages"}],"about":[{"href":"https:\/\/montanarolaw.com\/es\/wp-json\/wp\/v2\/types\/page"}],"author":[{"embeddable":true,"href":"https:\/\/montanarolaw.com\/es\/wp-json\/wp\/v2\/users\/5"}],"replies":[{"embeddable":true,"href":"https:\/\/montanarolaw.com\/es\/wp-json\/wp\/v2\/comments?post=179498"}],"version-history":[{"count":0,"href":"https:\/\/montanarolaw.com\/es\/wp-json\/wp\/v2\/pages\/179498\/revisions"}],"wp:attachment":[{"href":"https:\/\/montanarolaw.com\/es\/wp-json\/wp\/v2\/media?parent=179498"}],"curies":[{"name":"wp","href":"https:\/\/api.w.org\/{rel}","templated":true}]}}