{"id":179499,"date":"2025-01-14T15:23:33","date_gmt":"2025-01-14T20:23:33","guid":{"rendered":"https:\/\/montanarolaw.com\/abogados-y-asesores\/"},"modified":"2025-01-14T15:23:33","modified_gmt":"2025-01-14T20:23:33","slug":"abogados-y-asesores","status":"publish","type":"page","link":"https:\/\/montanarolaw.com\/es\/abogados-y-asesores\/","title":{"rendered":"Abogados y asesores"},"content":{"rendered":"<h2><strong>Abogados y asesores (nivel inicial)<\/strong><\/h2>\n<h3><strong>Resumen del puesto:<\/strong><\/h3>\n<p>\u00danase a MontanaroLaw como abogado reci\u00e9n admitido en el estado de Nueva York y comience su carrera legal en un bufete din\u00e1mico y emprendedor. Este puesto ofrece tutor\u00eda, desarrollo de habilidades y experiencia legal en el mundo real, al tiempo que fomenta su crecimiento como profesional del derecho. Si tiene menos de 2 a\u00f1os de experiencia, este puesto ofrece un entorno de apoyo para ayudarle a construir la base de una carrera legal exitosa.  <\/p>\n<p>&nbsp;<\/p>\n<h3><strong>Funciones espec\u00edficas:<\/strong><\/h3>\n<ul>\n<li>Asistir a los abogados s\u00e9nior con la investigaci\u00f3n, la redacci\u00f3n y la preparaci\u00f3n de documentos legales como mociones, demandas y contratos.<\/li>\n<li>Interactuar con los clientes para recopilar informaci\u00f3n y proporcionar actualizaciones bajo la supervisi\u00f3n de abogados experimentados.<\/li>\n<li>Participar en sesiones de estrategia y obtener exposici\u00f3n a diversas disciplinas legales.<\/li>\n<li>Garantizar el cumplimiento de las normas legales y mantener el compromiso de la empresa con un servicio de alta calidad.<\/li>\n<\/ul>\n<p>&nbsp;<\/p>\n<h3><strong>Requisitos m\u00ednimos:<\/strong><\/h3>\n<ul>\n<li>Estar admitido en el Colegio de Abogados del Estado de Nueva York.<\/li>\n<li>S\u00f3lidas credenciales acad\u00e9micas y habilidades anal\u00edticas.<\/li>\n<li>Excelentes habilidades de comunicaci\u00f3n verbal y escrita.<\/li>\n<\/ul>\n<p>&nbsp;<\/p>\n<h3><strong>Cualificaciones preferidas:<\/strong><\/h3>\n<ul>\n<li>Experiencia en pr\u00e1cticas o pasant\u00edas en un entorno legal.<\/li>\n<li>Pasi\u00f3n por las pr\u00e1cticas legales empresariales e innovadoras.<\/li>\n<\/ul>\n<p>&nbsp;<\/p>\n<h3><strong>Para presentar la solicitud:<\/strong><\/h3>\n<p>Env\u00ede su curr\u00edculum vitae y carta de presentaci\u00f3n haciendo clic en el bot\u00f3n \u00abSolicitar ahora\u00bb que aparece a continuaci\u00f3n.<\/p>\n<h3><a href=\"mailto:resume@montanarolaw.com\">Solicitar ahora<\/a><\/h3>\n<h2><\/h2>\n<p>&nbsp;<\/p>\n<p>&nbsp;<\/p>\n<h2><strong>Abogados y asesores (con experiencia)<\/strong><\/h2>\n<h3><strong>Resumen del puesto:<\/strong><\/h3>\n<p>MontanaroLaw busca abogados con experiencia de 2 a 5 a\u00f1os de pr\u00e1ctica para unirse a nuestro equipo emprendedor. Este puesto ofrece oportunidades para asumir responsabilidades de liderazgo, desarrollar su experiencia y construir una s\u00f3lida cartera de negocios. <\/p>\n<p>&nbsp;<\/p>\n<h3><strong>Funciones espec\u00edficas:<\/strong><\/h3>\n<ul>\n<li>Redactar y argumentar mociones, demandas y otros documentos legales.<\/li>\n<li>Gestionar las relaciones con los clientes y proporcionar asesoramiento en diversos asuntos legales.<\/li>\n<li>Colaborar con el equipo en las estrategias de los casos y garantizar que se cumplan los plazos.<\/li>\n<\/ul>\n<p>&nbsp;<\/p>\n<h3><strong>Requisitos m\u00ednimos:<\/strong><\/h3>\n<ul>\n<li>Estar admitido en el Colegio de Abogados del Estado de Nueva York.<\/li>\n<li>2-5 a\u00f1os de experiencia legal, incluyendo la redacci\u00f3n de mociones y la interacci\u00f3n con los clientes.<\/li>\n<li>S\u00f3lidas habilidades de liderazgo e interpersonales.<\/li>\n<\/ul>\n<p>&nbsp;<\/p>\n<h3><strong>Cualificaciones preferidas:<\/strong><\/h3>\n<ul>\n<li>Capacidad demostrada para manejar casos o proyectos de forma independiente.<\/li>\n<li>Experiencia en el desarrollo de negocios y la adquisici\u00f3n de clientes.<\/li>\n<\/ul>\n<p>&nbsp;<\/p>\n<h3><strong>Para presentar la solicitud:<\/strong><\/h3>\n<p>Env\u00ede su curr\u00edculum vitae y carta de presentaci\u00f3n haciendo clic en el bot\u00f3n \u00abSolicitar ahora\u00bb que aparece a continuaci\u00f3n.<\/p>\n<h3><a href=\"mailto:resume@montanarolaw.com\">Solicitar ahora<\/a><\/h3>\n","protected":false},"excerpt":{"rendered":"<p>Abogados y asesores (nivel inicial) Resumen del puesto: \u00danase a MontanaroLaw como abogado reci\u00e9n admitido en el estado de Nueva York y comience su carrera legal en un bufete din\u00e1mico y emprendedor. Este puesto ofrece&#8230; <br \/><a class=\"read-more\" title=\"FULL STORY\" href=\"https:\/\/montanarolaw.com\/es\/abogados-y-asesores\/\">Read More<\/a><\/p>\n","protected":false},"author":5,"featured_media":0,"parent":0,"menu_order":0,"comment_status":"closed","ping_status":"closed","template":"","meta":{"_acf_changed":false,"inline_featured_image":false,"_genesis_hide_title":false,"_genesis_hide_breadcrumbs":false,"_genesis_hide_singular_image":false,"_genesis_hide_footer_widgets":false,"_genesis_custom_body_class":"","_genesis_custom_post_class":"","_genesis_layout":"","footnotes":""},"class_list":{"0":"post-179499","1":"page","2":"type-page","3":"status-publish","5":"entry"},"acf":[],"_links":{"self":[{"href":"https:\/\/montanarolaw.com\/es\/wp-json\/wp\/v2\/pages\/179499","targetHints":{"allow":["GET"]}}],"collection":[{"href":"https:\/\/montanarolaw.com\/es\/wp-json\/wp\/v2\/pages"}],"about":[{"href":"https:\/\/montanarolaw.com\/es\/wp-json\/wp\/v2\/types\/page"}],"author":[{"embeddable":true,"href":"https:\/\/montanarolaw.com\/es\/wp-json\/wp\/v2\/users\/5"}],"replies":[{"embeddable":true,"href":"https:\/\/montanarolaw.com\/es\/wp-json\/wp\/v2\/comments?post=179499"}],"version-history":[{"count":0,"href":"https:\/\/montanarolaw.com\/es\/wp-json\/wp\/v2\/pages\/179499\/revisions"}],"wp:attachment":[{"href":"https:\/\/montanarolaw.com\/es\/wp-json\/wp\/v2\/media?parent=179499"}],"curies":[{"name":"wp","href":"https:\/\/api.w.org\/{rel}","templated":true}]}}