{"id":179500,"date":"2024-01-26T18:44:34","date_gmt":"2024-01-26T23:44:34","guid":{"rendered":"https:\/\/montanarolaw.com\/condiciones-del-servicio\/"},"modified":"2024-01-26T18:44:34","modified_gmt":"2024-01-26T23:44:34","slug":"condiciones-del-servicio","status":"publish","type":"page","link":"https:\/\/montanarolaw.com\/es\/condiciones-del-servicio\/","title":{"rendered":"Condiciones del servicio"},"content":{"rendered":"<h1>Condiciones del servicio<\/h1>\n<p>\u00daltima actualizaci\u00f3n: 3 de noviembre de 2022<\/p>\n<p>Lea atentamente estas Condiciones de uso (las \u201cCondiciones\u201d) antes de utilizar el sitio web https:\/\/montanarolaw.com (el \u201cServicio\u201d) operado por MontanaroLaw P.C. (\u201cnosotros\u201d, \u201cnos\u201d o \u201cnuestro\u201d).<\/p>\n<p>Su acceso y uso del Servicio est\u00e1n condicionados a su aceptaci\u00f3n y cumplimiento de estas Condiciones. Estas Condiciones se aplican a todos los visitantes, usuarios y otras personas que accedan o utilicen el Servicio. <\/p>\n<p>Al acceder o utilizar el Servicio, usted acepta quedar vinculado por estas Condiciones. Si no est\u00e1 de acuerdo con alguna parte de las condiciones, no podr\u00e1 acceder al Servicio. <\/p>\n<h2>Propiedad intelectual<\/h2>\n<p>El Servicio y su contenido, caracter\u00edsticas y funcionalidad originales son y seguir\u00e1n siendo propiedad exclusiva de MontanaroLaw P.C. y sus licenciantes.<\/p>\n<h2>Enlaces a otros sitios web<\/h2>\n<p>Nuestro Servicio puede contener enlaces a sitios web o servicios de terceros que no son propiedad ni est\u00e1n controlados por MontanaroLaw P.C.<\/p>\n<p>MontanaroLaw P.C. no tiene control sobre el contenido, las pol\u00edticas de privacidad o las pr\u00e1cticas de los sitios web o servicios de terceros, y no asume ninguna responsabilidad por ellos. Adem\u00e1s, usted reconoce y acepta que MontanaroLaw P.C. no ser\u00e1 responsable, directa o indirectamente, de ning\u00fan da\u00f1o o p\u00e9rdida causada o supuestamente causada por o en relaci\u00f3n con el uso o la confianza en dicho contenido, bienes o servicios disponibles en o a trav\u00e9s de dichos sitios web o servicios. <\/p>\n<p>Le recomendamos encarecidamente que lea los t\u00e9rminos y condiciones y las pol\u00edticas de privacidad de los sitios web o servicios de terceros que visite.<\/p>\n<h2>Rescisi\u00f3n<\/h2>\n<p>Podemos rescindir o suspender el acceso a nuestro Servicio inmediatamente, sin previo aviso ni responsabilidad, por cualquier motivo, incluyendo, entre otros, el incumplimiento de las Condiciones.<\/p>\n<p>Todas las disposiciones de las Condiciones que por su naturaleza deban seguir vigentes tras la rescisi\u00f3n seguir\u00e1n vigentes tras la rescisi\u00f3n, incluyendo, entre otras, las disposiciones de propiedad, las exenciones de responsabilidad de la garant\u00eda, la indemnizaci\u00f3n y las limitaciones de responsabilidad.<\/p>\n<h2>Descargo de responsabilidad<\/h2>\n<p>El uso del Servicio es por su cuenta y riesgo. El Servicio se proporciona \u201cTAL CUAL\u201d y \u201cSEG\u00daN DISPONIBILIDAD\u201d. El Servicio se proporciona sin garant\u00edas de ning\u00fan tipo, ya sean expresas o impl\u00edcitas, incluyendo, entre otras, las garant\u00edas impl\u00edcitas de comerciabilidad, idoneidad para un prop\u00f3sito particular, no infracci\u00f3n o curso de ejecuci\u00f3n.  <\/p>\n<h2>Legislaci\u00f3n aplicable<\/h2>\n<p>Estas Condiciones se regir\u00e1n e interpretar\u00e1n de acuerdo con las leyes de Estados Unidos, sin tener en cuenta sus disposiciones sobre conflicto de leyes.<\/p>\n<p>El hecho de que no hagamos valer alg\u00fan derecho o disposici\u00f3n de estas Condiciones no se considerar\u00e1 una renuncia a dichos derechos. Si alguna disposici\u00f3n de estas Condiciones se considera inv\u00e1lida o inaplicable por un tribunal, las restantes disposiciones de estas Condiciones seguir\u00e1n en vigor. Estas Condiciones constituyen el acuerdo completo entre nosotros con respecto a nuestro Servicio, y sustituyen y reemplazan cualquier acuerdo anterior que podamos haber tenido entre nosotros con respecto al Servicio.  <\/p>\n<h2>Cambios<\/h2>\n<p>Nos reservamos el derecho, a nuestra entera discreci\u00f3n, de modificar o reemplazar estas Condiciones en cualquier momento. Si una revisi\u00f3n es importante, intentaremos avisarle con al menos 30 d\u00edas de antelaci\u00f3n a la entrada en vigor de las nuevas condiciones. Lo que constituye un cambio importante se determinar\u00e1 a nuestra entera discreci\u00f3n.  <\/p>\n<p>Al continuar accediendo o utilizando nuestro Servicio despu\u00e9s de que esas revisiones entren en vigor, usted acepta quedar vinculado por las condiciones revisadas. Si no est\u00e1 de acuerdo con las nuevas condiciones, deje de utilizar el Servicio. <\/p>\n<h2>Cont\u00e1ctenos<\/h2>\n<p>Si tiene alguna pregunta sobre estas Condiciones, p\u00f3ngase en contacto con nosotros.<\/p>\n","protected":false},"excerpt":{"rendered":"<p>Condiciones del servicio \u00daltima actualizaci\u00f3n: 3 de noviembre de 2022 Lea atentamente estas Condiciones de uso (las \u201cCondiciones\u201d) antes de utilizar el sitio web https:\/\/montanarolaw.com (el \u201cServicio\u201d) operado por MontanaroLaw P.C. (\u201cnosotros\u201d, \u201cnos\u201d o \u201cnuestro\u201d)&#8230;. <br \/><a class=\"read-more\" title=\"FULL STORY\" href=\"https:\/\/montanarolaw.com\/es\/condiciones-del-servicio\/\">Read More<\/a><\/p>\n","protected":false},"author":1,"featured_media":0,"parent":0,"menu_order":0,"comment_status":"closed","ping_status":"closed","template":"","meta":{"_acf_changed":false,"inline_featured_image":false,"_genesis_hide_title":false,"_genesis_hide_breadcrumbs":false,"_genesis_hide_singular_image":false,"_genesis_hide_footer_widgets":false,"_genesis_custom_body_class":"","_genesis_custom_post_class":"","_genesis_layout":"","footnotes":""},"class_list":{"0":"post-179500","1":"page","2":"type-page","3":"status-publish","5":"entry"},"acf":[],"_links":{"self":[{"href":"https:\/\/montanarolaw.com\/es\/wp-json\/wp\/v2\/pages\/179500","targetHints":{"allow":["GET"]}}],"collection":[{"href":"https:\/\/montanarolaw.com\/es\/wp-json\/wp\/v2\/pages"}],"about":[{"href":"https:\/\/montanarolaw.com\/es\/wp-json\/wp\/v2\/types\/page"}],"author":[{"embeddable":true,"href":"https:\/\/montanarolaw.com\/es\/wp-json\/wp\/v2\/users\/1"}],"replies":[{"embeddable":true,"href":"https:\/\/montanarolaw.com\/es\/wp-json\/wp\/v2\/comments?post=179500"}],"version-history":[{"count":0,"href":"https:\/\/montanarolaw.com\/es\/wp-json\/wp\/v2\/pages\/179500\/revisions"}],"wp:attachment":[{"href":"https:\/\/montanarolaw.com\/es\/wp-json\/wp\/v2\/media?parent=179500"}],"curies":[{"name":"wp","href":"https:\/\/api.w.org\/{rel}","templated":true}]}}