{"id":359,"date":"2024-01-16T13:32:07","date_gmt":"2024-01-16T18:32:07","guid":{"rendered":"https:\/\/montanarolaw1.wpenginepowered.com\/nuestro-equipo\/"},"modified":"2026-03-27T12:01:45","modified_gmt":"2026-03-27T16:01:45","slug":"nuestro-equipo","status":"publish","type":"page","link":"https:\/\/montanarolaw.com\/es\/nuestro-equipo\/","title":{"rendered":"Nuestro equipo"},"content":{"rendered":"<div id=\"pl-218\" class=\"panel-layout\">\n<div id=\"pg-218-0\" class=\"panel-grid panel-no-style\">\n<div id=\"pgc-218-0-0\" class=\"panel-grid-cell\" data-weight=\"1\">\n<div id=\"panel-218-0-0-0\" class=\"so-panel widget widget_sow-editor panel-first-child panel-last-child\" data-index=\"0\" data-style=\"{&quot;background_image_attachment&quot;:false,&quot;background_display&quot;:&quot;tile&quot;,&quot;background_image_size&quot;:&quot;full&quot;,&quot;background_image_opacity&quot;:&quot;100&quot;,&quot;border_thickness&quot;:&quot;1px&quot;}\">\n<div class=\"so-widget-sow-editor so-widget-sow-editor-base\">\n<div class=\"siteorigin-widget-tinymce textwidget\">\n<div class=\"Team-Page-Row\">\n<div class=\"Attorney_Div\">\n<div class=\"Image-Div\"><a href=\"https:\/\/montanarolaw.com\/es\/mark-montanaro-esq\/\"><img loading=\"lazy\" decoding=\"async\" class=\"alignnone\" src=\"\/wp-content\/uploads\/2024\/05\/MarkM-scaled.webp\" alt=\"\" width=\"403\" height=\"504\"><\/a><\/div>\n<div class=\"Text-Div\">\n<div class=\"Title\">Mark Montanaro<\/div>\n<p class=\"P12\">Abogado administrador<\/p>\n<div class=\"Button-Div\"><a href=\"https:\/\/montanarolaw.com\/es\/mark-montanaro-esq\/\">Ver biograf\u00eda<\/a><\/div>\n<\/div>\n<\/div>\n<div class=\"Attorney_Div\">\n<div class=\"Image-Div\"><img loading=\"lazy\" decoding=\"async\" class=\"\" src=\"\/wp-content\/uploads\/2024\/02\/marcelo-buitrago-esq.png.webp.webp\" alt=\"\" width=\"403\" height=\"504\"><\/div>\n<div class=\"Text-Div\">\n<div class=\"Title\">Marcelo A. Buitrago<\/div>\n<p class=\"P12\">Asesor especial<\/p>\n<div class=\"Button-Div\"><a href=\"#\">Ver biograf\u00eda<\/a><\/div>\n<\/div>\n<\/div>\n<div class=\"Attorney_Div\">\n<div class=\"Image-Div\"><img loading=\"lazy\" decoding=\"async\" class=\"\" src=\"\/wp-content\/uploads\/2024\/01\/dummy-person.jpg.webp\" alt=\"\" width=\"403\" height=\"504\"><\/div>\n<div class=\"Text-Div\">\n<div class=\"Title\">Christopher Graziano<\/div>\n<p class=\"P12\">Asesor especial<\/p>\n<div class=\"Button-Div\"><a href=\"#\">Ver biograf\u00eda<\/a><\/div>\n<\/div>\n<\/div>\n<div class=\"Attorney_Div\">\n<div class=\"Image-Div\"><img loading=\"lazy\" decoding=\"async\" src=\"\/wp-content\/uploads\/2024\/01\/dummy-person.jpg.webp\" alt=\"\" width=\"400\" height=\"514\"><\/div>\n<div class=\"Text-Div\">\n<div class=\"Title\">Madelyne Lopez<\/div>\n<p class=\"P12\">Asistente legal s\u00e9nior<\/p>\n<div class=\"Button-Div\"><a href=\"#\">Ver biograf\u00eda<\/a><\/div>\n<\/div>\n<\/div>\n<div class=\"Attorney_Div\">\n<div class=\"Image-Div\"><img loading=\"lazy\" decoding=\"async\" class=\"alignnone wp-image-8143\" src=\"https:\/\/montanarolaw.com\/wp-content\/uploads\/2024\/09\/JOA-W-270x300.png\" alt=\"\" width=\"400\" height=\"514\"><\/div>\n<div class=\"Text-Div\">\n<div class=\"Title\">Joanna Morales<\/div>\n<p class=\"P12\">Asistente legal | Responsable de oficina<\/p>\n<div class=\"Button-Div\"><a href=\"#\">Ver biograf\u00eda<\/a><\/div>\n<\/div>\n<\/div>\n<div class=\"Attorney_Div\">\n<div class=\"Image-Div\"><img loading=\"lazy\" decoding=\"async\" class=\"alignnone wp-image-179298\" src=\"https:\/\/montanarolaw.com\/wp-content\/uploads\/2025\/09\/CYN-W-LOW-KB-233x300.png\" alt=\"\" width=\"400\" height=\"514\" srcset=\"https:\/\/montanarolaw.com\/wp-content\/uploads\/2025\/09\/CYN-W-LOW-KB-233x300.png 233w, https:\/\/montanarolaw.com\/wp-content\/uploads\/2025\/09\/CYN-W-LOW-KB.png 256w\" sizes=\"auto, (max-width: 400px) 100vw, 400px\" \/><\/div>\n<div class=\"Text-Div\">\n<div class=\"Title\">Cynthia Hernandez<\/div>\n<p class=\"P12\">Responsable de marketing<\/p>\n<div class=\"Button-Div\"><a href=\"#\">Ver biograf\u00eda<\/a><\/div>\n<\/div>\n<\/div>\n<div class=\"Attorney_Div\">\n<div class=\"Text-Div\">\n<div class=\"Button-Div\"><img loading=\"lazy\" decoding=\"async\" class=\"alignnone wp-image-179301\" src=\"https:\/\/montanarolaw.com\/wp-content\/uploads\/2025\/09\/Silvio-New-Photo-W-233x300.png\" alt=\"\" width=\"400\" height=\"500\"><\/div>\n<\/div>\n<\/div>\n<div class=\"Attorney_Div\">\n<div class=\"Text-Div\">\n<div class=\"Title\">Silvio Jimenez<\/div>\n<p class=\"P12\">Paralegal | Gestor de casos<\/p>\n<div class=\"Button-Div\"><a href=\"#\">Ver biograf\u00eda<\/a><\/div>\n<\/div>\n<\/div>\n<div class=\"Attorney_Div\">\n<div class=\"Image-Div\"><img loading=\"lazy\" decoding=\"async\" src=\"\/wp-content\/uploads\/2024\/01\/dummy-person.jpg.webp\" alt=\"\" width=\"400\" height=\"500\"><\/div>\n<\/div>\n<div class=\"Attorney_Div\">\n<div class=\"Text-Div\">\n<div class=\"Title\">Rachel D&#8217;Amato<\/div>\n<p class=\"P12\">Asistente legal | Gestor de casos<\/p>\n<div class=\"Button-Div\"><a href=\"#\">Ver biograf\u00eda<\/a><\/div>\n<\/div>\n<\/div>\n<div class=\"Attorney_Div\">\n<div class=\"Image-Div\"><img loading=\"lazy\" decoding=\"async\" src=\"\/wp-content\/uploads\/2024\/01\/dummy-person.jpg.webp\" alt=\"\" width=\"400\" height=\"500\"><\/div>\n<div class=\"Text-Div\">\n<div class=\"Title\">Veronica Arenas<\/div>\n<p class=\"P12\">Especialista en redes sociales<\/p>\n<\/div>\n<\/div>\n","protected":false},"excerpt":{"rendered":"<p>Mark Montanaro Abogado administrador Ver biograf\u00eda Marcelo A. Buitrago Asesor especial Ver biograf\u00eda Christopher Graziano Asesor especial Ver biograf\u00eda Madelyne Lopez Asistente legal s\u00e9nior Ver biograf\u00eda Joanna Morales Asistente legal | Responsable de oficina Ver&#8230; <br \/><a class=\"read-more\" title=\"FULL STORY\" href=\"https:\/\/montanarolaw.com\/es\/nuestro-equipo\/\">Read More<\/a><\/p>\n","protected":false},"author":1,"featured_media":0,"parent":0,"menu_order":0,"comment_status":"closed","ping_status":"closed","template":"","meta":{"_acf_changed":false,"inline_featured_image":false,"_genesis_hide_title":false,"_genesis_hide_breadcrumbs":false,"_genesis_hide_singular_image":false,"_genesis_hide_footer_widgets":false,"_genesis_custom_body_class":"","_genesis_custom_post_class":"","_genesis_layout":"","footnotes":""},"class_list":{"0":"post-359","1":"page","2":"type-page","3":"status-publish","5":"entry"},"acf":[],"_links":{"self":[{"href":"https:\/\/montanarolaw.com\/es\/wp-json\/wp\/v2\/pages\/359","targetHints":{"allow":["GET"]}}],"collection":[{"href":"https:\/\/montanarolaw.com\/es\/wp-json\/wp\/v2\/pages"}],"about":[{"href":"https:\/\/montanarolaw.com\/es\/wp-json\/wp\/v2\/types\/page"}],"author":[{"embeddable":true,"href":"https:\/\/montanarolaw.com\/es\/wp-json\/wp\/v2\/users\/1"}],"replies":[{"embeddable":true,"href":"https:\/\/montanarolaw.com\/es\/wp-json\/wp\/v2\/comments?post=359"}],"version-history":[{"count":0,"href":"https:\/\/montanarolaw.com\/es\/wp-json\/wp\/v2\/pages\/359\/revisions"}],"wp:attachment":[{"href":"https:\/\/montanarolaw.com\/es\/wp-json\/wp\/v2\/media?parent=359"}],"curies":[{"name":"wp","href":"https:\/\/api.w.org\/{rel}","templated":true}]}}