{"id":363,"date":"2024-01-16T13:37:25","date_gmt":"2024-01-16T18:37:25","guid":{"rendered":"https:\/\/montanarolaw1.wpenginepowered.com\/mark-montanaro-esq\/"},"modified":"2025-10-12T23:15:09","modified_gmt":"2025-10-13T03:15:09","slug":"mark-montanaro-esq","status":"publish","type":"page","link":"https:\/\/montanarolaw.com\/es\/mark-montanaro-esq\/","title":{"rendered":"Mark Montanaro Esq"},"content":{"rendered":"<h1>Mark Montanaro, Esq.<\/h1>\n<div class=\"Inner-Image-Right\"><img loading=\"lazy\" decoding=\"async\" class=\"alignnone size-medium wp-image-3555\" src=\"https:\/\/montanarolaw.com\/wp-content\/uploads\/2024\/05\/MarkM-239x300.webp\" alt=\"\" width=\"239\" height=\"300\" srcset=\"https:\/\/montanarolaw.com\/wp-content\/uploads\/2024\/05\/MarkM-239x300.webp 239w, https:\/\/montanarolaw.com\/wp-content\/uploads\/2024\/05\/MarkM-815x1024.webp 815w, https:\/\/montanarolaw.com\/wp-content\/uploads\/2024\/05\/MarkM-768x965.webp 768w, https:\/\/montanarolaw.com\/wp-content\/uploads\/2024\/05\/MarkM-1223x1536.webp 1223w, https:\/\/montanarolaw.com\/wp-content\/uploads\/2024\/05\/MarkM-1630x2048.webp 1630w, https:\/\/montanarolaw.com\/wp-content\/uploads\/2024\/05\/MarkM-scaled.webp 2038w\" sizes=\"auto, (max-width: 239px) 100vw, 239px\" \/><\/div>\n<p>Mark Montanaro dirige el bufete MontanaroLaw, P.C., y ha personalizado la pr\u00e1ctica del bufete para atender ampliamente las necesidades de las personas con mentalidad empresarial. Al trabajar con j\u00f3venes empresarios compuestos por artistas, productores, empresas emergentes de Internet, desarrolladores de aplicaciones m\u00f3viles y otras peque\u00f1as empresas, el Sr. Montanaro aporta a sus clientes no s\u00f3lo conocimientos jur\u00eddicos, sino tambi\u00e9n una estrategia comercial y de marketing. Mark asesora a peque\u00f1as empresas y clientes particulares en relaci\u00f3n con complejas negociaciones contractuales en \u00e1mbitos como el inmobiliario, la propiedad intelectual, los derechos sobre medios digitales, el entretenimiento, las licencias de software y \u00e1reas relacionadas con el derecho mercantil, incluida la compraventa de empresas. La experiencia y la pr\u00e1ctica continuada de Montanaro en estas \u00e1reas permiten a los clientes del bufete beneficiarse de una amplia gama de servicios relacionados con las diversas cuestiones jur\u00eddicas a las que se enfrentan en sus negocios.<\/p>\n<p>El Sr. Montanaro es un emprendedor en serie apasionado por el marketing, la tecnolog\u00eda, la innovaci\u00f3n social y la ayuda a los dem\u00e1s. Ha participado activamente en la industria del entretenimiento y el esp\u00edritu empresarial mucho antes de licenciarse en Derecho. Como miembro del Colegio de Abogados del Estado de Nueva York, el Sr. Montanaro representa regularmente a peque\u00f1as empresas y empresarios en cuestiones comerciales y jur\u00eddicas generales que van desde la creaci\u00f3n de empresas hasta los derechos de autor y de marca y el derecho de publicidad y marketing.<\/p>\n<p>Mark tambi\u00e9n gestiona el \u00e1rea de asesor\u00eda jur\u00eddica general del bufete, lo que permite a las empresas disfrutar de todas las ventajas de un abogado interno con talento y experiencia a cambio de una tarifa plana mensual asequible.<\/p>\n<p>El Sr. Montanaro afirma: \u00abEs un gran placer ayudar tanto a j\u00f3venes aspirantes a empresarios como a los que ya est\u00e1n establecidos. Los empresarios deben tener una relaci\u00f3n de trabajo con sus abogados. Con demasiada frecuencia, los empresarios evitan llamar a sus abogados porque temen la factura que les va a pasar por pedir consejo. Nosotros les evitamos ese problema. Nuestro bufete ofrece tarifas planas asequibles y bajas tarifas por hora, lo que cambiar\u00e1 la forma en que las empresas se sienten con respecto a su abogado y les ayudar\u00e1 en su crecimiento utilizando nuestra experiencia.\u00bb<\/p>\n<p>Mark es invitado con frecuencia a formar parte de paneles en los que se debaten temas como las redes sociales, los sorteos y el derecho de las promociones. Es profesor de Derecho mercantil, profesor adjunto en el Briarcliffe College y asesor de la organizaci\u00f3n Start-Ups de la Universidad de Hofstra, en la que j\u00f3venes aspirantes a empresarios aprenden sobre negocios a trav\u00e9s de experiencias pr\u00e1cticas.<\/p>\n<p>Montanaro se licenci\u00f3 en Comunicaci\u00f3n con especializaci\u00f3n en Derecho Mercantil por la Universidad de Hofstra. Posteriormente, se doctor\u00f3 en Derecho por la Facultad de Derecho de la Universidad de Hofstra.<\/p>\n<p>Mark Montanaro est\u00e1 habilitado para ejercer en Nueva York. Mientras no ejerce la abogac\u00eda, es \u00e1rbitro profesional en las ligas de b\u00e9isbol aficionado de Long Island.<\/p>\n<h2>\u00a0Educaci\u00f3n<\/h2>\n<ul>\n<li>Doctor en Derecho por la Facultad de Derecho de la Universidad de Hofstra<\/li>\n<li>B.A. Universidad de Hofstra<\/li>\n<\/ul>\n<h2>\u00a0 Acceso a la abogac\u00eda y a los tribunales<\/h2>\n<ul>\n<li>Nueva York, Segundo Departamento<\/li>\n<\/ul>\n<h2>\u00a0 Publicaciones<\/h2>\n<ul>\n<li>Los j\u00f3venes abogados recelan de la participaci\u00f3n en el Colegio<\/li>\n<li>New York Law Journal 2016<\/li>\n<\/ul>\n<h2>\u00a0 Orador habitual<\/h2>\n<ul>\n<li>Mark da conferencias con frecuencia por todo el pa\u00eds sobre temas relacionados con el Derecho de la publicidad y el marketing promocional, as\u00ed como con el esp\u00edritu empresarial y la creaci\u00f3n de peque\u00f1as empresas.<\/li>\n<\/ul>\n<h2>\u00a0 Afiliaciones profesionales y comunitarias<\/h2>\n<ul>\n<li>Asociaci\u00f3n Americana de Abogados<\/li>\n<li>Colegio de Abogados del Estado de Nueva York<\/li>\n<li>Colegio de Abogados del Condado de Nassau<\/li>\n<li>La C\u00e1mara de Comercio de las Massapequas<\/li>\n<li>Asociaci\u00f3n Christopher Morley Knothole<\/li>\n<\/ul>\n","protected":false},"excerpt":{"rendered":"<p>Mark Montanaro, Esq. Mark Montanaro dirige el bufete MontanaroLaw, P.C., y ha personalizado la pr\u00e1ctica del bufete para atender ampliamente las necesidades de las personas con mentalidad empresarial. Al trabajar con j\u00f3venes empresarios compuestos por&#8230; <br \/><a class=\"read-more\" title=\"FULL STORY\" href=\"https:\/\/montanarolaw.com\/es\/mark-montanaro-esq\/\">Read More<\/a><\/p>\n","protected":false},"author":2,"featured_media":0,"parent":0,"menu_order":0,"comment_status":"closed","ping_status":"closed","template":"","meta":{"_acf_changed":false,"inline_featured_image":false,"_genesis_hide_title":false,"_genesis_hide_breadcrumbs":false,"_genesis_hide_singular_image":false,"_genesis_hide_footer_widgets":false,"_genesis_custom_body_class":"","_genesis_custom_post_class":"","_genesis_layout":"","footnotes":""},"class_list":{"0":"post-363","1":"page","2":"type-page","3":"status-publish","5":"entry"},"acf":[],"_links":{"self":[{"href":"https:\/\/montanarolaw.com\/es\/wp-json\/wp\/v2\/pages\/363","targetHints":{"allow":["GET"]}}],"collection":[{"href":"https:\/\/montanarolaw.com\/es\/wp-json\/wp\/v2\/pages"}],"about":[{"href":"https:\/\/montanarolaw.com\/es\/wp-json\/wp\/v2\/types\/page"}],"author":[{"embeddable":true,"href":"https:\/\/montanarolaw.com\/es\/wp-json\/wp\/v2\/users\/2"}],"replies":[{"embeddable":true,"href":"https:\/\/montanarolaw.com\/es\/wp-json\/wp\/v2\/comments?post=363"}],"version-history":[{"count":0,"href":"https:\/\/montanarolaw.com\/es\/wp-json\/wp\/v2\/pages\/363\/revisions"}],"wp:attachment":[{"href":"https:\/\/montanarolaw.com\/es\/wp-json\/wp\/v2\/media?parent=363"}],"curies":[{"name":"wp","href":"https:\/\/api.w.org\/{rel}","templated":true}]}}