{"id":366,"date":"2024-01-16T14:03:49","date_gmt":"2024-01-16T19:03:49","guid":{"rendered":"https:\/\/montanarolaw1.wpenginepowered.com\/propuesta-de-valor\/"},"modified":"2025-10-31T04:28:22","modified_gmt":"2025-10-31T08:28:22","slug":"propuesta-de-valor","status":"publish","type":"page","link":"https:\/\/montanarolaw.com\/es\/propuesta-de-valor\/","title":{"rendered":"Valores fundamentales"},"content":{"rendered":"<p class=\"cvGsUA direction-ltr align-start para-style-body\"><span class=\"OYPEnA font-feature-liga-off font-feature-clig-off font-feature-calt-off text-decoration-none text-strikethrough-none\">En MontanaroLaw, es evidente que no somos solo un bufete de abogados t\u00edpico; somos un equipo profundamente involucrado en la vida de nuestros clientes. Al cruzar nuestras puertas, se puede percibir una cultura construida sobre algo m\u00e1s que la mera experiencia. Cada miembro del equipo, desde la recepci\u00f3n hasta los abogados, conoce a nuestros clientes a la perfecci\u00f3n, se comunica entre s\u00ed y proporciona actualizaciones para garantizar que los clientes nunca se sientan desinformados. Nuestro enfoque se centra en ofrecer una experiencia excepcional no solo a trav\u00e9s de una gesti\u00f3n cualificada, sino tambi\u00e9n preocup\u00e1ndonos genuinamente por cada persona detr\u00e1s de cada caso.   <\/span><\/p>\n<p>&nbsp;<\/p>\n<h3 class=\"cvGsUA direction-ltr align-start para-style-body\"><span class=\"OYPEnA font-feature-liga-off font-feature-clig-off font-feature-calt-off text-decoration-none text-strikethrough-none\">Nuestros valores fundamentales:<\/span><\/h3>\n<h1 class=\"cvGsUA direction-ltr align-center para-style-body\" style=\"text-align: center;\"><span class=\"OYPEnA font-feature-liga-off font-feature-clig-off font-feature-calt-off text-decoration-none text-strikethrough-none\">PROTEGER<\/span><\/h1>\n<p class=\"cvGsUA direction-ltr align-start para-style-body\"><span class=\"OYPEnA font-feature-liga-off font-feature-clig-off font-feature-calt-off text-decoration-none text-strikethrough-none\">Cada letra de <strong>\u201cPROTEGER\u201d<\/strong> representa los principios fundamentales que definen nuestro bufete:<\/span><\/p>\n<ul>\n<li><span class=\"OYPEnA font-feature-liga-off font-feature-clig-off font-feature-calt-off text-decoration-none text-strikethrough-none\"><strong>Conexi\u00f3n personal:<\/strong> Construir relaciones genuinas con nuestros clientes.<\/span><\/li>\n<li><span class=\"OYPEnA font-feature-liga-off font-feature-clig-off font-feature-calt-off text-decoration-none text-strikethrough-none\"><strong>Respeto:<\/strong> Mantener el respeto mutuo en cada interacci\u00f3n<em>.<\/em><\/span><\/li>\n<li><span class=\"OYPEnA font-feature-liga-off font-feature-clig-off font-feature-calt-off text-decoration-none text-strikethrough-none\"><strong>Resultados sobresalientes:<\/strong> Esforzarse por superar las expectativas en cada caso.<\/span><\/li>\n<li><span class=\"OYPEnA font-feature-liga-off font-feature-clig-off font-feature-calt-off text-decoration-none text-strikethrough-none\"><strong>Confiable:<\/strong> Demostrar fiabilidad e integridad en todo momento.<\/span><\/li>\n<li><span class=\"OYPEnA font-feature-liga-off font-feature-clig-off font-feature-calt-off text-decoration-none text-strikethrough-none\"><strong>Servicio excepcional:<\/strong> Proporcionar una atenci\u00f3n de alta calidad y centrada en el cliente.<\/span><\/li>\n<li><span class=\"OYPEnA font-feature-liga-off font-feature-clig-off font-feature-calt-off text-decoration-none text-strikethrough-none\"><strong>Compromiso:<\/strong> Mantenernos dedicados a nuestros clientes y miembros del equipo.<\/span><\/li>\n<li><span class=\"OYPEnA font-feature-liga-off font-feature-clig-off font-feature-calt-off text-decoration-none text-strikethrough-none\"><strong>Orientado al equipo<\/strong>: Colaborar eficazmente para lograr los mejores resultados.<\/span><\/li>\n<\/ul>\n<p>&nbsp;<\/p>\n<h3 class=\"cvGsUA direction-ltr align-start para-style-body\"><span class=\"OYPEnA font-feature-liga-off font-feature-clig-off font-feature-calt-off text-decoration-none text-strikethrough-none\">Nuestra v\u00edvida visi\u00f3n:<\/span><\/h3>\n<p class=\"cvGsUA direction-ltr align-start para-style-body\"><span class=\"OYPEnA font-feature-liga-off font-feature-clig-off font-feature-calt-off text-decoration-none text-strikethrough-none\">En MontanaroLaw, no solo trabajamos con un plan, sino que operamos con una V\u00edvida Visi\u00f3n del futuro. Esta visi\u00f3n es una hoja de ruta detallada de hacia d\u00f3nde se dirige nuestro bufete, qu\u00e9 pretendemos lograr y c\u00f3mo planeamos crecer junto con nuestros clientes y la comunidad. <\/span><\/p>\n<h2 class=\"cvGsUA direction-ltr align-center para-style-body\" style=\"text-align: center;\"><a href=\"https:\/\/montanarolaw.com\/wp-content\/uploads\/2025\/02\/Client-Vivid-Vision.pdf\"><span class=\"OYPEnA font-feature-liga-off font-feature-clig-off font-feature-calt-off text-decoration-underline text-strikethrough-none\">Ver nuestra v\u00edvida visi\u00f3n<\/span><\/a><\/h2>\n","protected":false},"excerpt":{"rendered":"<p>En MontanaroLaw, es evidente que no somos solo un bufete de abogados t\u00edpico; somos un equipo profundamente involucrado en la vida de nuestros clientes. Al cruzar nuestras puertas, se puede percibir una cultura construida sobre&#8230; <br \/><a class=\"read-more\" title=\"FULL STORY\" href=\"https:\/\/montanarolaw.com\/es\/propuesta-de-valor\/\">Read More<\/a><\/p>\n","protected":false},"author":1,"featured_media":0,"parent":0,"menu_order":0,"comment_status":"closed","ping_status":"closed","template":"","meta":{"_acf_changed":false,"inline_featured_image":false,"_genesis_hide_title":false,"_genesis_hide_breadcrumbs":false,"_genesis_hide_singular_image":false,"_genesis_hide_footer_widgets":false,"_genesis_custom_body_class":"","_genesis_custom_post_class":"","_genesis_layout":"","footnotes":""},"class_list":{"0":"post-366","1":"page","2":"type-page","3":"status-publish","5":"entry"},"acf":[],"_links":{"self":[{"href":"https:\/\/montanarolaw.com\/es\/wp-json\/wp\/v2\/pages\/366","targetHints":{"allow":["GET"]}}],"collection":[{"href":"https:\/\/montanarolaw.com\/es\/wp-json\/wp\/v2\/pages"}],"about":[{"href":"https:\/\/montanarolaw.com\/es\/wp-json\/wp\/v2\/types\/page"}],"author":[{"embeddable":true,"href":"https:\/\/montanarolaw.com\/es\/wp-json\/wp\/v2\/users\/1"}],"replies":[{"embeddable":true,"href":"https:\/\/montanarolaw.com\/es\/wp-json\/wp\/v2\/comments?post=366"}],"version-history":[{"count":0,"href":"https:\/\/montanarolaw.com\/es\/wp-json\/wp\/v2\/pages\/366\/revisions"}],"wp:attachment":[{"href":"https:\/\/montanarolaw.com\/es\/wp-json\/wp\/v2\/media?parent=366"}],"curies":[{"name":"wp","href":"https:\/\/api.w.org\/{rel}","templated":true}]}}