{"id":368,"date":"2024-01-16T14:07:03","date_gmt":"2024-01-16T19:07:03","guid":{"rendered":"https:\/\/montanarolaw1.wpenginepowered.com\/oportunidades-profesionales\/"},"modified":"2025-12-19T21:08:08","modified_gmt":"2025-12-20T02:08:08","slug":"oportunidades-profesionales","status":"publish","type":"page","link":"https:\/\/montanarolaw.com\/es\/oportunidades-profesionales\/","title":{"rendered":"Oportunidades profesionales"},"content":{"rendered":"<h1>Oportunidades profesionales<\/h1>\n<p><strong>A\u00f1o:  2026<\/strong><\/p>\n<p>En MontanaroLaw, no somos un bufete de abogados ordinario, sino una organizaci\u00f3n din\u00e1mica y emprendedora donde los profesionales del derecho prosperan. Aqu\u00ed, creemos en rendir al m\u00e1s alto nivel en lugar de simplemente practicar el derecho. Fomentamos un entorno colaborativo e innovador donde cada miembro del equipo, desde los abogados hasta los becarios, est\u00e1 capacitado para alcanzar sus aspiraciones profesionales.  <\/p>\n<p>Nuestro bufete destaca porque no solo ofrecemos puestos de trabajo, sino que ayudamos a construir carreras. En MontanaroLaw, los miembros del equipo reciben apoyo para desarrollar sus habilidades en las \u00e1reas que les apasionan, adquirir una valiosa experiencia y crecer hacia sus objetivos profesionales preferidos. Tanto si es un abogado que est\u00e1 construyendo su cartera de clientes, un profesional del personal que est\u00e1 perfeccionando su experiencia o un becario que est\u00e1 explorando campos como el derecho, el marketing y los medios de comunicaci\u00f3n, vamos m\u00e1s all\u00e1 para ayudarle a crear una carrera duradera y satisfactoria.  <\/p>\n<p>Si est\u00e1 preparado para unirse a un bufete que valora la creatividad, la iniciativa y el af\u00e1n de \u00e9xito, MontanaroLaw es el lugar para usted.<\/p>\n<h1 style=\"text-align: center;\"><a href=\"mailto:resume@montanarolaw.com\">Solicitar ahora<\/a><\/h1>\n<p>&nbsp;<\/p>\n<h1>Oportunidades profesionales por puesto<\/h1>\n<p>&nbsp;<\/p>\n<h2>Abogados y asesores<\/h2>\n<p>En MontanaroLaw, buscamos abogados y asesores de un calibre intelectual excepcional que prosperen en un entorno din\u00e1mico y emprendedor. Valoramos a las personas que demuestran creatividad, buen juicio y af\u00e1n de tomar la iniciativa. Nuestros abogados est\u00e1n capacitados para trabajar de forma independiente, asumiendo al mismo tiempo la responsabilidad y el liderazgo.  <\/p>\n<p>Priorizamos el crecimiento profesional, ofreciendo las herramientas y el apoyo necesarios para construir una pr\u00f3spera cartera de clientes. Los abogados de MontanaroLaw tienen la oportunidad de desarrollar su experiencia, perfeccionar sus habilidades y contribuir a la misi\u00f3n del bufete de ofrecer una representaci\u00f3n legal excepcional. <\/p>\n<h4><a href=\"https:\/\/montanarolaw.com\/es\/abogados-y-asesores\/\">Leer m\u00e1s<\/a><\/h4>\n<h2><\/h2>\n<p>&nbsp;<\/p>\n<h2>Asistentes legales<\/h2>\n<p>Los asistentes legales son miembros esenciales del equipo de MontanaroLaw, ya que proporcionan un apoyo fundamental a nuestros abogados para ofrecer servicios legales excepcionales. Buscamos personas orientadas a los detalles, proactivas, a las que les apasione el campo legal y que prosperen en un entorno colaborativo y de ritmo r\u00e1pido. <\/p>\n<p>MontanaroLaw ofrece a los asistentes legales la oportunidad de perfeccionar sus habilidades, profundizar en sus conocimientos legales y desempe\u00f1ar un papel clave en el \u00e9xito del bufete. Ya sea preparando documentos legales, realizando investigaciones o ayudando con la gesti\u00f3n de casos, nuestros asistentes legales adquieren una valiosa experiencia y contribuyen de forma significativa a la misi\u00f3n del bufete. <\/p>\n<h4><a href=\"https:\/\/montanarolaw.com\/es\/asistentes-legales\/\">Leer m\u00e1s<\/a><\/h4>\n<h2><\/h2>\n<p>&nbsp;<\/p>\n<h2><strong>Auxiliares legales<\/strong><\/h2>\n<p>Los auxiliares legales son una parte vital del equipo de MontanaroLaw, ya que tienden un puente entre el apoyo administrativo y las contribuciones significativas al trabajo legal. Este puesto es ideal para personas organizadas, orientadas a los detalles y con pasi\u00f3n por ofrecer un excelente servicio al cliente, al tiempo que crecen dentro de la profesi\u00f3n legal. <\/p>\n<p>MontanaroLaw ofrece a los auxiliares legales la oportunidad de desarrollar sus habilidades, adquirir experiencia pr\u00e1ctica y avanzar hacia sus objetivos profesionales a largo plazo.<\/p>\n<h4><a href=\"https:\/\/montanarolaw.com\/es\/auxiliares-legales\/\">Leer m\u00e1s<\/a><\/h4>\n<h2><\/h2>\n<p>&nbsp;<\/p>\n<h2><strong>Becarios<\/strong><\/h2>\n<p>Nuestro programa de pr\u00e1cticas est\u00e1 dise\u00f1ado para proporcionar una experiencia de aprendizaje transformadora. En MontanaroLaw, a los becarios no se les asignan tareas mundanas, sino que se les ofrece tutor\u00eda y se conf\u00eda en ellos para que asuman responsabilidades significativas que ofrecen una exposici\u00f3n real a la pr\u00e1ctica del derecho, los negocios, el marketing y los medios de comunicaci\u00f3n. <\/p>\n<p>Los becarios adquieren experiencia pr\u00e1ctica, construyen conexiones profesionales significativas y desarrollan habilidades pr\u00e1cticas que les preparan para el \u00e9xito futuro en sus carreras. Tanto si est\u00e1 interesado en la profesi\u00f3n legal, la estrategia de marketing o la producci\u00f3n de medios de comunicaci\u00f3n, hacemos hincapi\u00e9 en la tutor\u00eda y el desarrollo profesional, asegurando que cada becario salga de MontanaroLaw con una comprensi\u00f3n m\u00e1s profunda de su campo y de su potencial dentro de \u00e9l. <\/p>\n<h4><a href=\"https:\/\/montanarolaw.com\/es\/becarios\/\">Leer m\u00e1s<\/a><\/h4>\n<p>&nbsp;<\/p>\n","protected":false},"excerpt":{"rendered":"<p>Oportunidades profesionales A\u00f1o: En MontanaroLaw, no somos un bufete de abogados ordinario, sino una organizaci\u00f3n din\u00e1mica y emprendedora donde los profesionales del derecho prosperan. Aqu\u00ed, creemos en rendir al m\u00e1s alto nivel en lugar de&#8230; <br \/><a class=\"read-more\" title=\"FULL STORY\" href=\"https:\/\/montanarolaw.com\/es\/oportunidades-profesionales\/\">Read More<\/a><\/p>\n","protected":false},"author":1,"featured_media":0,"parent":0,"menu_order":0,"comment_status":"closed","ping_status":"closed","template":"","meta":{"_acf_changed":false,"inline_featured_image":false,"_genesis_hide_title":false,"_genesis_hide_breadcrumbs":false,"_genesis_hide_singular_image":false,"_genesis_hide_footer_widgets":false,"_genesis_custom_body_class":"","_genesis_custom_post_class":"","_genesis_layout":"","footnotes":""},"class_list":{"0":"post-368","1":"page","2":"type-page","3":"status-publish","5":"entry"},"acf":[],"_links":{"self":[{"href":"https:\/\/montanarolaw.com\/es\/wp-json\/wp\/v2\/pages\/368","targetHints":{"allow":["GET"]}}],"collection":[{"href":"https:\/\/montanarolaw.com\/es\/wp-json\/wp\/v2\/pages"}],"about":[{"href":"https:\/\/montanarolaw.com\/es\/wp-json\/wp\/v2\/types\/page"}],"author":[{"embeddable":true,"href":"https:\/\/montanarolaw.com\/es\/wp-json\/wp\/v2\/users\/1"}],"replies":[{"embeddable":true,"href":"https:\/\/montanarolaw.com\/es\/wp-json\/wp\/v2\/comments?post=368"}],"version-history":[{"count":0,"href":"https:\/\/montanarolaw.com\/es\/wp-json\/wp\/v2\/pages\/368\/revisions"}],"wp:attachment":[{"href":"https:\/\/montanarolaw.com\/es\/wp-json\/wp\/v2\/media?parent=368"}],"curies":[{"name":"wp","href":"https:\/\/api.w.org\/{rel}","templated":true}]}}