{"id":383,"date":"2024-01-07T15:49:09","date_gmt":"2024-01-07T20:49:09","guid":{"rendered":"https:\/\/montanarolaw1.wpenginepowered.com\/business\/"},"modified":"2025-10-13T01:51:42","modified_gmt":"2025-10-13T05:51:42","slug":"negocios","status":"publish","type":"page","link":"https:\/\/montanarolaw.com\/es\/negocios\/","title":{"rendered":"Negocios"},"content":{"rendered":"<h1>Abogados de negocios en Long Island para sus necesidades corporativas<\/h1>\n<p>Siempre que se trate de asuntos legales, es importante consultar con un abogado experimentado. Pero esto es a\u00fan m\u00e1s cierto cuando se trata de derecho mercantil, que puede ser extremadamente matizado y requerir a alguien con a\u00f1os de pr\u00e1ctica litigando este tipo de asuntos. Los abogados de negocios son una parte fundamental de cualquier gran corporaci\u00f3n, pero son igual de importantes para las peque\u00f1as empresas o los empresarios que est\u00e1n empezando por su cuenta.  <\/p>\n<p>Cuando est\u00e9 buscando un bufete de abogados mercantiles para gestionar los asuntos legales de su empresa, es importante que hable con varios abogados de negocios de Long Island. Debe encontrar uno que tenga la experiencia que necesita, un estilo de relaci\u00f3n abogado-cliente positivo y que est\u00e9 dispuesto a atender las necesidades de su empresa de inmediato. <\/p>\n<p>Cuando necesite asesoramiento pr\u00e1ctico y servicios legales eficaces para su empresa, el bufete de abogados MontanaroLaw P.C. est\u00e1 listo para ayudarle. Ofrecemos asesoramiento integral en todos los asuntos de derecho mercantil. Puede concertar una consulta gratuita llamando hoy mismo a nuestra oficina de Long Island.  <\/p>\n<h2>\u00bfQu\u00e9 hace un abogado de negocios?<\/h2>\n<p>Un abogado de negocios, tambi\u00e9n conocido como abogado mercantil, es un abogado responsable de gestionar los litigios y las presentaciones legales de una empresa. Tiene experiencia en derecho mercantil y puede representarle en las transacciones y asuntos legales en los tribunales del estado de Nueva York. Un abogado de negocios responde a preguntas, habla con los abogados de la otra parte, presenta demandas, litiga disputas y se asegura de que sus derechos e intereses est\u00e9n siempre representados.  <\/p>\n<p>Los abogados de negocios tambi\u00e9n pueden ejercer en otras \u00e1reas del derecho, o s\u00f3lo pueden aceptar casos relacionados con el derecho mercantil. Si no est\u00e1 seguro de si el abogado que est\u00e1 considerando contratar es el adecuado, haga preguntas sobre el tipo de derecho que ejerce, cu\u00e1les han sido la mayor\u00eda de sus casos, sus tasas de \u00e9xito y qu\u00e9 tipo de casos disfruta. Tambi\u00e9n es una buena idea saber si va a trabajar con un solo abogado de negocios o con un bufete m\u00e1s grande y c\u00f3mo gestionan su estructura de honorarios.  <\/p>\n<h2>\u00bfEs necesario un abogado de negocios para su empresa?<\/h2>\n<p>La ley del estado de Nueva York puede no exigir un abogado de negocios para todas las transacciones y tratos comerciales, pero eso no significa que no deba tener uno. El derecho mercantil requiere una s\u00f3lida formaci\u00f3n jur\u00eddica y el tiempo y la atenci\u00f3n necesarios para revisar cada contrato y documento para asegurarse de que es correcto. Y esto es simplemente algo que la mayor\u00eda de los propietarios de negocios no tienen.  <\/p>\n<p>Los abogados de negocios pueden poner todas sus habilidades y centrarse en trabajar para su empresa para que usted pueda centrarse en las operaciones y otros asuntos cotidianos. Tampoco es inusual que una empresa se vea envuelta en alg\u00fan tipo de litigio si est\u00e1 en el negocio el tiempo suficiente. Cuando esto sucede, es mejor tener un abogado que ya conozca su negocio y est\u00e9 familiarizado con sus tratos, y que pueda encargarse del caso de inmediato.  <\/p>\n<p>Si cree que puede necesitar un abogado de negocios, est\u00e1 en lo cierto. En MontanaroLaw P.C., trabajamos duro para facilitar la vida de nuestros clientes y garantizar que sus intereses comerciales, inversiones y beneficios est\u00e9n lo m\u00e1s protegidos posible. <\/p>\n<h2>\u00bfEn qu\u00e9 \u00e1reas puede ayudar un abogado de negocios?<\/h2>\n<p>Los abogados de derecho mercantil pueden ayudar con cualquier cosa que surja en una empresa que involucre la ley o cualquier tipo de reglas o requisitos. Muchas empresas optan por mantener a su propio abogado de negocios en plantilla para asegurarse de que tienen a alguien que pueda responder a las preguntas y representarlos r\u00e1pidamente si surge algo. Siga leyendo para obtener m\u00e1s informaci\u00f3n sobre las \u00e1reas clave en las que los abogados de negocios pueden ayudar y c\u00f3mo afectan a su negocio.  <\/p>\n<h2>Formaci\u00f3n de empresas<\/h2>\n<p>Asesorar sobre la formaci\u00f3n de empresas es una funci\u00f3n primordial de los abogados de negocios. Cuando decide que est\u00e1 listo para iniciar un negocio, puede que no sea consciente de todas las opciones de entidades que existen o que no sepa c\u00f3mo elegir la que es adecuada para usted. Un abogado de negocios le gu\u00eda a trav\u00e9s de todas sus opciones y le explica los beneficios y desventajas de cada una de ellas. Pueden asesorarle sobre qu\u00e9 opci\u00f3n se adapta mejor a sus necesidades actuales, teniendo en cuenta al mismo tiempo d\u00f3nde quiere que vaya su empresa en cinco o diez a\u00f1os.   <\/p>\n<p>Un abogado de negocios tambi\u00e9n puede asegurarse de que toda la documentaci\u00f3n apropiada para la creaci\u00f3n de su negocio se presente ante la Secretar\u00eda de Estado de Nueva York y de que cualquier contrato se gestione adecuadamente para proteger sus intereses.<\/p>\n<h2>Disputas de propiedad intelectual<\/h2>\n<p>Dependiendo del tipo de negocio que tenga, la protecci\u00f3n de su propiedad intelectual puede ser una de sus principales prioridades. Esto suele entrar en juego con los negocios basados en la tecnolog\u00eda, pero tambi\u00e9n puede ser algo importante en lo que pensar para los negocios que involucran obras de arte, dise\u00f1os o invenciones originales que involucran patentes. Es mejor prevenir las disputas de propiedad intelectual asegur\u00e1ndose de que solicita las patentes, marcas comerciales o derechos de autor aplicables lo antes posible. Tambi\u00e9n es importante que haga su debida diligencia para asegurarse de que no est\u00e1 robando inadvertidamente la idea de negocio de otra persona.   <\/p>\n<p>Si termina en los tribunales debido a una disputa de propiedad intelectual, un abogado de negocios puede ser un activo invaluable. Saben qu\u00e9 estrategias utilizar y c\u00f3mo hacer una investigaci\u00f3n exhaustiva para descubrir cualquier evidencia que ayude a su posici\u00f3n en el caso. <\/p>\n<h2>Fusiones y adquisiciones<\/h2>\n<p>Las fusiones y adquisiciones son transacciones comunes que ocurren en el mundo corporativo. Pero cuando se trata de comprar y vender negocios, no es lo mismo que las transacciones m\u00e1s simples, como comprar un coche o vender una casa. Las transacciones comerciales implican mucha m\u00e1s diligencia debida y una gran cantidad de revisi\u00f3n de papeleo. Tambi\u00e9n necesitar\u00e1 a alguien que revise cuidadosamente cualquier contrato para asegurarse de que no haya errores de letra peque\u00f1a que puedan socavar su inversi\u00f3n o venta m\u00e1s adelante.   <\/p>\n<p>Los abogados de negocios saben qu\u00e9 buscar y todos los errores y discrepancias comunes que ocurren en las fusiones y adquisiciones de negocios. Su abogado podr\u00e1 revisar su transacci\u00f3n prevista y asegurarse de que entiende completamente cu\u00e1l es su parte y qu\u00e9 esperar despu\u00e9s de que se cierre el trato. <\/p>\n<h2>Peque\u00f1os empresarios y emprendedores<\/h2>\n<p>Los peque\u00f1os empresarios y emprendedores se enfrentan a los mismos riesgos que las grandes corporaciones, pero a menudo, todo est\u00e1 siendo gestionado por una sola persona. Puede ser muy dif\u00edcil gestionar adecuadamente las necesidades legales de su negocio si tambi\u00e9n tiene que gestionar los problemas de los empleados, asegurarse de que el inventario se est\u00e1 gestionando correctamente, establecer el presupuesto de marketing y hacer frente a las quejas de los clientes. <\/p>\n<p>Tener un abogado que conozca el derecho mercantil y gestione las necesidades legales de su peque\u00f1a empresa puede quitarle esa responsabilidad de encima. Esto le deja con m\u00e1s ancho de banda para hacer las cosas que disfruta, y que le trajeron al esp\u00edritu empresarial en primer lugar. <\/p>\n<p>MontanaroLaw proporciona representaci\u00f3n legal y comercial integral para peque\u00f1as empresas. Trabajamos con empresas de diversos sectores. Tanto si est\u00e1 buscando iniciar un nuevo negocio como si actualmente est\u00e1 operando un negocio, nuestro bufete puede ser un recurso valioso.  <\/p>\n<p>Como asesores de negocios, somos capaces de proporcionar a nuestros clientes de peque\u00f1as empresas la asistencia empresarial adecuada para que puedan construir una mejor eficiencia de las personas, los procesos y los productos. Como asesores legales, gestionaremos los riesgos empresariales y ayudaremos a minimizar cualquier responsabilidad legal de su negocio. <\/p>\n<h2>Derecho laboral<\/h2>\n<p>Cuando usted es due\u00f1o de su propio negocio, es importante asegurarse de que est\u00e1 cumpliendo con todas las reglas y regulaciones que rodean a los empleados. Esto incluye las leyes federales, las leyes del estado de Nueva York y cualquier estatuto y directriz local. Existen reglas espec\u00edficas sobre la edad que deben tener los empleados para realizar diferentes tareas, y los empleados menores de edad pueden tener las horas m\u00e1ximas que pueden trabajar legalmente. Tambi\u00e9n tendr\u00e1 que cumplir con cualquier ley relacionada con la contrataci\u00f3n de seguros de compensaci\u00f3n de trabajadores y la presentaci\u00f3n de impuestos de manera apropiada.   <\/p>\n<p>Si su negocio ha crecido hasta el punto de contratar empleados, pero no est\u00e1 seguro de lo que necesita hacer para estar en cumplimiento, MontanaroLaw P.C. puede ayudarle. Proporcionamos a nuestros clientes asesoramiento legal en todos los asuntos relacionados con la contrataci\u00f3n y el mantenimiento de empleados para sus negocios, ya sea que incluya qu\u00e9 preguntas de la entrevista sobre legal hacer o tratar con un ex-empleado descontento que demanda por despido injustificado. <\/p>\n<h2>Contratos<\/h2>\n<p>Los contratos son documentos legales vinculantes, y est\u00e1n en el quid de casi todos los tratos comerciales. Asegurarse de que cualquier contrato utilizado por su negocio sea preciso, est\u00e9 al d\u00eda con las \u00faltimas leyes y proteja adecuadamente sus intereses comerciales es crucial. Estos son algunos contratos comunes que puede encontrar en sus tratos comerciales:  <\/p>\n<ul>\n<li>Contratos de empleados<\/li>\n<li>Acuerdos de confidencialidad<\/li>\n<li>Acuerdos de venta<\/li>\n<li>Acuerdos de asociaci\u00f3n<\/li>\n<li>Contratos de compraventa y arrendamiento de bienes inmuebles comerciales<\/li>\n<\/ul>\n<p>No importa cu\u00e1les sean sus necesidades cuando se trata de contratos y documentos legales, nuestro experimentado bufete de abogados de negocios puede ayudarle.<\/p>\n<h2>Un abogado de negocios de Long Island para sus necesidades<\/h2>\n<p>Los problemas legales que surgen con su negocio pueden ser serios, y es importante manejarlos de forma r\u00e1pida y precisa. Y para ello, necesita un abogado de derecho mercantil. Si se encuentra en el \u00e1rea de Long Island o en el \u00e1rea metropolitana del condado de Nassau, podemos ayudarle a asegurarse de que su negocio se crea bajo la entidad correcta, asegurarse de que est\u00e1 de acuerdo con todas las leyes laborales aplicables, y representarle en cualquier litigio comercial que pueda surgir.  <\/p>\n<p>MontanaroLaw es un bufete de abogados que entiende lo que es ser un emprendedor. Haci\u00e9ndonos entre las mejores fuentes para la implementaci\u00f3n de personas eficaces, procesos y soluciones de productos para su negocio. <\/p>\n<p><a href=\"https:\/\/montanarolaw.com\/es\/\">MontanaroLaw<\/a> puede ayudarle con todas las cosas esenciales que mantienen su negocio prosperando. Desde la formaci\u00f3n de una sociedad de responsabilidad limitada hasta la expansi\u00f3n de su negocio a una segunda ubicaci\u00f3n, nuestros <g id=\"gid_1\">abogados de derecho mercantil<\/g> tienen el conocimiento y la experiencia que necesita. Ll\u00e1menos hoy mismo al (516) 203-1700 para una consulta gratuita.  <\/p>\n","protected":false},"excerpt":{"rendered":"<p>Abogados de negocios en Long Island para sus necesidades corporativas Siempre que se trate de asuntos legales, es importante consultar con un abogado experimentado. Pero esto es a\u00fan m\u00e1s cierto cuando se trata de derecho&#8230; <br \/><a class=\"read-more\" title=\"FULL STORY\" href=\"https:\/\/montanarolaw.com\/es\/negocios\/\">Read More<\/a><\/p>\n","protected":false},"author":1,"featured_media":0,"parent":0,"menu_order":0,"comment_status":"closed","ping_status":"closed","template":"","meta":{"_acf_changed":false,"inline_featured_image":false,"_genesis_hide_title":false,"_genesis_hide_breadcrumbs":false,"_genesis_hide_singular_image":false,"_genesis_hide_footer_widgets":false,"_genesis_custom_body_class":"","_genesis_custom_post_class":"","_genesis_layout":"","footnotes":""},"class_list":{"0":"post-383","1":"page","2":"type-page","3":"status-publish","5":"entry"},"acf":[],"_links":{"self":[{"href":"https:\/\/montanarolaw.com\/es\/wp-json\/wp\/v2\/pages\/383","targetHints":{"allow":["GET"]}}],"collection":[{"href":"https:\/\/montanarolaw.com\/es\/wp-json\/wp\/v2\/pages"}],"about":[{"href":"https:\/\/montanarolaw.com\/es\/wp-json\/wp\/v2\/types\/page"}],"author":[{"embeddable":true,"href":"https:\/\/montanarolaw.com\/es\/wp-json\/wp\/v2\/users\/1"}],"replies":[{"embeddable":true,"href":"https:\/\/montanarolaw.com\/es\/wp-json\/wp\/v2\/comments?post=383"}],"version-history":[{"count":0,"href":"https:\/\/montanarolaw.com\/es\/wp-json\/wp\/v2\/pages\/383\/revisions"}],"wp:attachment":[{"href":"https:\/\/montanarolaw.com\/es\/wp-json\/wp\/v2\/media?parent=383"}],"curies":[{"name":"wp","href":"https:\/\/api.w.org\/{rel}","templated":true}]}}