{"id":387,"date":"2024-01-17T19:15:45","date_gmt":"2024-01-18T00:15:45","guid":{"rendered":"https:\/\/montanarolaw1.wpenginepowered.com\/advertising-marketing\/"},"modified":"2025-10-13T01:53:05","modified_gmt":"2025-10-13T05:53:05","slug":"marketing-y-publicidad","status":"publish","type":"page","link":"https:\/\/montanarolaw.com\/es\/marketing-y-publicidad\/","title":{"rendered":"Publicidad, marketing y promociones"},"content":{"rendered":"<h1>Publicidad, marketing y promociones<\/h1>\n<p>Tenemos experiencia ayudando a clientes a realizar concursos y sorteos en Facebook, Twitter, Pinterest, as\u00ed como otras campa\u00f1as de marketing en redes sociales.<\/p>\n<p>Proporcionamos asesoramiento legal estrat\u00e9gico en el entorno de la publicidad y el marketing, que cambia r\u00e1pidamente.<\/p>\n<h2>Legislaci\u00f3n sobre publicidad, marketing y promociones:<\/h2>\n<p>MontanaroLaw proporciona asesoramiento legal estrat\u00e9gico que permite a nuestros clientes utilizar eficazmente campa\u00f1as de marketing y t\u00e9cnicas innovadoras para anunciar mejor su negocio o productos. Tenemos experiencia ayudando a clientes a realizar concursos y sorteos en Facebook, Twitter, Pinterest, as\u00ed como otras campa\u00f1as de marketing en redes sociales. Es imprescindible garantizar que estas actividades cumplan con todas las normativas federales, estatales y locales aplicables. Trabajamos en estrecha colaboraci\u00f3n con nuestros clientes desde una perspectiva legal y de marketing empresarial, lo que les permite tener \u00e9xito en sus objetivos.   <\/p>\n<h2>Cumplimiento de las redes sociales:<\/h2>\n<p>Ya sea Facebook, Twitter, LinkedIn, Pinterest u otra plataforma de redes sociales, millones de personas consumen y utilizan estas redes a diario. Existen varias normas y reglamentos a nivel estatal y federal que rigen las campa\u00f1as de marketing. MontanaroLaw ayuda a nuestros clientes a cumplir las normas, al tiempo que ejecutan una campa\u00f1a atractiva e interesante. Nos mantenemos al d\u00eda de las \u00faltimas novedades en las leyes de redes sociales y las mejores pr\u00e1cticas digitales.   <\/p>\n<p>Las redes sociales presentan muchas oportunidades interesantes, as\u00ed como muchos desaf\u00edos. Si desea un bufete de abogados especializado en redes sociales que pueda ayudarle a aprovechar al m\u00e1ximo cada oportunidad y a afrontar cualquier desaf\u00edo, p\u00f3ngase en contacto con nosotros para hablar de las necesidades de su empresa en materia de redes sociales. <\/p>\n<p>MontanaroLaw le ayuda con \u00abtodo lo relacionado con sorteos, concursos y promociones\u00bb. Ll\u00e1menos hoy mismo para una consulta gratuita.<\/p>\n","protected":false},"excerpt":{"rendered":"<p>Publicidad, marketing y promociones Tenemos experiencia ayudando a clientes a realizar concursos y sorteos en Facebook, Twitter, Pinterest, as\u00ed como otras campa\u00f1as de marketing en redes sociales. Proporcionamos asesoramiento legal estrat\u00e9gico en el entorno de&#8230; <br \/><a class=\"read-more\" title=\"FULL STORY\" href=\"https:\/\/montanarolaw.com\/es\/marketing-y-publicidad\/\">Read More<\/a><\/p>\n","protected":false},"author":1,"featured_media":0,"parent":0,"menu_order":0,"comment_status":"closed","ping_status":"closed","template":"","meta":{"_acf_changed":false,"inline_featured_image":false,"_genesis_hide_title":false,"_genesis_hide_breadcrumbs":false,"_genesis_hide_singular_image":false,"_genesis_hide_footer_widgets":false,"_genesis_custom_body_class":"","_genesis_custom_post_class":"","_genesis_layout":"","footnotes":""},"class_list":{"0":"post-387","1":"page","2":"type-page","3":"status-publish","5":"entry"},"acf":[],"_links":{"self":[{"href":"https:\/\/montanarolaw.com\/es\/wp-json\/wp\/v2\/pages\/387","targetHints":{"allow":["GET"]}}],"collection":[{"href":"https:\/\/montanarolaw.com\/es\/wp-json\/wp\/v2\/pages"}],"about":[{"href":"https:\/\/montanarolaw.com\/es\/wp-json\/wp\/v2\/types\/page"}],"author":[{"embeddable":true,"href":"https:\/\/montanarolaw.com\/es\/wp-json\/wp\/v2\/users\/1"}],"replies":[{"embeddable":true,"href":"https:\/\/montanarolaw.com\/es\/wp-json\/wp\/v2\/comments?post=387"}],"version-history":[{"count":0,"href":"https:\/\/montanarolaw.com\/es\/wp-json\/wp\/v2\/pages\/387\/revisions"}],"wp:attachment":[{"href":"https:\/\/montanarolaw.com\/es\/wp-json\/wp\/v2\/media?parent=387"}],"curies":[{"name":"wp","href":"https:\/\/api.w.org\/{rel}","templated":true}]}}