{"id":390,"date":"2024-01-09T19:31:00","date_gmt":"2024-01-10T00:31:00","guid":{"rendered":"https:\/\/montanarolaw1.wpenginepowered.com\/business-formation\/"},"modified":"2025-10-13T01:38:37","modified_gmt":"2025-10-13T05:38:37","slug":"formacion-de-empresas","status":"publish","type":"page","link":"https:\/\/montanarolaw.com\/es\/formacion-de-empresas\/","title":{"rendered":"Abogados de constituci\u00f3n de empresas en Long Island que velan por sus intereses"},"content":{"rendered":"<h1>Abogados de constituci\u00f3n de empresas en Long Island que velan por sus intereses<\/h1>\n<p>Tanto si es su primer intento de iniciar un nuevo negocio como si ya tiene varias entidades comerciales, la constituci\u00f3n de una empresa es un momento emocionante. Puede significar adentrarse en una nueva trayectoria profesional y presentar sus ideas y productos a un nuevo p\u00fablico, pero tambi\u00e9n conlleva muchas consideraciones log\u00edsticas, como las deudas comerciales, c\u00f3mo gestionar la responsabilidad personal y si desea trabajar con un socio. <\/p>\n<p>Independientemente de cu\u00e1l sea su situaci\u00f3n particular, un <a href=\"https:\/\/www.google.com\/maps?cid=3165837110749854167\" target=\"_blank\" rel=\"noopener\">abogado de constituci\u00f3n de empresas<\/a> es una pieza clave para iniciar cualquier entidad comercial y deber\u00eda ser su primera llamada cuando est\u00e9 listo para seguir adelante. Hemos visto de primera mano algunos de los problemas que pueden surgir cuando la constituci\u00f3n de su empresa no se gestiona correctamente, y por eso nos esforzamos por ofrecer un servicio excelente a nuestros clientes. <\/p>\n<p>Si espera ser propietario de un negocio en Nueva York, es una buena idea hablar con un abogado de constituci\u00f3n de empresas lo antes posible en el proceso. Puede enviar un correo electr\u00f3nico o llamar a <a href=\"https:\/\/montanarolaw.com\/es\/\">MontanaroLaw P.C.<\/a> para obtener m\u00e1s informaci\u00f3n sobre nuestros servicios y c\u00f3mo podemos proporcionarle un asesoramiento eficaz durante el proceso de constituci\u00f3n de la empresa. <\/p>\n<h2>\u00bfC\u00f3mo constituyo una entidad comercial?<\/h2>\n<p>Para constituir una entidad comercial en Nueva York, hay un proceso espec\u00edfico que debe seguirse. El primer paso es determinar qu\u00e9 tipo de entidad desea establecer y qu\u00e9 papel desea desempe\u00f1ar como propietario de un negocio. Si se trata de una empresa individual, una empresa unipersonal puede ser lo m\u00e1s sensato. Si desea asegurarse de que la responsabilidad personal no sea un problema en lo que respecta a las relaciones comerciales, una sociedad de responsabilidad limitada puede ser una opci\u00f3n.   <\/p>\n<p>Una vez que sepa qu\u00e9 tipo de entidad desea establecer, todo lo que tiene que hacer es encargarse de la documentaci\u00f3n necesaria y registrar la empresa en la Secretar\u00eda de Estado de Nueva York. La documentaci\u00f3n exacta requerida puede variar en funci\u00f3n del tipo de entidad, pero los documentos comunes incluyen: <\/p>\n<ul>\n<li>Art\u00edculos de organizaci\u00f3n<\/li>\n<li>Un acuerdo de asociaci\u00f3n<\/li>\n<li>Un plan de negocios<\/li>\n<li>Una licencia comercial<\/li>\n<li>Varios permisos<\/li>\n<li>Documentos de constituci\u00f3n<\/li>\n<\/ul>\n<h2>\u00bfQu\u00e9 papel desempe\u00f1a un abogado para ayudar a constituir una empresa?<\/h2>\n<p>Un abogado de constituci\u00f3n de empresas desempe\u00f1a un papel importante cuando intenta constituir una empresa. Puede asesorarle sobre si una empresa unipersonal, una sociedad de responsabilidad limitada u otro modelo es la mejor opci\u00f3n, y puede crear y presentar toda la documentaci\u00f3n directamente por usted, para que sepa que todo se hace correctamente. Tambi\u00e9n puede asesorarle sobre las ventajas y desventajas de cada opci\u00f3n de entidad, para que sepa por qu\u00e9 est\u00e1 utilizando un modelo espec\u00edfico y qu\u00e9 puede esperar a medida que su negocio siga creciendo.  <\/p>\n<h2>\u00bfNecesito un abogado para constituir una sociedad de responsabilidad limitada?<\/h2>\n<p>Si desea constituir una sociedad de responsabilidad limitada en Nueva York para protegerse de la responsabilidad personal, no tiene que contratar a un abogado. Todo lo que se requiere es que presente los art\u00edculos de organizaci\u00f3n de la sociedad de responsabilidad limitada ante la Secretar\u00eda de Estado de Nueva York y pague la tasa correspondiente. Sin embargo, el hecho de que pueda constituir una LLC sin un abogado no significa que deba hacerlo. En primer lugar, es importante asegurarse de que una LLC es una configuraci\u00f3n adecuada para el negocio que desea crear. En segundo lugar, todo tiene que rellenarse correctamente y exactamente de acuerdo con las instrucciones para que sea v\u00e1lido. En tercer lugar, probablemente se dar\u00e1 cuenta de que tiene muchas preguntas e incertidumbres a lo largo del camino, y un abogado de constituci\u00f3n de empresas puede ser un excelente recurso para asegurarse de que entiende todo lo que est\u00e1 haciendo y de que es la elecci\u00f3n correcta para usted.     <\/p>\n<h2>\u00bfCu\u00e1les son las ventajas de contratar a un abogado de constituci\u00f3n de empresas?<\/h2>\n<p>Cuando desea asegurarse de que sus intereses comerciales se mantienen como una entidad legal separada, un abogado de constituci\u00f3n de empresas puede ayudarle a asegurarse de que todo se crea y se presenta correctamente. Sin embargo, un abogado de constituci\u00f3n de empresas no solo es valioso en t\u00e9rminos de la documentaci\u00f3n que puede quitarle de encima. Tambi\u00e9n puede ofrecer otras ventajas, como la creaci\u00f3n de contratos exhaustivos que protejan sus intereses, el asesoramiento sobre c\u00f3mo proteger su propiedad intelectual y la garant\u00eda de que est\u00e1 creando realmente la entidad comercial que satisface sus necesidades. A continuaci\u00f3n, encontrar\u00e1 m\u00e1s detalles sobre cada uno de estos aspectos.   <\/p>\n<h2>Aseg\u00farese de que su propiedad intelectual est\u00e1 protegida<\/h2>\n<p>A menudo, cuando se plantea la creaci\u00f3n de un nuevo negocio, una de las partes m\u00e1s importantes es la protecci\u00f3n de su propiedad intelectual. Esto podr\u00eda ser el contenido, las pr\u00e1cticas comerciales, los modelos, la tecnolog\u00eda y los elementos patentados. Sin las protecciones legales adecuadas, corre el riesgo de que sus competidores roben sus mejores ideas y las presenten como propias. Un abogado de constituci\u00f3n de empresas puede ayudarle a proteger su propiedad intelectual desde el principio y ayudarle a litigar cualquier infracci\u00f3n que pueda producirse m\u00e1s adelante.   <\/p>\n<h2>Obtenga asesoramiento sobre el modelo de negocio adecuado<\/h2>\n<p>Iniciar un negocio es un gran paso, y es importante que elija el modelo de negocio adecuado para sus necesidades. Dependiendo de su visi\u00f3n, puede optar por establecer: <\/p>\n<ul>\n<li>Una sociedad an\u00f3nima<\/li>\n<li>Una sociedad colectiva<\/li>\n<li>Una empresa unipersonal<\/li>\n<li>Una sociedad an\u00f3nima S<\/li>\n<li>Una LLC<\/li>\n<\/ul>\n<p>Un abogado de negocios con conocimientos puede explicarle todas sus opciones y ayudarle a seleccionar la que se ajuste a sus necesidades actuales y a cualquier necesidad de crecimiento prevista en el futuro.<\/p>\n<h2>Aseg\u00farese de que sus contratos son exhaustivos<\/h2>\n<p>Los contratos son la base de todos los negocios, pero no son algo que la mayor\u00eda de la gente sepa hacer bien. Contar con un abogado de negocios de Nueva York que cree sus contratos desde cero o que revise y ajuste los existentes puede facilitar la detecci\u00f3n de posibles lagunas que otros podr\u00edan aprovechar. Tambi\u00e9n pueden asegurarse de que los contratos cumplen los requisitos de acuerdo con la ley del estado de Nueva York y las leyes federales, para que pueda tener la tranquilidad de saber que est\u00e1n correctamente establecidos y son ejecutables.  <\/p>\n<h2>Trabaje con un abogado de constituci\u00f3n de empresas con experiencia<\/h2>\n<p>Si est\u00e1 listo para establecer su entidad comercial, querr\u00e1 un bufete de abogados de Nueva York que tenga el conocimiento y la experiencia para manejar su creaci\u00f3n. En MontanaroLaw P.C., sabemos c\u00f3mo deben ser estos negocios sobre el papel y c\u00f3mo asesorarle sobre la opci\u00f3n correcta para sus necesidades particulares. Hemos ayudado a clientes desde peque\u00f1as empresas unipersonales hasta grandes corporaciones, por lo que sabemos qu\u00e9 buscar y c\u00f3mo asegurarnos de que todo se hace correctamente la primera vez.  <\/p>\n<p>Para obtener m\u00e1s informaci\u00f3n sobre nuestros servicios de constituci\u00f3n de empresas en Nueva York y c\u00f3mo es nuestra relaci\u00f3n abogado-cliente, llame a nuestra oficina al (516) 203-1700 para hablar con un miembro de nuestro equipo. Atendemos a clientes en Massapequa, Long Island, la ciudad de Nueva York y los condados circundantes. <\/p>\n","protected":false},"excerpt":{"rendered":"<p>Abogados de constituci\u00f3n de empresas en Long Island que velan por sus intereses Tanto si es su primer intento de iniciar un nuevo negocio como si ya tiene varias entidades comerciales, la constituci\u00f3n de una&#8230; <br \/><a class=\"read-more\" title=\"FULL STORY\" href=\"https:\/\/montanarolaw.com\/es\/formacion-de-empresas\/\">Read More<\/a><\/p>\n","protected":false},"author":1,"featured_media":0,"parent":0,"menu_order":0,"comment_status":"closed","ping_status":"closed","template":"","meta":{"_acf_changed":false,"inline_featured_image":false,"_genesis_hide_title":false,"_genesis_hide_breadcrumbs":false,"_genesis_hide_singular_image":false,"_genesis_hide_footer_widgets":false,"_genesis_custom_body_class":"","_genesis_custom_post_class":"","_genesis_layout":"","footnotes":""},"class_list":{"0":"post-390","1":"page","2":"type-page","3":"status-publish","5":"entry"},"acf":[],"_links":{"self":[{"href":"https:\/\/montanarolaw.com\/es\/wp-json\/wp\/v2\/pages\/390","targetHints":{"allow":["GET"]}}],"collection":[{"href":"https:\/\/montanarolaw.com\/es\/wp-json\/wp\/v2\/pages"}],"about":[{"href":"https:\/\/montanarolaw.com\/es\/wp-json\/wp\/v2\/types\/page"}],"author":[{"embeddable":true,"href":"https:\/\/montanarolaw.com\/es\/wp-json\/wp\/v2\/users\/1"}],"replies":[{"embeddable":true,"href":"https:\/\/montanarolaw.com\/es\/wp-json\/wp\/v2\/comments?post=390"}],"version-history":[{"count":0,"href":"https:\/\/montanarolaw.com\/es\/wp-json\/wp\/v2\/pages\/390\/revisions"}],"wp:attachment":[{"href":"https:\/\/montanarolaw.com\/es\/wp-json\/wp\/v2\/media?parent=390"}],"curies":[{"name":"wp","href":"https:\/\/api.w.org\/{rel}","templated":true}]}}