{"id":394,"date":"2024-01-09T19:38:47","date_gmt":"2024-01-10T00:38:47","guid":{"rendered":"https:\/\/montanarolaw1.wpenginepowered.com\/general-counsel\/"},"modified":"2025-10-13T01:52:09","modified_gmt":"2025-10-13T05:52:09","slug":"consejo-general","status":"publish","type":"page","link":"https:\/\/montanarolaw.com\/es\/consejo-general\/","title":{"rendered":"Abogados de asesor\u00eda jur\u00eddica general de Long Island que representan sus intereses"},"content":{"rendered":"<h1>Abogados de asesor\u00eda jur\u00eddica general de Long Island que representan sus intereses<\/h1>\n<p>\u00bfAlguna vez ha estado en una reuni\u00f3n de negocios y ha tenido preguntas sobre las ramificaciones legales de una idea o transacci\u00f3n propuesta? Las empresas a menudo tienen que manejar una variedad de asuntos, y muchos de ellos pueden tener implicaciones legales para el personal individual y la corporaci\u00f3n m\u00e1s grande. Esta es la raz\u00f3n por la que la mayor\u00eda de las grandes empresas tienen un departamento legal dirigido por un abogado de asesor\u00eda jur\u00eddica general especializado. A continuaci\u00f3n, puede encontrar m\u00e1s informaci\u00f3n sobre lo que hace un abogado de asesor\u00eda jur\u00eddica general, c\u00f3mo puede ayudar a su empresa y qu\u00e9 debe saber antes de contratar a uno.   <\/p>\n<p>Contar con un asesor jur\u00eddico general es una parte importante para proteger los intereses de su empresa y garantizar que su empresa est\u00e9 preparada para los problemas legales cotidianos y los problemas m\u00e1s importantes que puedan surgir. Para obtener m\u00e1s informaci\u00f3n sobre MontanaroLaw P.C. y c\u00f3mo podemos actuar como asesores jur\u00eddicos generales, p\u00f3ngase en contacto con nuestra oficina hoy mismo. <\/p>\n<h2>\u00bfQu\u00e9 es un abogado de asesor\u00eda jur\u00eddica general?<\/h2>\n<p>En el sector jur\u00eddico, un abogado de asesor\u00eda jur\u00eddica general es un abogado que suele ser contratado por una empresa o una gran corporaci\u00f3n para ser el jefe de su equipo jur\u00eddico. Estas empresas utilizan abogados de asesor\u00eda jur\u00eddica general para tener a alguien preparado para responder a cualquier pregunta legal que pueda surgir como resultado de sus negocios o interacciones. <\/p>\n<h2>\u00bfQu\u00e9 hace un abogado de asesor\u00eda jur\u00eddica general?<\/h2>\n<p>Un abogado de asesor\u00eda jur\u00eddica general es responsable de cubrir una variedad de puestos legales dentro de una empresa. Pueden consultar sobre asuntos comerciales generales para proporcionar asesoramiento legal sobre lo que creen que es el paso correcto para la empresa en el futuro. Tambi\u00e9n pueden dar su opini\u00f3n sobre acciones espec\u00edficas que la empresa est\u00e1 considerando tomar, como una nueva compra o una fusi\u00f3n.  <\/p>\n<p>Dentro de una empresa, un abogado de asesor\u00eda jur\u00eddica general tambi\u00e9n puede ser responsable de las presentaciones legales de la empresa que se producen en las operaciones normales y ordinarias del negocio. Esto puede incluir cosas como asegurar que la documentaci\u00f3n legal adecuada se presente para las marcas registradas o trabajar con el departamento de contabilidad para asegurar que los impuestos se presenten correctamente y se manejen de acuerdo con la ley. <\/p>\n<h2>\u00bfQu\u00e9 puedo esperar cuando me re\u00fana con un abogado?<\/h2>\n<p>Cuando se re\u00fane con un abogado para informarse sobre sus servicios de asesor\u00eda jur\u00eddica general, esto implica algunas partes. La primera es una presentaci\u00f3n de ambas partes. Es probable que el abogado le pida que proporcione informaci\u00f3n b\u00e1sica sobre el tipo de negocio en el que est\u00e1 involucrado y qu\u00e9 servicios legales est\u00e1 buscando en un abogado de asesor\u00eda jur\u00eddica general. Cuando se re\u00fana con el abogado por primera vez, es una buena idea tener preguntas espec\u00edficas elaboradas para que pueda preguntar sobre su experiencia con ciertos aspectos del sistema legal.   <\/p>\n<p>Despu\u00e9s de eso, el abogado puede tener algunas preguntas m\u00e1s espec\u00edficas sobre los procedimientos espec\u00edficos de su negocio para asegurar que sus servicios son compatibles con lo que est\u00e1 buscando. Es probable que el abogado tambi\u00e9n le hable de su bufete y de su experiencia y de c\u00f3mo pueden ser una buena opci\u00f3n para sus necesidades. <\/p>\n<p>Si todo parece encajar bien en este punto, la conversaci\u00f3n probablemente se centrar\u00e1 en la log\u00edstica y el presupuesto. Aqu\u00ed es donde proporcionar\u00e1 una idea m\u00e1s profunda de para qu\u00e9 necesita un abogado de asesor\u00eda jur\u00eddica general, tanto en los d\u00edas o semanas inmediatas como a largo plazo. El abogado puede hablar con usted sobre sus honorarios y c\u00f3mo prestan sus servicios.  <\/p>\n<p>Suponiendo que la asociaci\u00f3n sea una buena opci\u00f3n tanto para la empresa como para el abogado, puede ser posible contratar a un abogado en ese momento. O puede que tenga que volver a los interesados de la empresa con la informaci\u00f3n para que se apruebe todo. <\/p>\n<h2>\u00bfCu\u00e1nto cuesta un abogado de asesor\u00eda jur\u00eddica general?<\/h2>\n<p>Una de las mayores preguntas a la hora de contratar a un <a href=\"https:\/\/www.google.com\/maps?cid=3165837110749854167\" target=\"_blank\" rel=\"noopener\">abogado de asesor\u00eda jur\u00eddica general<\/a> es qu\u00e9 parte del presupuesto va a ocupar. Los honorarios legales var\u00edan entre los bufetes y pueden ser diferentes en funci\u00f3n de las necesidades de su empresa. Sin embargo, muchos abogados de asesor\u00eda jur\u00eddica general son empleados, ya sea con un salario con la empresa o trabajan a partir de una base de retenci\u00f3n.  <\/p>\n<p>Si est\u00e1 empezando el proceso de decidir contratar a un abogado de asesor\u00eda jur\u00eddica general, es una buena idea hablar con cualquier bufete potencial sobre sus precios. Deber\u00edan ser capaces de darle una idea m\u00e1s clara de c\u00f3mo trabajan, cu\u00e1les son sus honorarios y qu\u00e9 servicios pueden ofrecer por esos honorarios. Esto le permite volver a cualquier interesado con un esquema m\u00e1s claro de lo que se necesita para contratar a un abogado de asesor\u00eda jur\u00eddica general y cu\u00e1les ser\u00e1n los beneficios para el negocio.  <\/p>\n<h2>\u00bfPor qu\u00e9 deber\u00eda contratar a MontanaroLaw P.C.?<\/h2>\n<p>Cuando necesita ayuda para entender el sistema legal y sus opciones, ya sea que est\u00e9 considerando presentar una demanda o se encuentre siendo nombrado como un demandado, es importante obtener la mayor cantidad de informaci\u00f3n posible. En <a href=\"https:\/\/montanarolaw.com\/es\/\">MontanaroLaw P.C.<\/a>, podemos hablar con usted para entender los detalles de su situaci\u00f3n y cu\u00e1l es su objetivo o esperanza para el resultado final. Podemos proporcionar asesoramiento sobre cu\u00e1les son sus opciones y las posibles opciones legales que tiene para avanzar.  <\/p>\n<p>Programar una cita con nuestra oficina es el primer paso para aprender m\u00e1s sobre c\u00f3mo podemos ayudarle. Ofrecemos consultas gratuitas para aquellos en el \u00e1rea de Massapequa, Long Island, y el \u00e1rea metropolitana del Condado de Nassau. Obtenga m\u00e1s informaci\u00f3n y hable con un miembro de nuestro equipo cuando llame a nuestra oficina al (516) 203-1700. Podemos responder a sus preguntas y ayudarle a determinar si nuestro bufete se ajusta a sus necesidades legales.   <\/p>\n","protected":false},"excerpt":{"rendered":"<p>Abogados de asesor\u00eda jur\u00eddica general de Long Island que representan sus intereses \u00bfAlguna vez ha estado en una reuni\u00f3n de negocios y ha tenido preguntas sobre las ramificaciones legales de una idea o transacci\u00f3n propuesta?&#8230; <br \/><a class=\"read-more\" title=\"FULL STORY\" href=\"https:\/\/montanarolaw.com\/es\/consejo-general\/\">Read More<\/a><\/p>\n","protected":false},"author":1,"featured_media":0,"parent":0,"menu_order":0,"comment_status":"closed","ping_status":"closed","template":"","meta":{"_acf_changed":false,"inline_featured_image":false,"_genesis_hide_title":false,"_genesis_hide_breadcrumbs":false,"_genesis_hide_singular_image":false,"_genesis_hide_footer_widgets":false,"_genesis_custom_body_class":"","_genesis_custom_post_class":"","_genesis_layout":"","footnotes":""},"class_list":{"0":"post-394","1":"page","2":"type-page","3":"status-publish","5":"entry"},"acf":[],"_links":{"self":[{"href":"https:\/\/montanarolaw.com\/es\/wp-json\/wp\/v2\/pages\/394","targetHints":{"allow":["GET"]}}],"collection":[{"href":"https:\/\/montanarolaw.com\/es\/wp-json\/wp\/v2\/pages"}],"about":[{"href":"https:\/\/montanarolaw.com\/es\/wp-json\/wp\/v2\/types\/page"}],"author":[{"embeddable":true,"href":"https:\/\/montanarolaw.com\/es\/wp-json\/wp\/v2\/users\/1"}],"replies":[{"embeddable":true,"href":"https:\/\/montanarolaw.com\/es\/wp-json\/wp\/v2\/comments?post=394"}],"version-history":[{"count":0,"href":"https:\/\/montanarolaw.com\/es\/wp-json\/wp\/v2\/pages\/394\/revisions"}],"wp:attachment":[{"href":"https:\/\/montanarolaw.com\/es\/wp-json\/wp\/v2\/media?parent=394"}],"curies":[{"name":"wp","href":"https:\/\/api.w.org\/{rel}","templated":true}]}}