{"id":396,"date":"2024-01-09T19:39:56","date_gmt":"2024-01-10T00:39:56","guid":{"rendered":"https:\/\/montanarolaw1.wpenginepowered.com\/health-care-contract\/"},"modified":"2025-10-13T01:51:59","modified_gmt":"2025-10-13T05:51:59","slug":"contrato-de-asistencia-sanitaria","status":"publish","type":"page","link":"https:\/\/montanarolaw.com\/es\/contrato-de-asistencia-sanitaria\/","title":{"rendered":"Abogados de contratos de atenci\u00f3n m\u00e9dica de Long Island que le ayudan a obtener lo que se merece"},"content":{"rendered":"<h1>Abogados de contratos de atenci\u00f3n m\u00e9dica de Long Island que le ayudan a obtener lo que se merece<\/h1>\n<p>La atenci\u00f3n m\u00e9dica es una gran industria que abarca muchas profesiones. Desde m\u00e9dicos y enfermeras hasta quiropr\u00e1cticos y oftalm\u00f3logos, una cosa que todos estos puestos tienen en com\u00fan, adem\u00e1s de ayudar a los pacientes, es que operan con contratos de trabajo. En la industria m\u00e9dica, estos se denominan contratos de atenci\u00f3n m\u00e9dica y tienen secciones espec\u00edficas que son aplicables a aquellos en puestos de atenci\u00f3n m\u00e9dica.  <\/p>\n<p>Sabemos que tiene poco tiempo y que revisar cada l\u00ednea de un contrato de varias p\u00e1ginas probablemente no sea una prioridad en su lista de tareas pendientes. Ah\u00ed es donde entramos nosotros. MontanaroLaw P.C. tiene un historial probado cuando se trata de garantizar que los contratos de atenci\u00f3n m\u00e9dica reflejen las necesidades de nuestros clientes.  <\/p>\n<p>Ya sea usted un trabajador de la salud o un empleador, nuestros abogados de contratos m\u00e9dicos pueden proporcionarle asesoramiento legal eficaz. Para obtener m\u00e1s informaci\u00f3n sobre c\u00f3mo podemos ayudarle con todos los aspectos de la legislaci\u00f3n sobre contratos de atenci\u00f3n m\u00e9dica, p\u00f3ngase en contacto con nuestra oficina de Long Island hoy mismo. <\/p>\n<h2>\u00bfQu\u00e9 cubre la legislaci\u00f3n sobre contratos de atenci\u00f3n m\u00e9dica?<\/h2>\n<p>La legislaci\u00f3n sobre contratos de atenci\u00f3n m\u00e9dica es una subcategor\u00eda de la ley que se centra en la creaci\u00f3n, revisi\u00f3n y negociaci\u00f3n de contratos de trabajo m\u00e9dico entre m\u00e9dicos individuales y empleadores de grupo. Cualquier cosa que pueda incluirse en un contrato de trabajo, como beneficios, salario base, compensaci\u00f3n adicional, programaci\u00f3n y requisitos de guardia, requisitos de educaci\u00f3n continua y seguro. <\/p>\n<h2>\u00bfPor qu\u00e9 es importante contar con un abogado especializado en contratos de atenci\u00f3n m\u00e9dica?<\/h2>\n<p>Los acuerdos de trabajo m\u00e9dico son contratos complicados y es f\u00e1cil pasar por alto que algo no se incluy\u00f3. Es posible que tampoco se sienta c\u00f3modo negociando su contrato o que no sepa qu\u00e9 partes pueden modificarse. Un <a href=\"https:\/\/montanarolaw.com\/es\/negocios\/\">abogado de negocios<\/a> de atenci\u00f3n m\u00e9dica es su mejor fuente para garantizar que sus acuerdos de trabajo tengan todos los elementos necesarios. Un abogado tiene la experiencia necesaria para revisar a fondo el contrato antes de firmarlo.   <\/p>\n<h2>\u00bfPuede un abogado especializado en contratos de atenci\u00f3n m\u00e9dica ayudarme a negociar?<\/h2>\n<p>\u00a1Absolutamente! Un abogado especializado en contratos de atenci\u00f3n m\u00e9dica tiene experiencia en la revisi\u00f3n de acuerdos de trabajo m\u00e9dico y sabe qu\u00e9 buscar para asegurarse de que est\u00e1 protegido de posibles problemas legales en el futuro y de que su contrato refleja todo lo que deber\u00eda. Esto incluye proporcionar asesoramiento sobre las partes del contrato que parecen poder negociarse para su mejor inter\u00e9s. Esto podr\u00eda significar negociar un salario base m\u00e1s alto u obtener m\u00e1s tiempo libre pagado o menos horas de guardia.   <\/p>\n<p>Los profesionales m\u00e9dicos son una parte muy importante de la comunidad y trabajamos arduamente para garantizar que nuestros clientes tengan contratos m\u00e9dicos que reflejen esto. Revisamos minuciosamente cada secci\u00f3n y sugerimos secciones para eliminar, agregar o cambiar. Nuestro equipo puede hablar con el empleador en su nombre para gestionar todas las negociaciones por usted hasta que el contrato est\u00e9 listo para firmar.  <\/p>\n<h2>Puntos comunes de negociaci\u00f3n para los contratos de atenci\u00f3n m\u00e9dica<\/h2>\n<p>Si bien cada acuerdo entre un m\u00e9dico y un empleador es ligeramente diferente, muchos empleadores de grupo utilizan la misma plantilla de contrato que cubre los mismos puntos clave. Estos son algunos puntos comunes que su abogado de contratos m\u00e9dicos puede ayudarle a evaluar y negociar si es necesario: <\/p>\n<ul>\n<li><strong>Compensaci\u00f3n<\/strong>: Esto puede ser su salario base, as\u00ed como otras partes de un paquete de compensaci\u00f3n, como bonificaciones.<\/li>\n<li><strong>Beneficios<\/strong>: Los beneficios son una categor\u00eda amplia que cubre todo, desde la cantidad de vacaciones que tiene cada a\u00f1o hasta su paquete de seguro m\u00e9dico. Si su contrato no est\u00e1 exactamente donde quiere que est\u00e9, este puede ser un buen lugar para intentar negociar porque los empleadores a menudo tienen m\u00e1s libertad en estos elementos que en el salario real. <\/li>\n<li><strong>Horario y guardia:<\/strong> Esto le permite saber qu\u00e9 tipo de horario acepta trabajar. Tambi\u00e9n cubre si ser\u00e1 responsable de los horarios de guardia fuera de las horas regulares y lo que puede anticipar que ser\u00e1n. <\/li>\n<li><strong>T\u00e9rminos y rescisi\u00f3n<\/strong>: Esta secci\u00f3n del contrato cubre los t\u00e9rminos reales del empleo, como el puesto de trabajo, la fecha de inicio y la duraci\u00f3n del plazo del contrato, as\u00ed como cu\u00e1les son los motivos de rescisi\u00f3n y las pautas legales sobre c\u00f3mo cualquiera de las partes debe rescindir el contrato.<\/li>\n<li><strong>Cl\u00e1usulas restrictivas:<\/strong> Una cl\u00e1usula restrictiva tambi\u00e9n puede denominarse cl\u00e1usula de no competencia. Esta es una parte del contrato que los empleadores suelen incluir para asegurarse de que no puede trabajar para un competidor al mismo tiempo o renunciar a su trabajo para ir inmediatamente a otra instalaci\u00f3n. <\/li>\n<\/ul>\n<p>Los contratos de trabajo vienen con muchas partes y piezas e incluyen jerga legal que puede ser dif\u00edcil de entender. Esta es la raz\u00f3n por la que es importante que un abogado especializado en contratos de atenci\u00f3n m\u00e9dica revise su contrato con usted y se asegure de que sabe exactamente lo que acepta. <\/p>\n<h2>\u00bfQu\u00e9 pasa si quiero rescindir mi contrato?<\/h2>\n<p>Los contratos son legalmente vinculantes y existen consecuencias por rescindirlos fuera de los t\u00e9rminos del propio contrato. Si desea rescindir su contrato, es importante buscar asesoramiento legal para asegurarse de que lo est\u00e1 haciendo como parte de los t\u00e9rminos legales. Sin embargo, tambi\u00e9n puede haber ocasiones en las que necesite rescindir un contrato por razones no indicadas en los t\u00e9rminos. Aqu\u00ed es donde un abogado especializado en contratos de atenci\u00f3n m\u00e9dica puede evaluar su contrato y brindarle asesoramiento sobre sus opciones para salir del contrato y cu\u00e1les podr\u00edan ser las posibles consecuencias.   <\/p>\n<h2>Contratos de atenci\u00f3n m\u00e9dica para empleadores de grupo<\/h2>\n<p>En MontanaroLaw P.C., sabemos que los contratos sirven tanto para proteger al empleador como al empleado. Y es por eso que extendemos nuestros servicios legales a los clientes que son posibles empleadores y necesitan asegurarse de que sus contratos cubran todos los aspectos necesarios y los protejan de la responsabilidad tanto como sea posible. Podemos hablar con usted sobre su empresa y lo que necesita de sus empleados y luego ayudar a garantizar que los contratos de trabajo reflejen con precisi\u00f3n esas necesidades.  <\/p>\n<h2>Contratos de atenci\u00f3n m\u00e9dica para empleados individuales<\/h2>\n<p>Los profesionales m\u00e9dicos en la industria de la atenci\u00f3n m\u00e9dica deben ser conscientes de lo que est\u00e1n firmando y de todas las implicaciones que existen en sus contratos de atenci\u00f3n m\u00e9dica. En MontanaroLaw P.C., redactamos, revisamos, revisamos y asesoramos a los m\u00e9dicos con respecto a los t\u00e9rminos de los acuerdos de trabajo, incluidas las disposiciones de rescisi\u00f3n e indemnizaci\u00f3n por despido, las cl\u00e1usulas de no competencia, las disposiciones de seguro de negligencia profesional, la no solicitud y los t\u00e9rminos y cl\u00e1usulas de confidencialidad. <\/p>\n<p>Estos problemas pueden parecer que podr\u00edan estar cubiertos por el lenguaje legal est\u00e1ndar en un contrato, pero siempre es importante asegurarse de que su contrato sea el documento adecuado para su puesto y necesidades espec\u00edficos. Podemos revisar cualquier documentaci\u00f3n teniendo en cuenta sus necesidades e intereses. <\/p>\n<h2>Contrate a MontanaroLaw p.c. para sus necesidades de contratos de atenci\u00f3n m\u00e9dica<\/h2>\n<p>Representamos a empleadores de grupo y empleados m\u00e9dicos con sus necesidades de contratos de trabajo. Nuestros <g id=\"gid_0\">abogados de empleo de atenci\u00f3n m\u00e9dica<\/g> trabajan con m\u00e9dicos individuales para asegurarse de que su acuerdo de trabajo sea ideal en todas las \u00e1reas. MontanaroLaw tambi\u00e9n brinda asesoramiento sobre los posibles problemas asociados con un acuerdo de trabajo m\u00e9dico en particular en todas las fases del empleo.  <\/p>\n<p>Ya sea que sea un posible empleador o un m\u00e9dico que se prepara para firmar un contrato para un nuevo puesto, podemos brindarle asesoramiento legal para todas sus necesidades. MontanaroLaw le ayuda con las cosas que no le ense\u00f1aron en la facultad de medicina. Programe una consulta gratuita con un miembro de nuestro equipo cuando nos llame hoy al (516) 203-1700.  <\/p>\n","protected":false},"excerpt":{"rendered":"<p>Abogados de contratos de atenci\u00f3n m\u00e9dica de Long Island que le ayudan a obtener lo que se merece La atenci\u00f3n m\u00e9dica es una gran industria que abarca muchas profesiones. Desde m\u00e9dicos y enfermeras hasta quiropr\u00e1cticos&#8230; <br \/><a class=\"read-more\" title=\"FULL STORY\" href=\"https:\/\/montanarolaw.com\/es\/contrato-de-asistencia-sanitaria\/\">Read More<\/a><\/p>\n","protected":false},"author":1,"featured_media":0,"parent":0,"menu_order":0,"comment_status":"closed","ping_status":"closed","template":"","meta":{"_acf_changed":false,"inline_featured_image":false,"_genesis_hide_title":false,"_genesis_hide_breadcrumbs":false,"_genesis_hide_singular_image":false,"_genesis_hide_footer_widgets":false,"_genesis_custom_body_class":"","_genesis_custom_post_class":"","_genesis_layout":"","footnotes":""},"class_list":{"0":"post-396","1":"page","2":"type-page","3":"status-publish","5":"entry"},"acf":[],"_links":{"self":[{"href":"https:\/\/montanarolaw.com\/es\/wp-json\/wp\/v2\/pages\/396","targetHints":{"allow":["GET"]}}],"collection":[{"href":"https:\/\/montanarolaw.com\/es\/wp-json\/wp\/v2\/pages"}],"about":[{"href":"https:\/\/montanarolaw.com\/es\/wp-json\/wp\/v2\/types\/page"}],"author":[{"embeddable":true,"href":"https:\/\/montanarolaw.com\/es\/wp-json\/wp\/v2\/users\/1"}],"replies":[{"embeddable":true,"href":"https:\/\/montanarolaw.com\/es\/wp-json\/wp\/v2\/comments?post=396"}],"version-history":[{"count":0,"href":"https:\/\/montanarolaw.com\/es\/wp-json\/wp\/v2\/pages\/396\/revisions"}],"wp:attachment":[{"href":"https:\/\/montanarolaw.com\/es\/wp-json\/wp\/v2\/media?parent=396"}],"curies":[{"name":"wp","href":"https:\/\/api.w.org\/{rel}","templated":true}]}}