{"id":398,"date":"2024-01-17T19:32:26","date_gmt":"2024-01-18T00:32:26","guid":{"rendered":"https:\/\/montanarolaw1.wpenginepowered.com\/intellectual-property\/"},"modified":"2025-10-13T01:53:03","modified_gmt":"2025-10-13T05:53:03","slug":"propiedad-intelectual","status":"publish","type":"page","link":"https:\/\/montanarolaw.com\/es\/propiedad-intelectual\/","title":{"rendered":"Propiedad intelectual"},"content":{"rendered":"<h1>Registro de marca comercial<\/h1>\n<p>El nombre, el logotipo o el producto que vende su empresa es quiz\u00e1s el activo m\u00e1s valioso de una empresa. Es esencial proteger estos valiosos activos con un registro federal de marca comercial. <\/p>\n<h2>El proceso de registro de marca comercial:<\/h2>\n<ul>\n<li>Realice una b\u00fasqueda de marca comercial para determinar si el nombre comercial, el logotipo o el eslogan que desea registrar ya han sido registrados<br \/>\n.<\/li>\n<li>Prepare y presente una solicitud federal de marca comercial ante la Oficina de Patentes y Marcas de los Estados Unidos<br \/>\n (USPTO).<\/li>\n<li>La solicitud de marca comercial se asignar\u00e1 a un abogado examinador en la USPTO (aproximadamente 3 meses<br \/>\n despu\u00e9s de presentar la solicitud de marca comercial).<\/li>\n<li>El abogado examinador revisar\u00e1 la solicitud de marca comercial y podr\u00e1 aprobarla o emitir una acci\u00f3n de<br \/>\n la oficina.<\/li>\n<li>Si se emite una acci\u00f3n de la oficina, se debe responder dentro de los seis (6) meses para preservar la solicitud de<br \/>\n marca comercial.<\/li>\n<li>Si se aprueba la solicitud, la marca comercial se publica para su oposici\u00f3n en la Gaceta Oficial de la USPTO<br \/>\n.<\/li>\n<li>Durante el per\u00edodo de publicaci\u00f3n de treinta (30) d\u00edas, el p\u00fablico en general puede presentar una oposici\u00f3n formal al<br \/>\n registro de la marca comercial.<\/li>\n<li>La marca comercial propuesta se registrar\u00e1 si no hay oposici\u00f3n.<\/li>\n<\/ul>\n<h2>\u00bfCu\u00e1nto tiempo se tarda en registrar una marca comercial?<\/h2>\n<p>La USPTO tarda aproximadamente un (1) a\u00f1o en procesar una solicitud de marca comercial; sin embargo, el proceso puede tardar m\u00e1s dependiendo de la cantidad de acciones de la oficina o de la oposici\u00f3n a la marca comercial. Cuando la USPTO emite una acci\u00f3n de la oficina, es esencialmente un rechazo. Las acciones sustantivas de la oficina generalmente se basan en defectos en la propia marca comercial y pueden ser dif\u00edciles de superar. Una acci\u00f3n sustantiva t\u00edpica de la oficina es una denegaci\u00f3n \u00ab2(d)\u00bb, com\u00fanmente conocida como denegaci\u00f3n basada en una \u00abprobabilidad de confusi\u00f3n\u00bb. En esta situaci\u00f3n, el abogado examinador puede haber opinado que una marca comercial propuesta es demasiado similar a una marca comercial registrada anteriormente. Superar una denegaci\u00f3n \u00ab2(d)\u00bb requiere una respuesta persuasiva y sustantiva que cite precedentes legales. Las acciones no sustantivas de la oficina se emiten por defectos t\u00e9cnicos en la solicitud de marca comercial y, como tales, suelen ser m\u00e1s f\u00e1ciles de superar. El solicitante dispone de un per\u00edodo de seis (6) meses para responder a cualquier tipo de acci\u00f3n de la oficina, o la solicitud se considerar\u00e1 \u00ababandonada\u00bb y la tarifa de presentaci\u00f3n del solicitante se perder\u00e1.       <\/p>\n<h2>\u00bfCu\u00e1l es la tarifa de la USPTO para registrar una marca comercial?<\/h2>\n<p>Generalmente, la USPTO cobra una tarifa de presentaci\u00f3n de $325 por clase internacional de bienes o servicios para cada marca comercial.<\/p>\n<h2>\u00bfPor qu\u00e9 deber\u00eda contratar a MontanaroLaw?<\/h2>\n<p>Siempre se recomienda <a href=\"https:\/\/www.google.com\/maps?cid=3165837110749854167\" target=\"_blank\" rel=\"noopener\">contratar a un abogado<\/a> al presentar una solicitud de marca comercial. El proceso es esencialmente un procedimiento legal con una agencia gubernamental que finalmente decidir\u00e1 si obtiene protecci\u00f3n de marca comercial para su propiedad intelectual. Contratar a <a href=\"https:\/\/montanarolaw.com\/es\/\">MontanaroLaw<\/a> para presentar su marca comercial le proporciona un proceso de registro acelerado, ya que estamos equipados para presentar correctamente la solicitud de marca comercial y supervisar el estado de la solicitud durante el examen.  <\/p>\n<p>MontanaroLaw est\u00e1 presente en cada paso del camino para responder a cualquier acci\u00f3n de la oficina y alertarle de los siguientes pasos durante todo el proceso. \u201d Ll\u00e1menos hoy para una consulta gratuita al (516) 203-1700. <\/p>\n","protected":false},"excerpt":{"rendered":"<p>Registro de marca comercial El nombre, el logotipo o el producto que vende su empresa es quiz\u00e1s el activo m\u00e1s valioso de una empresa. Es esencial proteger estos valiosos activos con un registro federal de&#8230; <br \/><a class=\"read-more\" title=\"FULL STORY\" href=\"https:\/\/montanarolaw.com\/es\/propiedad-intelectual\/\">Read More<\/a><\/p>\n","protected":false},"author":1,"featured_media":0,"parent":0,"menu_order":0,"comment_status":"closed","ping_status":"closed","template":"","meta":{"_acf_changed":false,"inline_featured_image":false,"_genesis_hide_title":false,"_genesis_hide_breadcrumbs":false,"_genesis_hide_singular_image":false,"_genesis_hide_footer_widgets":false,"_genesis_custom_body_class":"","_genesis_custom_post_class":"","_genesis_layout":"","footnotes":""},"class_list":{"0":"post-398","1":"page","2":"type-page","3":"status-publish","5":"entry"},"acf":[],"_links":{"self":[{"href":"https:\/\/montanarolaw.com\/es\/wp-json\/wp\/v2\/pages\/398","targetHints":{"allow":["GET"]}}],"collection":[{"href":"https:\/\/montanarolaw.com\/es\/wp-json\/wp\/v2\/pages"}],"about":[{"href":"https:\/\/montanarolaw.com\/es\/wp-json\/wp\/v2\/types\/page"}],"author":[{"embeddable":true,"href":"https:\/\/montanarolaw.com\/es\/wp-json\/wp\/v2\/users\/1"}],"replies":[{"embeddable":true,"href":"https:\/\/montanarolaw.com\/es\/wp-json\/wp\/v2\/comments?post=398"}],"version-history":[{"count":0,"href":"https:\/\/montanarolaw.com\/es\/wp-json\/wp\/v2\/pages\/398\/revisions"}],"wp:attachment":[{"href":"https:\/\/montanarolaw.com\/es\/wp-json\/wp\/v2\/media?parent=398"}],"curies":[{"name":"wp","href":"https:\/\/api.w.org\/{rel}","templated":true}]}}