{"id":400,"date":"2024-01-07T15:49:21","date_gmt":"2024-01-07T20:49:21","guid":{"rendered":"https:\/\/montanarolaw1.wpenginepowered.com\/estate-planning\/"},"modified":"2025-10-13T01:51:51","modified_gmt":"2025-10-13T05:51:51","slug":"planificacion-patrimonial","status":"publish","type":"page","link":"https:\/\/montanarolaw.com\/es\/planificacion-patrimonial\/","title":{"rendered":"Abogados de planificaci\u00f3n patrimonial de Long Island que ayudan a los clientes a poner en orden sus asuntos"},"content":{"rendered":"<h1>Abogados de planificaci\u00f3n patrimonial de Long Island que ayudan a los clientes a poner en orden sus asuntos<\/h1>\n<p>La planificaci\u00f3n patrimonial es una parte importante para garantizar que sus asuntos al final de la vida est\u00e9n en orden, pero no es solo una consideraci\u00f3n para aquellos que necesitan servicios de derecho de la tercera edad. Un abogado patrimonial en Long Island puede ayudarle a asegurarse de que tiene todos los documentos necesarios para manejar cualquier situaci\u00f3n en la que pueda estar incapacitado o para garantizar que sus deseos se ejecuten correctamente despu\u00e9s de su muerte. Tener un plan patrimonial tambi\u00e9n es importante para cualquier persona que tenga hijos u otros beneficiarios o aquellos que puedan tener circunstancias especiales, como una enfermedad terminal.  <\/p>\n<p>T\u00f3mese un momento y piense en lo que suceder\u00eda si falleciera. \u00bfTiene un testamento que especifique qui\u00e9n recibe sus bienes o posesiones? \u00bfTiene un tutor legal nombrado para sus hijos? \u00bfQu\u00e9 pasa si enfermara gravemente y no pudiera tomar decisiones m\u00e9dicas por s\u00ed mismo? \u00bfQuiere que le reanimen y con qu\u00e9 medidas? Estas son cosas muy importantes en las que pensar y aclarar antes de que sucedan. Y un abogado patrimonial puede ayudarle a crear los documentos legales necesarios en el estado de Nueva York para garantizar que se cumplan todos sus deseos.      <\/p>\n<p>Si est\u00e1 preparado para elaborar un plan patrimonial integral que establezca sus deseos al final de la vida y c\u00f3mo quiere que se gestionen sus bienes despu\u00e9s de su muerte, p\u00f3ngase en contacto con MontanaroLaw P.C. hoy mismo para hablar de sus opciones con m\u00e1s detalle. Nuestro equipo de <g id=\"gid_0\">abogados especializados en derecho de la tercera edad<\/g>, con amplios conocimientos, puede ayudarle a comprender mejor su situaci\u00f3n y c\u00f3mo puede ayudarle un plan patrimonial. Tambi\u00e9n ofrecemos una consulta gratuita para que pueda asegurarse de que nuestro bufete es una buena opci\u00f3n y hacerse una idea de los honorarios legales antes de seguir adelante.  <\/p>\n<h2>\u00bfQu\u00e9 es un abogado de planificaci\u00f3n patrimonial?<\/h2>\n<p>Un abogado de planificaci\u00f3n patrimonial es un abogado que ayuda a los clientes a navegar por el proceso legal de creaci\u00f3n de documentos para el final de la vida y proporciona otros servicios de planificaci\u00f3n patrimonial. Estos podr\u00edan incluir el cambio de los beneficiarios de un fideicomiso o la revisi\u00f3n de documentos ya existentes para garantizar que se hacen correctamente y reflejan con precisi\u00f3n los deseos de la persona. Un abogado de planificaci\u00f3n patrimonial ha aprobado el colegio de abogados y tiene el conocimiento y la experiencia para proporcionar asesoramiento legal a los clientes en esta \u00e1rea de pr\u00e1ctica.  <\/p>\n<h2>\u00bfQu\u00e9 preguntas debo hacer?<\/h2>\n<p>Cuando est\u00e9 buscando un abogado de planificaci\u00f3n patrimonial para que se encargue de sus asuntos, es importante buscar un bufete que tenga experiencia en esta \u00e1rea de pr\u00e1ctica y los conocimientos necesarios para ayudarle. Es posible que desee hacer preguntas como: <\/p>\n<ul>\n<li>\u00bfQu\u00e9 porcentaje de sus clientes se dedican a la planificaci\u00f3n patrimonial?<\/li>\n<li>\u00bfTiene experiencia en la elaboraci\u00f3n y modificaci\u00f3n de documentos patrimoniales?<\/li>\n<li>\u00bfPuede ayudarme a crear documentos personalizados para mis circunstancias?<\/li>\n<\/ul>\n<p>Es posible que tambi\u00e9n desee buscar un bufete, como MontanaroLaw P.C., que ofrezca consultas gratuitas, para que pueda asegurarse de que el bufete y sus <a href=\"https:\/\/montanarolaw.com\/es\/negocios\/\">abogados de negocios<\/a> son una buena opci\u00f3n para usted en lo que respecta a la comunicaci\u00f3n y el presupuesto.<\/p>\n<h2>\u00bfCu\u00e1les son algunos ejemplos de documentos de planificaci\u00f3n patrimonial?<\/h2>\n<p>Los asuntos de planificaci\u00f3n patrimonial implican una gran cantidad de papeleo y documentaci\u00f3n porque cuando es el momento de que los documentos se ejecuten, la persona generalmente ya no est\u00e1 viva o est\u00e1 mental o f\u00edsicamente incapacitada hasta tal punto que hace que sea imposible para ellos comunicar sus deseos en tiempo real. Los tipos de documentos que se incluyen dependen de las circunstancias individuales y otros factores, como el n\u00famero de bienes y el n\u00famero de posibles beneficiarios, pero los documentos que se indican a continuaci\u00f3n son los m\u00e1s utilizados y son buenas opciones para incluir en la mayor\u00eda de los planes patrimoniales. <\/p>\n<h2>Testamentos<\/h2>\n<p>Cuando la gente piensa en el derecho de la tercera edad y en lo que implica, un testamento puede ser una de las primeras cosas que vienen a la mente. En los programas de televisi\u00f3n y las pel\u00edculas, la lectura del testamento puede ser un punto importante de la trama y venir con mucho drama. Sin embargo, en la vida real, por lo general no sucede as\u00ed. A continuaci\u00f3n, puede encontrar detalles sobre los dos tipos principales de testamentos que intervienen en la planificaci\u00f3n patrimonial y c\u00f3mo se utilizan.   <\/p>\n<h2>\u00daltima voluntad y testamento<\/h2>\n<p>Una \u00faltima voluntad y testamento es lo m\u00e1s com\u00fan que la gente piensa cuando considera su plan patrimonial. Este tipo de testamento es un documento legalmente vinculante que contiene todas sus decisiones sobre c\u00f3mo se dividir\u00e1n sus bienes entre sus beneficiarios despu\u00e9s de su fallecimiento. Los padres pueden desear nombrar un tutor espec\u00edfico en el testamento para cuidar de cualquier hijo menor si ambos fallecen. Es importante tener en cuenta que un testamento tiene que pasar por el proceso de legalizaci\u00f3n, que puede ser largo, por lo que cualquier cosa que deba ser manejada inmediatamente despu\u00e9s de la muerte \u2014como los deseos de entierro\u2014 debe estar en otra documentaci\u00f3n. Para ser v\u00e1lido, una \u00faltima voluntad y testamento debe cumplir con todos los requisitos del estado de Nueva York. Estos incluyen:     <\/p>\n<ul>\n<li>Ser firmado por el autor del testamento<\/li>\n<li>Estar debidamente fechado<\/li>\n<li>Ser firmado por dos testigos separados<\/li>\n<\/ul>\n<p>Trabajar con un abogado de planificaci\u00f3n patrimonial puede garantizar que su \u00faltima voluntad y testamento incluya todo lo que debe y cumpla con los est\u00e1ndares del estado de Nueva York para ser legalmente vinculante.<\/p>\n<h2>Testamento vital<\/h2>\n<p>Un testamento vital es un documento legal completamente diferente de una \u00faltima voluntad y testamento, y al igual que el nombre sugiere, es algo que describe sus deseos mientras todav\u00eda est\u00e1 vivo. Tambi\u00e9n conocido como una directiva anticipada, un testamento vital es donde usted escribe sus deseos al final de la vida con respecto a cosas tales como: <\/p>\n<ul>\n<li>Si desea que se le realicen medidas para salvarle la vida, como la RCP<\/li>\n<li>Si desea ser intubado<\/li>\n<li>\u00bfC\u00f3mo le gustar\u00eda que se manejara su atenci\u00f3n si no puede tomar sus propias decisiones?<\/li>\n<\/ul>\n<p>Los testamentos vitales son a menudo utilizados por aquellos con enfermedades terminales, pero a veces, las personas que luchan con ciertos trastornos de salud mental tambi\u00e9n utilizan testamentos vitales para asegurar que sus tratamientos, medicamentos y profesionales preferidos son conocidos.<\/p>\n<p>Al igual que una \u00faltima voluntad y testamento, un testamento vital s\u00f3lo es v\u00e1lido si cumple con los requisitos del estado de Nueva York, que incluyen tener dos testigos. Un testamento vital tambi\u00e9n puede ser revocado o cambiado en cualquier momento. Es importante que sus amigos y familiares sepan si tiene un testamento vital para que puedan asegurarse de que se comunique a sus proveedores de atenci\u00f3n m\u00e9dica en una situaci\u00f3n de emergencia.  <\/p>\n<h2>Poder notarial duradero<\/h2>\n<p>Un poder notarial duradero es otra parte importante de su plan patrimonial. Este es un documento legal que le permite nombrar a alguien que pueda tomar decisiones por usted si no puede hacerlo. Un poder notarial duradero se utiliza generalmente en situaciones comerciales, legales y financieras. Algunas de las cosas que un poder notarial duradero puede hacer por usted incluyen:   <\/p>\n<ul>\n<li>Pagar sus facturas<\/li>\n<li>Retirar, depositar y transferir fondos<\/li>\n<li>Gestionar inversiones<\/li>\n<li>Realizar operaciones inmobiliarias, incluyendo compras y ventas<\/li>\n<li>Presentar sus declaraciones de impuestos<\/li>\n<\/ul>\n<p>Un poder notarial duradero se utiliza a menudo en los casos en que una persona mayor tiene demencia u otro problema de salud que les impide ser capaces de tomar sus propias decisiones. Sin embargo, cualquier persona puede establecer un poder notarial duradero en cualquier momento y por cualquier raz\u00f3n. Es importante hablar con un abogado para asegurarse de que entiende hasta d\u00f3nde se extiende el poder de decisi\u00f3n de la persona y los posibles riesgos.  <\/p>\n<h2>Poder notarial para la atenci\u00f3n m\u00e9dica<\/h2>\n<p>Tambi\u00e9n conocido como poder notarial m\u00e9dico, un poder notarial para la atenci\u00f3n m\u00e9dica funciona de manera similar al poder notarial duradero. La diferencia es que se centra en la toma de decisiones sobre la atenci\u00f3n m\u00e9dica. Nombra a una persona que se encarga de tomar decisiones m\u00e9dicas por usted. A menudo, el poder notarial para la atenci\u00f3n m\u00e9dica se encargar\u00e1 de tomar cualquier decisi\u00f3n que no est\u00e9 ya cubierta en su testamento vital o de garantizar que esos deseos sean llevados a cabo por el personal m\u00e9dico.   <\/p>\n<h2>Fideicomiso en vida<\/h2>\n<p>Un fideicomiso en vida se llama as\u00ed porque debe ser creado mientras usted todav\u00eda est\u00e1 vivo. Si bien un fideicomiso en vida no es algo que deba incluirse en todos los planes patrimoniales, es algo que debe discutir con su abogado para ver si ser\u00eda beneficioso para su situaci\u00f3n. Un fideicomiso en vida es un documento legalmente vinculante que pone a una persona a cargo de la gesti\u00f3n de los bienes destinados a otra persona. Esto se utiliza a menudo en los casos en que alguien muere y deja atr\u00e1s a ni\u00f1os menores de edad, as\u00ed que considere el siguiente ejemplo.   <\/p>\n<p>Usted quiere dejar 50.000 d\u00f3lares a su hijo, pero todav\u00eda es menor de edad en el momento de su muerte. Si tiene el dinero en un fideicomiso, tendr\u00eda una persona nombrada \u2014llamada el administrador fiduciario\u2014 que es responsable de administrar ese dinero apropiadamente hasta que el ni\u00f1o tenga 18 a\u00f1os o alcance otra edad importante, como se indica en la creaci\u00f3n del fideicomiso. Si cree que un fideicomiso en vida es algo que podr\u00eda ser una buena opci\u00f3n para su plan patrimonial, un abogado puede ayudarle a establecer uno, decidir los par\u00e1metros y nombrar a un administrador fiduciario.  <\/p>\n<h2>\u00bfC\u00f3mo puede ayudarme un abogado de planificaci\u00f3n patrimonial con experiencia?<\/h2>\n<p>Obtener ayuda profesional con la administraci\u00f3n de su patrimonio es importante para garantizar que todo se haga correctamente y que no haya problemas o discusiones cuando llegue el momento de ejecutar sus instrucciones. Los abogados de planificaci\u00f3n patrimonial en Nueva York pueden hablar con usted para comprender mejor su situaci\u00f3n particular y ayudarle a desarrollar un plan para garantizar que sus derechos y deseos est\u00e9n protegidos y se ejecuten despu\u00e9s de su fallecimiento o si no puede tomar esas decisiones por s\u00ed mismo en el futuro. A continuaci\u00f3n, se indican algunos de los beneficios que obtiene cuando contrata a un abogado de planificaci\u00f3n patrimonial con experiencia.  <\/p>\n<h2>Obtenga una perspectiva profesional de los abogados de planificaci\u00f3n patrimonial<\/h2>\n<p>La planificaci\u00f3n patrimonial es \u00fanica en el sentido de que no es una situaci\u00f3n en la que mucha gente llega a experimentar el resultado de primera mano. Es posible que haya pasado por el proceso de legalizaci\u00f3n despu\u00e9s de la muerte de otro familiar o que haya escuchado historias sobre lo que sucedi\u00f3 con un testamento o un fideicomiso, pero los abogados de planificaci\u00f3n patrimonial pueden darle una perspectiva diferente sobre el proceso. <\/p>\n<p>Los abogados de planificaci\u00f3n patrimonial se ocupan de la administraci\u00f3n del patrimonio, la legalizaci\u00f3n, los testamentos, las directivas anticipadas de atenci\u00f3n m\u00e9dica y los poderes notariales de forma regular, y tienen la ventaja de poder ver el antes \u2014y el despu\u00e9s\u2014 en muchas situaciones diferentes. Esto les da una perspectiva \u00fanica al asesorarle sobre sus propias necesidades. Un abogado de planificaci\u00f3n patrimonial puede estar en una mejor posici\u00f3n para se\u00f1alar posibles problemas, inconsistencias o puntos demasiado vagos en su plan patrimonial y ayudarle a elaborar una estrategia para garantizar que las cosas est\u00e9n lo m\u00e1s claras posible. Los abogados de planificaci\u00f3n patrimonial tambi\u00e9n son inestimables cuando se trata de hacer cambios en un plan patrimonial ya existente.   <\/p>\n<h2>Proporcione la tranquilidad de que tiene un plan patrimonial integral<\/h2>\n<p>La planificaci\u00f3n patrimonial adecuada depende de dos factores principales: la precisi\u00f3n y la minuciosidad. Muchas personas s\u00f3lo piensan en una \u00faltima voluntad y testamento al desarrollar su plan patrimonial, pero hay mucho m\u00e1s en la administraci\u00f3n del patrimonio que s\u00f3lo esto. Cuando trabaja con un abogado de planificaci\u00f3n patrimonial, puede ayudarle a asesorarle sobre lo que debe incluirse en su plan patrimonial, incluyendo:  <\/p>\n<ul>\n<li>Una \u00faltima voluntad y testamento tradicional<\/li>\n<li>Un testamento vital<\/li>\n<li>Una directiva anticipada de atenci\u00f3n m\u00e9dica<\/li>\n<li>Poderes notariales<\/li>\n<\/ul>\n<p>Cuando se re\u00fana con su abogado especializado en derecho de la tercera edad, es una buena idea hacerle saber cu\u00e1les son sus deseos finales. Esto puede facilitarles la sugerencia de ciertos documentos o estrategias de planificaci\u00f3n patrimonial para garantizar que se ejecuten sus deseos. Si cree que sus hijos pueden pelearse por ciertas cosas despu\u00e9s de que usted se haya ido, su abogado puede ayudarle a asegurarse de que su plan de administraci\u00f3n del patrimonio cubra todos los escenarios posibles y deje muy claro c\u00f3mo quiere que se dividan sus bienes o c\u00f3mo se gestionen sus deseos al final de la vida.  <\/p>\n<h2>Haga todos sus documentos de planificaci\u00f3n patrimonial a la vez<\/h2>\n<p>Uno de los mejores beneficios de contratar a un abogado de planificaci\u00f3n patrimonial es que puede ayudarle a obtener sus documentos de administraci\u00f3n del patrimonio de forma r\u00e1pida y eficiente a la vez. Su abogado puede ayudarle a entender qu\u00e9 documentos y planes son relevantes para su situaci\u00f3n y luego crear una lista de todo lo que necesita ser manejado con su patrimonio. Esto le permite establecer un testamento vital, una \u00faltima voluntad y testamento, un poder notarial y un apoderado para la atenci\u00f3n m\u00e9dica a la vez para que sepa que est\u00e1 cubierto sin importar lo que pueda suceder en el futuro.  <\/p>\n<h2>Aseg\u00farese de que todos los documentos coincidan<\/h2>\n<p>Si ya tiene uno o dos documentos, como un testamento o un poder notarial para la atenci\u00f3n m\u00e9dica, un abogado puede asegurarse de que todo coincida entre los documentos existentes y cualquier documento o plan nuevo que elija elaborar. Por ejemplo, si un testamento anterior indica que sus bienes monetarios deben dividirse por igual entre sus hijos, pero usted quiere establecer un fideicomiso para un beneficiario diferente, es una buena idea actualizar el testamento para reflejar esto. Esto reduce las posibilidades de cualquier desacuerdo sobre sus deseos y ayuda a asegurar que se ejecuten correctamente.  <\/p>\n<h2>\u00bfQu\u00e9 necesito traer conmigo?<\/h2>\n<p>Cuando est\u00e9 preparado para reunirse con un abogado especializado en derecho de la tercera edad, puede ayudar a que todo vaya bien y empezar m\u00e1s r\u00e1pidamente si viene preparado.<\/p>\n<h2>Documentos de identificaci\u00f3n personal<\/h2>\n<p>En primer lugar, querr\u00e1 traer toda su informaci\u00f3n personal, como una licencia de conducir, un comprobante de domicilio y cualquier cosa que indique su estado civil, como una licencia de matrimonio o un decreto de divorcio. Si bien su abogado puede no necesitar estas cosas para manejar su patrimonio directamente, estos documentos pueden ayudar a asegurar que los nombres, direcciones, fechas de nacimiento y otra informaci\u00f3n importante se registren correctamente. <\/p>\n<h2>Informaci\u00f3n de la cuenta financiera<\/h2>\n<p>Tambi\u00e9n querr\u00e1 asegurarse de que tiene toda la informaci\u00f3n relacionada con cualquier cuenta financiera que formar\u00e1 parte de su plan patrimonial. Es posible que necesite cosas como n\u00fameros de cuenta, nombres de instituciones financieras, prueba de qui\u00e9n es actualmente el beneficiario de cualquier p\u00f3liza de seguro de vida y saldos de cuenta. Traiga documentaci\u00f3n de todas sus cuentas, incluyendo:  <\/p>\n<ul>\n<li>Cuentas corrientes<\/li>\n<li>Cuentas de ahorro<\/li>\n<li>Cuentas de jubilaci\u00f3n<\/li>\n<li>Cuentas de inversi\u00f3n<\/li>\n<\/ul>\n<p>Tambi\u00e9n es una buena idea pensar en cualquier cosa financiera marginal, como peque\u00f1as cantidades de dinero guardadas en aplicaciones de comercio de criptomonedas o cantidades significativas de dinero en efectivo guardadas en la casa.<\/p>\n<h2>Una lista de posesiones materiales<\/h2>\n<p>Haga una lista de cualquier posesi\u00f3n material que sepa que quiere que vaya a una persona determinada. Por ejemplo, si su anillo de compromiso va a ir a un hijo y su anillo de boda a otro, eso es algo espec\u00edfico que debe ir en sus documentos de planificaci\u00f3n patrimonial. Para cualquier otra cosa que no se est\u00e9 legando espec\u00edficamente, es posible que pueda enumerar algo como \u00abcualquier posesi\u00f3n no nombrada debe dividirse por igual seg\u00fan lo acordado entre los beneficiarios\u00bb. Su abogado puede tener recomendaciones sobre c\u00f3mo manejar esto para reducir el riesgo de desacuerdos imprevistos cuando se ejecute el patrimonio.   <\/p>\n<h2>P\u00f3ngase en contacto con nuestros abogados de planificaci\u00f3n patrimonial hoy mismo<\/h2>\n<p>Ahora que sabe m\u00e1s sobre lo que implica el manejo de sus necesidades de planificaci\u00f3n patrimonial y c\u00f3mo puede ayudar un abogado especializado en derecho de la tercera edad, puede empezar a dar los siguientes pasos para planificar su patrimonio y elaborar sus deseos para el final de la vida. Nuestro bufete de abogados de planificaci\u00f3n patrimonial tiene el conocimiento y la experiencia que est\u00e1 buscando para manejar su caso. Algunos de los aspectos del derecho de la tercera edad con los que podemos ayudarle incluyen:  <\/p>\n<ul>\n<li>Preparar una \u00faltima voluntad y testamento<\/li>\n<li>Crear un testamento vital<\/li>\n<li>Nombrar un poder notarial duradero y un poder notarial para la atenci\u00f3n m\u00e9dica<\/li>\n<li>Revisar y actualizar los documentos patrimoniales existentes<\/li>\n<li>Proporcionar asesoramiento sobre un plan patrimonial integral<\/li>\n<\/ul>\n<p>Tanto si est\u00e1 considerando c\u00f3mo desea que se gestionen sus asuntos tras su fallecimiento como si necesita realizar cambios en un documento existente, nuestro bufete puede ayudarle. En MontanaroLaw P.C., sabemos que la planificaci\u00f3n patrimonial es una parte importante de la vida, pero tambi\u00e9n sabemos que puede parecer abrumadora. Nos centramos en proporcionar a nuestros clientes asesoramiento pr\u00e1ctico y soluciones eficaces para ayudarles a desarrollar planes patrimoniales integrales que satisfagan sus necesidades espec\u00edficas. Si est\u00e1 listo para sentarse y poner sus asuntos en orden o desea hablar de sus opciones en una consulta gratuita, p\u00f3ngase en contacto con nuestro equipo en el (516) 203-1700 hoy mismo.   <\/p>\n","protected":false},"excerpt":{"rendered":"<p>Abogados de planificaci\u00f3n patrimonial de Long Island que ayudan a los clientes a poner en orden sus asuntos La planificaci\u00f3n patrimonial es una parte importante para garantizar que sus asuntos al final de la vida&#8230; <br \/><a class=\"read-more\" title=\"FULL STORY\" href=\"https:\/\/montanarolaw.com\/es\/planificacion-patrimonial\/\">Read More<\/a><\/p>\n","protected":false},"author":1,"featured_media":0,"parent":0,"menu_order":0,"comment_status":"closed","ping_status":"closed","template":"","meta":{"_acf_changed":false,"inline_featured_image":false,"_genesis_hide_title":false,"_genesis_hide_breadcrumbs":false,"_genesis_hide_singular_image":false,"_genesis_hide_footer_widgets":false,"_genesis_custom_body_class":"","_genesis_custom_post_class":"","_genesis_layout":"","footnotes":""},"class_list":{"0":"post-400","1":"page","2":"type-page","3":"status-publish","5":"entry"},"acf":[],"_links":{"self":[{"href":"https:\/\/montanarolaw.com\/es\/wp-json\/wp\/v2\/pages\/400","targetHints":{"allow":["GET"]}}],"collection":[{"href":"https:\/\/montanarolaw.com\/es\/wp-json\/wp\/v2\/pages"}],"about":[{"href":"https:\/\/montanarolaw.com\/es\/wp-json\/wp\/v2\/types\/page"}],"author":[{"embeddable":true,"href":"https:\/\/montanarolaw.com\/es\/wp-json\/wp\/v2\/users\/1"}],"replies":[{"embeddable":true,"href":"https:\/\/montanarolaw.com\/es\/wp-json\/wp\/v2\/comments?post=400"}],"version-history":[{"count":0,"href":"https:\/\/montanarolaw.com\/es\/wp-json\/wp\/v2\/pages\/400\/revisions"}],"wp:attachment":[{"href":"https:\/\/montanarolaw.com\/es\/wp-json\/wp\/v2\/media?parent=400"}],"curies":[{"name":"wp","href":"https:\/\/api.w.org\/{rel}","templated":true}]}}