{"id":402,"date":"2024-01-09T20:01:07","date_gmt":"2024-01-10T01:01:07","guid":{"rendered":"https:\/\/montanarolaw1.wpenginepowered.com\/probate\/"},"modified":"2025-10-13T01:52:38","modified_gmt":"2025-10-13T05:52:38","slug":"sucesiones","status":"publish","type":"page","link":"https:\/\/montanarolaw.com\/es\/sucesiones\/","title":{"rendered":"Abogados de sucesiones de Long Island que ofrecen asesoramiento eficaz"},"content":{"rendered":"<h1>Abogados de sucesiones de Long Island que ofrecen asesoramiento eficaz<\/h1>\n<p>Si bien siempre es mejor hablar con un <a href=\"https:\/\/montanarolaw.com\/es\/planificacion-patrimonial\/\">abogado de planificaci\u00f3n patrimonial<\/a> y tener un testamento preparado y listo, la verdad es que muchas personas no se aseguran de que esto se haga para proteger sus activos y proveer para sus beneficiarios. Cuando no hay testamento o este se impugna, los abogados de sucesiones pueden ayudar a los miembros de la familia a navegar por el sistema de derecho de la tercera edad y el proceso espec\u00edfico de pasar por la sucesi\u00f3n en el condado de Nassau. <\/p>\n<p>P\u00f3ngase en contacto con los bufetes de abogados de MontanaroLaw P.C. para hablar con un miembro de nuestro equipo legal y averiguar c\u00f3mo podemos ayudarle a superar el proceso de sucesi\u00f3n de la forma m\u00e1s r\u00e1pida y fluida posible. Ofrecemos una consulta gratuita para que pueda hablar de su caso con uno de nuestros abogados y comprender sus opciones de cara al futuro. <\/p>\n<h2>\u00bfQu\u00e9 es el derecho sucesorio?<\/h2>\n<p>El derecho sucesorio es una subcategor\u00eda del derecho de la tercera edad. Implica el proceso sucesorio m\u00e1s amplio que se requiere en el estado de Nueva York para validar y ejecutar un testamento. Un abogado de sucesiones de Nueva York tiene experiencia en el tratamiento de problemas comunes de sucesiones y puede ayudar a los miembros de la familia a impugnar un testamento o a luchar por ser nombrado albacea del patrimonio si no se dej\u00f3 ning\u00fan testamento.  <\/p>\n<h2>\u00bfQu\u00e9 implica el proceso de sucesi\u00f3n?<\/h2>\n<p>Hay varios pasos involucrados en el proceso de sucesi\u00f3n, y depende de si existe o no un testamento y de si hay alg\u00fan argumento sobre su validez. El tribunal de sucesiones es responsable de asegurar que cualquier testamento que exista como parte del patrimonio sea v\u00e1lido y haya cumplido con todos los requisitos del estado, tales como firmas, fechas y testigos. El tribunal de sucesiones tambi\u00e9n crear\u00e1 una lista de cualquier propiedad personal que forme parte del patrimonio pero que no est\u00e9 protegida de otra manera en un fideicomiso y la har\u00e1 valorar. La propiedad debe ser valorada para que pueda haber un valor total del patrimonio.   <\/p>\n<p>Cualquier impuesto o deuda pendiente debe ser pagado con cargo al patrimonio antes de que los activos restantes puedan ser pagados a los beneficiarios. Si no existe un testamento o se considera inv\u00e1lido, los activos se dividir\u00e1n de acuerdo con los par\u00e1metros establecidos en la ley estatal. No es inusual que haya discusiones entre los miembros de la familia si esto sucede en cuanto a qui\u00e9n recibe qu\u00e9, y aqu\u00ed es donde tener un abogado de planificaci\u00f3n patrimonial puede ayudarle a guiarle a trav\u00e9s de cualquier litigio patrimonial.  <\/p>\n<p>Los activos que est\u00e1n protegidos a trav\u00e9s de fideicomisos no tienen que pasar por el proceso de sucesi\u00f3n. A veces es posible que los beneficiarios pidan a los tribunales que desembolsen algunos activos antes de que se complete el proceso de sucesi\u00f3n si hay una necesidad inmediata, pero es importante entender que la sucesi\u00f3n es un proceso largo que puede inmovilizar los activos durante meses. <\/p>\n<h2>\u00bfC\u00f3mo puede ayudarme un abogado de sucesiones?<\/h2>\n<p>Un <a href=\"https:\/\/www.google.com\/maps?cid=3165837110749854167\" target=\"_blank\" rel=\"noopener\">abogado de sucesiones<\/a> puede ser una parte invaluable para ayudarle a navegar por los detalles del derecho de la tercera edad mientras pasa por el proceso legal de la sucesi\u00f3n. Adem\u00e1s de tratar asuntos tales como los testamentos impugnados, asegurar que el albacea est\u00e1 cumpliendo con su deber fiduciario, y ayudar con la administraci\u00f3n del patrimonio, un abogado de sucesiones puede explicar el sistema legal y qu\u00e9 esperar. <\/p>\n<p>Muchas personas se sorprenden de que un testamento tenga que pasar por el proceso de sucesi\u00f3n, incluso si no hay debate sobre su autenticidad o directivas y cu\u00e1nto tiempo puede tomar el proceso. Un abogado de sucesiones puede ayudar a establecer las expectativas para el cronograma dependiendo de los detalles de su situaci\u00f3n y ser una fuente de informaci\u00f3n y respuestas a medida que avanza en cada parte. <\/p>\n<h2>\u00bfQu\u00e9 debo buscar al hablar con abogados de sucesiones?<\/h2>\n<p>Si est\u00e1 interesado en contratar un bufete de abogados de sucesiones, es importante evaluar completamente al equipo legal para asegurar que tienen la experiencia y el conocimiento para proporcionar un asesoramiento eficaz en su caso. Un abogado de sucesiones de Nueva York debe estar familiarizado con todos los requisitos del tribunal de sucesiones y saber lo que tendr\u00e1 que hacer a medida que avanza en el proceso de sucesi\u00f3n. <\/p>\n<p>Si tiene una situaci\u00f3n espec\u00edfica, como un testamento impugnado, un testamento perdido o una disputa sobre qui\u00e9n debe ser nombrado albacea del patrimonio, es una buena idea hacer preguntas sobre la familiaridad de un abogado con este tipo de problemas y cu\u00e1ntos casos similares ha representado con \u00e9xito. Si el abogado no est\u00e1 familiarizado con el problema espec\u00edfico con el que est\u00e1 lidiando, puede ser mejor buscar otros bufetes. <\/p>\n<p>Cuando est\u00e9 hablando con un posible abogado de sucesiones, tambi\u00e9n es importante averiguar c\u00f3mo dirigen su bufete, incluyendo c\u00f3mo se comunican con los clientes y cu\u00e1les son sus condiciones de pago. Algunos abogados de sucesiones pueden estar dispuestos a manejar asuntos simples por una tarifa plana, mientras que otros requerir\u00e1n un anticipo, especialmente si se trata de una situaci\u00f3n de sucesi\u00f3n complicada que se espera que requiera varias comparecencias ante el tribunal. <\/p>\n<h2>C\u00f3mo puede ayudar MontanaroLaw P.C.<\/h2>\n<p>Lidiar con problemas de sucesi\u00f3n despu\u00e9s de perder a un ser querido puede ser muy dif\u00edcil, por lo que es importante tener un abogado de planificaci\u00f3n patrimonial de su lado. Un abogado familiarizado con el \u00e1rea de Nueva York tambi\u00e9n puede tener m\u00e1s experiencia en lo que requieren los tribunales de sucesiones locales y c\u00f3mo se manejan generalmente los casos, as\u00ed como lo que debe tener listo para tratar de acelerar el caso. Nuestro bufete de abogados tiene experiencia en el manejo de todo tipo de casos de derecho sucesorio y est\u00e1 listo para proporcionar asesoramiento legal para los miembros de la familia, otros beneficiarios, albaceas de patrimonios y otras partes involucradas en el proceso de sucesi\u00f3n.  <\/p>\n<p>MontanaroLaw P.C. tiene oficinas de abogados en Long Island y la ciudad de Nueva York y sirve a clientes en el \u00e1rea metropolitana del condado de Nassau. Llame al (516) 203-1700 para obtener m\u00e1s informaci\u00f3n sobre nuestros servicios de sucesiones o para programar una consulta gratuita. <\/p>\n","protected":false},"excerpt":{"rendered":"<p>Abogados de sucesiones de Long Island que ofrecen asesoramiento eficaz Si bien siempre es mejor hablar con un abogado de planificaci\u00f3n patrimonial y tener un testamento preparado y listo, la verdad es que muchas personas&#8230; <br \/><a class=\"read-more\" title=\"FULL STORY\" href=\"https:\/\/montanarolaw.com\/es\/sucesiones\/\">Read More<\/a><\/p>\n","protected":false},"author":1,"featured_media":0,"parent":0,"menu_order":0,"comment_status":"closed","ping_status":"closed","template":"","meta":{"_acf_changed":false,"inline_featured_image":false,"_genesis_hide_title":false,"_genesis_hide_breadcrumbs":false,"_genesis_hide_singular_image":false,"_genesis_hide_footer_widgets":false,"_genesis_custom_body_class":"","_genesis_custom_post_class":"","_genesis_layout":"","footnotes":""},"class_list":{"0":"post-402","1":"page","2":"type-page","3":"status-publish","5":"entry"},"acf":[],"_links":{"self":[{"href":"https:\/\/montanarolaw.com\/es\/wp-json\/wp\/v2\/pages\/402","targetHints":{"allow":["GET"]}}],"collection":[{"href":"https:\/\/montanarolaw.com\/es\/wp-json\/wp\/v2\/pages"}],"about":[{"href":"https:\/\/montanarolaw.com\/es\/wp-json\/wp\/v2\/types\/page"}],"author":[{"embeddable":true,"href":"https:\/\/montanarolaw.com\/es\/wp-json\/wp\/v2\/users\/1"}],"replies":[{"embeddable":true,"href":"https:\/\/montanarolaw.com\/es\/wp-json\/wp\/v2\/comments?post=402"}],"version-history":[{"count":0,"href":"https:\/\/montanarolaw.com\/es\/wp-json\/wp\/v2\/pages\/402\/revisions"}],"wp:attachment":[{"href":"https:\/\/montanarolaw.com\/es\/wp-json\/wp\/v2\/media?parent=402"}],"curies":[{"name":"wp","href":"https:\/\/api.w.org\/{rel}","templated":true}]}}