{"id":404,"date":"2024-01-17T19:38:53","date_gmt":"2024-01-18T00:38:53","guid":{"rendered":"https:\/\/montanarolaw1.wpenginepowered.com\/trust\/"},"modified":"2025-10-13T01:37:19","modified_gmt":"2025-10-13T05:37:19","slug":"fideicomiso","status":"publish","type":"page","link":"https:\/\/montanarolaw.com\/es\/fideicomiso\/","title":{"rendered":"Abogados especializados en fideicomisos en Long Island"},"content":{"rendered":"<h1>Abogados especializados en fideicomisos en Long Island que le ayudan a proteger su patrimonio<\/h1>\n<p>Cuando piensa en el legado que va a dejar, puede que piense en los recuerdos que ha creado con su familia y amigos y en c\u00f3mo quiere que le recuerden. Pero es igualmente importante pensar en el legado financiero que dejar\u00e1. Tener una p\u00f3liza de seguro de vida con los familiares correctos nombrados como beneficiarios es un buen primer paso, pero cuando se trata de proteger su patrimonio, es posible que necesite un plan m\u00e1s detallado.  <\/p>\n<p>Un bufete de abogados que crea fideicomisos puede ayudarle a comprender c\u00f3mo puede utilizar esta herramienta de planificaci\u00f3n patrimonial para garantizar que los bienes vayan directamente a su c\u00f3nyuge sup\u00e9rstite u otros miembros de la familia sin tener que preocuparse por el proceso de legalizaci\u00f3n testamentaria de Nueva York. Un fideicomiso tambi\u00e9n puede ayudarle a reducir los impuestos sobre el patrimonio. <\/p>\n<p>Cuando busca un bufete de abogados que represente sus intereses y le proporcione asesoramiento legal, necesita un equipo que priorice la relaci\u00f3n abogado-cliente y que trabaje por sus mejores intereses. Y eso es exactamente lo que hacemos en MontanaroLaw P.C. Tambi\u00e9n ofrecemos una consulta gratuita para que pueda obtener m\u00e1s informaci\u00f3n sobre nuestros procesos y c\u00f3mo podemos ayudarle, ya sea algo tan sencillo como actualizar qui\u00e9n figura como administrador fiduciario o crear un plan patrimonial completamente nuevo. <\/p>\n<h2>\u00bfQu\u00e9 es un abogado especializado en fideicomisos?<\/h2>\n<p>Mucha gente piensa en el derecho penal o civil cuando oye el t\u00e9rmino abogado, pero el mundo legal es mucho m\u00e1s amplio que eso. Un abogado especializado en fideicomisos forma parte de la categor\u00eda del derecho de la tercera edad y trabaja para ayudar a los clientes a crear, modificar y revocar fideicomisos. <\/p>\n<p>Un abogado especializado en fideicomisos puede explicar los diferentes tipos de fideicomisos disponibles y ayudarle a decidir cu\u00e1l es el m\u00e1s adecuado para sus necesidades. Le ayudan a establecer los fideicomisos, incluyendo la garant\u00eda de que toda la documentaci\u00f3n se rellena correctamente y que se cumplen todos los requisitos del estado de Nueva York. <\/p>\n<h2>\u00bfNecesito un abogado especializado en patrimonio en Nueva York?<\/h2>\n<p>Si bien es posible elaborar su propio plan patrimonial y hacer esos arreglos por su cuenta en el estado de Nueva York, no es aconsejable. Muchas personas piensan que todo lo que necesitan para asegurar que sus deseos se cumplan es crear un testamento o nombrar a sus beneficiarios. Pero esto a menudo conduce a disputas sobre la validez de un testamento o un plan patrimonial que es vago y poco claro, por lo que es dif\u00edcil de ejecutar. Esto puede resultar en audiencias judiciales en curso y hacer que un proceso ya de por s\u00ed dif\u00edcil sea a\u00fan m\u00e1s estresante.   <\/p>\n<p>Si desea asegurarse de que tiene la protecci\u00f3n de activos m\u00e1s completa posible cuando se trata de crear fideicomisos y elaborar un plan patrimonial, es importante contar con el asesoramiento de un <a href=\"https:\/\/www.google.com\/maps?cid=3165837110749854167\" target=\"_blank\" rel=\"noopener\">abogado especializado en fideicomisos<\/a> con experiencia. Ellos saben las preguntas correctas que deben hacer para asegurarse de que los documentos reflejan con precisi\u00f3n sus deseos y son la mejor opci\u00f3n para su patrimonio. <\/p>\n<p>Un abogado especializado en fideicomisos tambi\u00e9n se encarga de todo el papeleo por usted \u2014y los planes patrimoniales implican mucho papeleo\u2014, as\u00ed que todo lo que tiene que hacer es explicar sus deseos y luego firmar el papeleo final.<\/p>\n<h2>\u00bfQu\u00e9 es un fideicomiso?<\/h2>\n<p>Un fideicomiso es una herramienta popular de planificaci\u00f3n patrimonial que muchas personas utilizan para asegurarse de que los bienes del fideicomiso lleguen a los beneficiarios correctos de la manera que desean, sin tener que pasar por el largo proceso de legalizaci\u00f3n testamentaria que ocurre con los testamentos. Los fideicomisos son tambi\u00e9n una forma de reducir los impuestos sobre el patrimonio que se producen cuando se deja una herencia, lo que puede ser \u00fatil para sus beneficiarios, como un c\u00f3nyuge sup\u00e9rstite, y asegurar que una mayor parte de su patrimonio vaya a donde se pretend\u00eda. <\/p>\n<p>Sin embargo, un fideicomiso no es adecuado para todas las situaciones. Los fideicomisos son documentos de planificaci\u00f3n patrimonial m\u00e1s complejos, y eso significa que tambi\u00e9n son m\u00e1s caros de crear. Los fideicomisos son especialmente \u00fatiles para las personas que quieren asegurarse de que los ni\u00f1os menores de edad o las personas dependientes con necesidades especiales est\u00e9n atendidos despu\u00e9s de que la persona ya no est\u00e9 all\u00ed para cuidar de ellos.  <\/p>\n<h2>\u00bfCu\u00e1les son los diferentes tipos de fideicomisos?<\/h2>\n<p>Cuando est\u00e1 creando su plan patrimonial y decidiendo c\u00f3mo quiere transmitir sus bienes patrimoniales a sus familiares y otros beneficiarios, es importante entender los diferentes tipos de fideicomisos que est\u00e1n disponibles. Un abogado especializado en fideicomisos de Nueva York puede guiarle a trav\u00e9s de estas opciones, explicar la diferencia en profundidad y proporcionarle asesoramiento sobre cu\u00e1l es el adecuado para usted. A continuaci\u00f3n, hemos proporcionado una breve descripci\u00f3n de los cuatro tipos principales de fideicomisos que intervienen en la mayor\u00eda de los planes patrimoniales.  <\/p>\n<h2>Fideicomiso en vida<\/h2>\n<p>Un fideicomiso en vida es uno de los fideicomisos m\u00e1s comunes creados para un plan patrimonial. Se denomina fideicomiso en vida porque se crea mientras la persona que establece el fideicomiso est\u00e1 todav\u00eda viva. La persona que crea el fideicomiso se denomina otorgante o fiduciante. La persona que se encarga de asegurar que los bienes del fideicomiso se dispersan de acuerdo con los deseos del fiduciante se llama el administrador fiduciario.   <\/p>\n<p>Muchas personas eligen utilizar fideicomisos en vida para la protecci\u00f3n de activos porque un fideicomiso no tiene que pasar por el proceso de legalizaci\u00f3n testamentaria. El fideicomiso otorga al administrador fiduciario derechos legales sobre los bienes mantenidos en el fideicomiso, por lo que pueden empezar a dispersarlos inmediatamente despu\u00e9s de la muerte del fiduciante. <\/p>\n<h2>Fideicomiso revocable<\/h2>\n<p>Un fideicomiso revocable es un tipo de fideicomiso que puede ser cambiado o completamente disuelto si el fiduciante lo elige. Esto permite al fiduciante cambiar qu\u00e9 propiedad o activos se incluyen en el fideicomiso. El fiduciante tambi\u00e9n puede optar por retirar todos los activos del fideicomiso y venderlos para obtener ingresos personales o cambiar los t\u00e9rminos del fideicomiso o los beneficiarios nombrados.  <\/p>\n<p>Un fideicomiso revocable puede ser una buena opci\u00f3n si prev\u00e9 que sus deseos o su situaci\u00f3n financiera puedan cambiar. Por ejemplo, los padres pueden establecer un fideicomiso revocable para asegurar que sus hijos est\u00e9n atendidos en caso de fallecimiento de los padres. Esto les permite cancelar f\u00e1cilmente el fideicomiso una vez que los hijos son adultos si as\u00ed lo desean.  <\/p>\n<h2>Fideicomiso irrevocable<\/h2>\n<p>Al igual que el nombre indica, un fideicomiso irrevocable es un fideicomiso que no puede ser f\u00e1cilmente cambiado por el fiduciante. Una vez que los t\u00e9rminos y los activos se establecen y el fideicomiso se crea, el fiduciante no puede cambiar los t\u00e9rminos, los beneficiarios, o qu\u00e9 activos se incluyen en un fideicomiso irrevocable. Cualquier cambio debe ser aprobado por el beneficiario.  <\/p>\n<p>Si bien los fideicomisos irrevocables tienen algunos aspectos positivos, es importante entender exactamente lo que estos implican y su permanencia antes de elegir esta opci\u00f3n. Un abogado especializado en fideicomisos puede asegurar que usted es consciente de lo que un fideicomiso irrevocable significa para su patrimonio y plan patrimonial y ayudarle a crear uno que refleje con precisi\u00f3n sus deseos. <\/p>\n<h2>Fideicomiso testamentario<\/h2>\n<p>Mientras que un fideicomiso en vida se crea antes de la muerte de la persona, un fideicomiso testamentario es un fideicomiso que se crea despu\u00e9s y est\u00e1 ligado directamente a las instrucciones dejadas en el testamento de la persona. El testamento da instrucciones para crear el fideicomiso e incluye instrucciones sobre qui\u00e9n debe ser el beneficiario o los beneficiarios y qu\u00e9 activos deben incluirse. <\/p>\n<p>Los fideicomisos testamentarios pueden ser m\u00e1s complicados, y es importante consultar con un abogado experto sobre c\u00f3mo establecer las instrucciones para crear uno dentro de su testamento.<\/p>\n<h2>\u00bfQu\u00e9 documentos de planificaci\u00f3n patrimonial forman parte de un fideicomiso?<\/h2>\n<p>Cuando usted crea un fideicomiso en el estado de Nueva York, necesita varios documentos para asegurar que el fideicomiso se crea correctamente y contiene toda la informaci\u00f3n necesaria para que pueda ser ejecutado correctamente despu\u00e9s del fallecimiento del fiduciante. Cuando usted est\u00e1 creando un fideicomiso, es importante tener toda la documentaci\u00f3n que su abogado necesitar\u00e1 para comenzar a establecer el papeleo. Esto podr\u00eda incluir cualquiera o todos los siguientes:  <\/p>\n<ul>\n<li>Extractos, incluyendo los n\u00fameros de cuenta y la informaci\u00f3n de contacto de las instituciones financieras, para cualquier cuenta corriente o de ahorros<\/li>\n<li>Grav\u00e1menes, t\u00edtulos y escrituras de propiedades inmobiliarias o veh\u00edculos<\/li>\n<li>Documentaci\u00f3n relacionada con las acciones, bonos y otras cuentas de inversi\u00f3n<\/li>\n<li>Cualquier documento relacionado con intereses en peque\u00f1as empresas, incluyendo documentos de asociaci\u00f3n\/propiedad o acciones de la empresa<\/li>\n<li>Documentos de propiedad intelectual para patentes, derechos de autor u obras de arte<\/li>\n<li>Recibos de compra o documentos de procedencia de obras de arte de alto valor o muebles antiguos<\/li>\n<li>Documentaci\u00f3n del contenido de colecciones de art\u00edculos peque\u00f1os, como sellos o monedas<\/li>\n<\/ul>\n<p>Tenga en cuenta que puede cambiar lo que se incluye para la mayor\u00eda de las opciones de fideicomiso, por lo que si vende un bien inmueble o adquiere algo m\u00e1s tarde que desea transmitir, puede actualizar el fideicomiso seg\u00fan sea necesario.<\/p>\n<h2>\u00bfC\u00f3mo puedo encontrar un buen abogado especializado en fideicomisos?<\/h2>\n<p>Encontrar un buen abogado especializado en fideicomisos en el \u00e1rea de Nueva York puede ser dif\u00edcil porque hay muchos bufetes para considerar. Pero eso no significa que todos sean iguales. Es importante asegurarse de que cualquier abogado con el que est\u00e9 considerando trabajar tenga experiencia en la creaci\u00f3n de fideicomisos, especialmente si desea un tipo espec\u00edfico de fideicomiso o tiene un patrimonio complejo que requiere un enfoque \u00fanico. Aqu\u00ed hay algunas preguntas para hacer cuando est\u00e9 hablando con un abogado para ver si es una buena opci\u00f3n para usted:   <\/p>\n<ul>\n<li>\u00bfCu\u00e1l es su experiencia con un plan patrimonial que involucra fideicomisos?<\/li>\n<li>\u00bfUtilizan documentos con plantilla o son capaces de crear algo personalizado?<\/li>\n<li>\u00bfQu\u00e9 tama\u00f1o de patrimonios y activos han representado antes?<\/li>\n<li>\u00bfC\u00f3mo se comunican con los clientes?<\/li>\n<li>\u00bfCu\u00e1nto tiempo puede esperar que dure el proceso?<\/li>\n<li>\u00bfCon qui\u00e9n habla si tiene preguntas en el camino?<\/li>\n<li>\u00bfCu\u00e1nto cobran y en qu\u00e9 momento del proceso se debe el dinero?<\/li>\n<\/ul>\n<p>Cuando est\u00e9 hablando con un abogado especializado en fideicomisos y obteniendo respuestas a estas preguntas, debe sentir que se le escucha activamente y que cualquier preocupaci\u00f3n y problema que tenga se est\u00e1 tomando en serio. Si alguien del equipo parece desde\u00f1oso o no es capaz de darle respuestas concretas, podr\u00eda ser mejor considerar otras opciones. <\/p>\n<h2>Obtenga m\u00e1s informaci\u00f3n sobre los servicios de MontanaroLaw p.c.<\/h2>\n<p>En <a href=\"https:\/\/montanarolaw.com\/es\/\">MontanaroLaw P.C.<\/a>, sabemos que reunir su plan patrimonial y crear un fideicomiso para proteger su patrimonio es algo que puede ser dif\u00edcil de gestionar por su cuenta. Podemos ayudarle a entender mejor cu\u00e1les son los requisitos de Nueva York para los fideicomisos y cu\u00e1l es el fideicomiso adecuado para sus necesidades patrimoniales espec\u00edficas. Podemos ayudarle a dise\u00f1ar un plan que ayude a limitar la cantidad de impuestos sobre el patrimonio que sus beneficiarios tendr\u00e1n que pagar, y siempre ponemos la relaci\u00f3n abogado-cliente y la comunicaci\u00f3n clara en la vanguardia de nuestras interacciones.  <\/p>\n<p>Si est\u00e1 listo para empezar a poner en orden su plan patrimonial, incluyendo la creaci\u00f3n de uno o m\u00e1s fideicomisos, estamos aqu\u00ed para ayudarle. Obtenga m\u00e1s informaci\u00f3n sobre nuestro equipo y servicios, o programe una consulta gratuita llamando a nuestro bufete de abogados al (516) 203-1700. <\/p>\n","protected":false},"excerpt":{"rendered":"<p>Abogados especializados en fideicomisos en Long Island que le ayudan a proteger su patrimonio Cuando piensa en el legado que va a dejar, puede que piense en los recuerdos que ha creado con su familia&#8230; <br \/><a class=\"read-more\" title=\"FULL STORY\" href=\"https:\/\/montanarolaw.com\/es\/fideicomiso\/\">Read More<\/a><\/p>\n","protected":false},"author":1,"featured_media":0,"parent":0,"menu_order":0,"comment_status":"closed","ping_status":"closed","template":"","meta":{"_acf_changed":false,"inline_featured_image":false,"_genesis_hide_title":false,"_genesis_hide_breadcrumbs":false,"_genesis_hide_singular_image":false,"_genesis_hide_footer_widgets":false,"_genesis_custom_body_class":"","_genesis_custom_post_class":"","_genesis_layout":"","footnotes":""},"class_list":{"0":"post-404","1":"page","2":"type-page","3":"status-publish","5":"entry"},"acf":[],"_links":{"self":[{"href":"https:\/\/montanarolaw.com\/es\/wp-json\/wp\/v2\/pages\/404","targetHints":{"allow":["GET"]}}],"collection":[{"href":"https:\/\/montanarolaw.com\/es\/wp-json\/wp\/v2\/pages"}],"about":[{"href":"https:\/\/montanarolaw.com\/es\/wp-json\/wp\/v2\/types\/page"}],"author":[{"embeddable":true,"href":"https:\/\/montanarolaw.com\/es\/wp-json\/wp\/v2\/users\/1"}],"replies":[{"embeddable":true,"href":"https:\/\/montanarolaw.com\/es\/wp-json\/wp\/v2\/comments?post=404"}],"version-history":[{"count":0,"href":"https:\/\/montanarolaw.com\/es\/wp-json\/wp\/v2\/pages\/404\/revisions"}],"wp:attachment":[{"href":"https:\/\/montanarolaw.com\/es\/wp-json\/wp\/v2\/media?parent=404"}],"curies":[{"name":"wp","href":"https:\/\/api.w.org\/{rel}","templated":true}]}}