{"id":407,"date":"2024-01-09T19:32:01","date_gmt":"2024-01-10T00:32:01","guid":{"rendered":"https:\/\/montanarolaw1.wpenginepowered.com\/bicycle-accidents\/"},"modified":"2025-10-13T01:51:41","modified_gmt":"2025-10-13T05:51:41","slug":"accidentes-de-bicicleta","status":"publish","type":"page","link":"https:\/\/montanarolaw.com\/es\/accidentes-de-bicicleta\/","title":{"rendered":"Abogados de accidentes de bicicleta en Long Island para luchar por sus derechos"},"content":{"rendered":"<h1>Abogados de accidentes de bicicleta en Long Island para luchar por sus derechos<\/h1>\n<p>Montar en bicicleta es el pasatiempo favorito de muchos, y para otros es el principal m\u00e9todo de desplazamiento o su trabajo. Pero montar en bicicleta en Long Island significa confiar en que todos los dem\u00e1s conductores, ciclistas y peatones sigan las normas de circulaci\u00f3n y sean conscientes de su entorno para evitar un choque. Y eso no siempre ocurre. <\/p>\n<p>Si ha resultado lesionado en un accidente de bicicleta, necesita un abogado de accidentes de bicicleta en Nueva York que tenga experiencia en este tipo de casos. Pueden hablar con usted sobre su situaci\u00f3n, incluyendo los detalles del accidente y qu\u00e9 lesiones sufri\u00f3, y proporcionarle asesoramiento sobre sus opciones legales. MontanaroLaw P.C. atiende a clientes en la zona de Long Island y ofrece consultas gratuitas. Puede enviarnos un correo electr\u00f3nico o llamar a nuestra oficina para programar su cita.   <\/p>\n<h2>\u00bfCu\u00e1l es la frecuencia de los accidentes de bicicleta en Nueva York?<\/h2>\n<p>Debido a que muchas personas en las \u00e1reas de la ciudad de Nueva York y Long Island eligen desplazarse en bicicleta, los accidentes de bicicleta son relativamente comunes. Brooklyn, Manhattan y Queens tienen las tasas m\u00e1s altas de accidentes de bicicleta, y hubo casi <a href=\"https:\/\/www1.nyc.gov\/html\/dot\/downloads\/pdf\/bicycle-crash-data-report-2020.pdf\" target=\"_blank\" rel=\"noopener\">6.400 accidentes de bicicleta<\/a> que involucraron a una bicicleta y un veh\u00edculo de motor en toda la ciudad de Nueva York en 2020, seg\u00fan datos del DOT de la ciudad de Nueva York. Hubo otros 214 accidentes de bicicleta en la ciudad que involucraron a una bicicleta y a un peat\u00f3n.  <\/p>\n<h2>\u00bfCu\u00e1les son las causas comunes de los accidentes de bicicleta?<\/h2>\n<p>Una de las causas m\u00e1s comunes de los accidentes de bicicleta es que la bicicleta sea golpeada por un coche. Esto puede ocurrir cuando el coche intenta pasar demasiado cerca de la bicicleta o si no ve la bicicleta cruzando la carretera a tiempo para evitar una colisi\u00f3n. Los conductores ebrios y discapacitados pueden ser m\u00e1s propensos a desviarse hacia las bicicletas. Tambi\u00e9n es posible que los peatones causen accidentes de bicicleta.   <\/p>\n<h2>\u00bfQu\u00e9 tipo de lesiones son comunes para los ciclistas involucrados en accidentes de bicicleta?<\/h2>\n<p>Los accidentes de bicicleta pueden provocar lesiones graves, especialmente si el choque involucra a un veh\u00edculo de motor. Los ciclistas pueden ser arrojados de la bicicleta, lo que aumenta el riesgo de lesiones en la cabeza. Esto es especialmente cierto si el ciclista no lleva casco. Otras lesiones comunes incluyen:   <\/p>\n<ul>\n<li>Cortes, raspaduras y erupciones cut\u00e1neas<\/li>\n<li>Hematomas<\/li>\n<li>Hemorragia interna<\/li>\n<li>Huesos rotos, particularmente las piernas<\/li>\n<li>Lesiones espinales y p\u00e9lvicas<\/li>\n<li>Lesiones en los \u00f3rganos<\/li>\n<\/ul>\n<p>Los ciclistas lesionados pueden tardar semanas e incluso meses en recuperarse, y esto puede significar elevadas facturas m\u00e9dicas. Presentar una demanda contra la parte culpable puede ayudarle a obtener parte del dinero que merece para volver a encarrilar su vida. <\/p>\n<h2>\u00bfPuedo presentar una demanda despu\u00e9s de un accidente de bicicleta?<\/h2>\n<p>Si su accidente de bicicleta fue causado por la negligencia de otra parte, es posible que pueda presentar una demanda para responsabilizarla y obtener una compensaci\u00f3n por los salarios perdidos por el tiempo libre en el trabajo o las facturas m\u00e9dicas. En el estado de Nueva York, tiene tres a\u00f1os a partir de la fecha del accidente para presentar una demanda por lesiones personales. La otra parte tiene que ser al menos parcialmente responsable del accidente, y usted tiene que ser capaz de demostrar que sufri\u00f3 alg\u00fan tipo de dificultad que califique para la compensaci\u00f3n.  <\/p>\n<p>Es com\u00fan que las v\u00edctimas de accidentes de bicicleta tengan grandes facturas m\u00e9dicas por el tratamiento, ya sea la cirug\u00eda cuando el accidente ocurri\u00f3 por primera vez o las citas de fisioterapia en curso. Probablemente tambi\u00e9n necesit\u00f3 algo de tiempo libre del trabajo para recuperarse y curarse de sus lesiones. Si ese tiempo libre no fue pagado o fue pagado a una tasa m\u00e1s baja que sus salarios normales, podr\u00eda a\u00f1adir eso a la compensaci\u00f3n que est\u00e1 buscando de los tribunales.  <\/p>\n<p>Tambi\u00e9n es posible pedir a los tribunales que le concedan dinero por el dolor y el sufrimiento que experiment\u00f3 como resultado del accidente. Esta parte puede ser un poco m\u00e1s complicada, por lo que es importante hablar de sus opciones con un <a href=\"https:\/\/www.google.com\/maps?cid=3165837110749854167\" target=\"_blank\" rel=\"noopener\">abogado de accidentes de bicicleta<\/a> de Nueva York para asegurarse de que entiende lo que puede esperar y c\u00f3mo proceder. <\/p>\n<h2>\u00bfQu\u00e9 ocurre si el ciclista tuvo la culpa?<\/h2>\n<p>En algunos accidentes de bicicleta, el ciclista tiene la culpa o contribuy\u00f3 al accidente en lugar de ser 100% culpa de la otra parte. Por ejemplo, tal vez el ciclista se desvi\u00f3 del carril bici hacia el tr\u00e1fico o no obedeci\u00f3 las se\u00f1ales de tr\u00e1fico, lo que result\u00f3 en una colisi\u00f3n. En general, los ciclistas \u2014al igual que los automovilistas e incluso los peatones\u2014 tienen derecho a ejercer un deber general de cuidado. Esto significa que est\u00e1n tomando medidas para ser conscientes de su entorno y seguir todas las leyes de ciclismo aplicables.   <\/p>\n<p>Es com\u00fan que algunas v\u00edctimas no persigan un caso de accidente de bicicleta porque piensan que tuvieron la culpa o contribuyeron al accidente de alguna manera. Sin embargo, incluso si esto es cierto, es posible que todav\u00eda pueda presentar una demanda en Nueva York. Su <a href=\"https:\/\/montanarolaw.com\/es\/lesion-personal\/\">abogado de lesiones personales<\/a> puede hablar con usted sobre su caso y qu\u00e9 parte puede haber jugado en el accidente. Si la otra parte comparte al menos parte de la responsabilidad, es posible que todav\u00eda tenga un caso.   <\/p>\n<h2>\u00bfMe meter\u00e9 en problemas si no llevaba casco?<\/h2>\n<p>Es importante estar al tanto de las leyes de bicicleta dondequiera que est\u00e9 montando en bicicleta. En Nueva York, la regla estatal es que los ciclistas menores de 14 a\u00f1os deben usar casco mientras montan en bicicleta. Adem\u00e1s de esto, los requisitos de la ciudad de Nueva York establecen que cualquier ciclista que trabaje debe usar un casco mientras monta en el cumplimiento de sus deberes laborales. Por ejemplo, esto se aplicar\u00eda a los repartidores mientras est\u00e1n trabajando en sus turnos. Si viola las leyes del casco de bicicleta, se le puede emitir una citaci\u00f3n, pero no afecta su capacidad para presentar una demanda por lesiones personales.    <\/p>\n<h2>\u00bfPuede un abogado de accidentes de bicicleta ayudarme a presentar una demanda?<\/h2>\n<p>S\u00ed, un abogado de accidentes de bicicleta puede ayudarle a presentar una demanda. De hecho, esta es una de sus funciones principales una vez que los contrata. Los accidentes de bicicleta se tratan como otros casos de lesiones personales en Nueva York, y tendr\u00e1 que presentar una demanda ante el sistema judicial civil local para que su caso se inicie. Su abogado puede encargarse de todo este papeleo por usted, asegur\u00e1ndose de que todo se haga correctamente y se presente de forma adecuada, y todo lo que tiene que hacer es firmar.   <\/p>\n<h2>\u00bfQu\u00e9 debo saber sobre trabajar con un abogado?<\/h2>\n<p>Cuando est\u00e9 considerando presentar una demanda despu\u00e9s de un accidente de bicicleta, contratar a un abogado que tenga experiencia con casos de accidentes de bicicleta debe estar en la parte superior de su lista de tareas pendientes. Sin embargo, es importante entender qu\u00e9 esperar de la experiencia y de su abogado. Aqu\u00ed hay algunas cosas que debe tener en cuenta mientras est\u00e1 trabajando con un abogado de accidentes de bicicleta.  <\/p>\n<h2>Es un esfuerzo de colaboraci\u00f3n<\/h2>\n<p>Cuando est\u00e9 entrevistando a posibles abogados de accidentes de bicicleta, es importante recordar que van a trabajar juntos como un equipo. Si bien su abogado tomar\u00e1 la iniciativa cuando se trata de presentar papeleo, mantenerse al d\u00eda con las mociones de la parte contraria y proporcionar asesoramiento, eso no significa que usted no tendr\u00e1 que hacer nada. Es importante estar preparado para proporcionar a su abogado lo que necesitan para representar adecuadamente sus casos. Eso podr\u00eda ser proporcionar copias de la documentaci\u00f3n de las lesiones y las facturas m\u00e9dicas del hospital, responder a preguntas sobre las declaraciones de los testigos y asistir a las audiencias.   <\/p>\n<p>Cuanto m\u00e1s pueda proporcionar a su abogado, mejores ser\u00e1n sus posibilidades de poder presentar un caso s\u00f3lido. Y eso significa que mejores ser\u00e1n sus posibilidades de ganar y recibir una compensaci\u00f3n por sus lesiones. Cuando se re\u00fana con un abogado, es una buena idea preguntarles qu\u00e9 necesitar\u00e1n de usted para tener \u00e9xito.  <\/p>\n<h2>Puede ser un proceso largo<\/h2>\n<p>Los casos de accidentes de bicicleta pueden tardar en resolverse, por lo que es importante que est\u00e9 preparado con expectativas precisas cuando se trata de la l\u00ednea de tiempo de su caso. El tiempo que tardar\u00e1 su caso depende de la complejidad, as\u00ed como de factores tales como la programaci\u00f3n de los tribunales y si termina resolviendo o siguiendo adelante con un juicio. <\/p>\n<p>Hable con su abogado sobre cu\u00e1nto tiempo creen que tardar\u00e1 su caso en terminar y cu\u00e1nto tiempo suelen tardar los tribunales en programar la audiencia inicial despu\u00e9s de que se presente la demanda. Recuerde que los retrasos ocurren, y es \u00fatil ser flexible a medida que el caso avanza. <\/p>\n<h2>Nada est\u00e1 garantizado<\/h2>\n<p>En el sistema judicial, nada est\u00e1 garantizado. Si un abogado est\u00e1 garantizando un resultado, es una se\u00f1al de alerta, y debe buscar otra opci\u00f3n. Una vez que tenga el juicio programado, podr\u00eda ser retrasado con una continuaci\u00f3n porque alguien est\u00e1 enfermo o incluso s\u00f3lo porque un abogado pide m\u00e1s tiempo.  <\/p>\n<p>Si va a seguir adelante con un juicio con jurado, tambi\u00e9n es importante recordar que los jurados pueden ser impredecibles. Incluso si tuvo un caso s\u00f3lido que fue ejecutado bien, no garantiza un resultado positivo. Es importante mantener la calma, mantener las cosas en perspectiva y entender cu\u00e1les son sus opciones para una apelaci\u00f3n si el veredicto no vuelve a su favor. Los abogados con experiencia en accidentes de bicicleta pueden ayudarle a prepararse para todas las incertidumbres que vienen con el sistema judicial para asegurarse de que sabe qu\u00e9 esperar y est\u00e1 preparado para todos los resultados.   <\/p>\n<h2>\u00bfC\u00f3mo contrato a un abogado de accidentes de bicicleta?<\/h2>\n<p>Contratar a un abogado de accidentes de bicicleta de Nueva York es crucial para presentar su caso, pero es normal sentirse confundido y abrumado cuando est\u00e1 buscando a alguien que lo represente. Cuando encuentre al abogado adecuado, es tan simple como decir que quiere que lo representen y aceptar cualquier estructura de honorarios que tengan en su lugar. Para los casos de lesiones personales como los accidentes de bicicleta, es com\u00fan que los abogados trabajen en base a un porcentaje de la indemnizaci\u00f3n si gana su caso.  <\/p>\n<p>Pero \u00bfqu\u00e9 pasa con la b\u00fasqueda real de un abogado que le guste que lo represente? Esta es la parte m\u00e1s complicada. Puede ser \u00fatil pedir a amigos y familiares recomendaciones para ayudarle a reducir su b\u00fasqueda, pero no quiere depender del pariente de alguien si no tiene la experiencia que su caso requiere. Esta es la raz\u00f3n por la que es importante reunirse y hablar con cualquier abogado que est\u00e9 considerando contratar para su caso.   <\/p>\n<p>Cuando se re\u00fana por primera vez con su abogado, puede hacerles preguntas como:<\/p>\n<ul>\n<li>\u00bfCu\u00e1nto tiempo lleva ejerciendo?<\/li>\n<li>\u00bfEn qu\u00e9 \u00e1rea del derecho se encuentran la mayor\u00eda de sus casos?<\/li>\n<li>\u00bfQu\u00e9 tipo de experiencia tiene con casos de accidentes de bicicleta?<\/li>\n<li>\u00bfCu\u00e1ntos casos ha ganado o perdido?<\/li>\n<li>\u00bfCu\u00e1l es su estructura de honorarios?<\/li>\n<li>\u00bfC\u00f3mo nos comunicaremos entre nosotros?<\/li>\n<li>\u00bfQu\u00e9 puedo hacer para preparar mi caso para la mejor oportunidad de \u00e9xito?<\/li>\n<\/ul>\n<p>Cualquier abogado debe estar dispuesto a responder a sus preguntas y proporcionar informaci\u00f3n b\u00e1sica sobre su firma y lo que hacen para que pueda asegurarse de que son una buena opci\u00f3n para su caso y necesidades.<\/p>\n<h2>MontanaroLaw P.C.: Abogados de Long Island para accidentes de bicicleta<\/h2>\n<p>En MontanaroLaw P.C., tenemos abogados de accidentes de bicicleta que pueden ayudarle con todos los aspectos de su caso y que se dedicar\u00e1n a representar sus intereses. Si sufri\u00f3 lesiones como resultado de un accidente de bicicleta, p\u00f3ngase en contacto con nuestra oficina al (516) 203-1700 para averiguar c\u00f3mo podemos ayudarle. Atendemos a clientes en Long Island, la ciudad de Nueva York y las \u00e1reas circundantes y estamos a la espera de tomar su llamada.  <\/p>\n","protected":false},"excerpt":{"rendered":"<p>Abogados de accidentes de bicicleta en Long Island para luchar por sus derechos Montar en bicicleta es el pasatiempo favorito de muchos, y para otros es el principal m\u00e9todo de desplazamiento o su trabajo. Pero&#8230; <br \/><a class=\"read-more\" title=\"FULL STORY\" href=\"https:\/\/montanarolaw.com\/es\/accidentes-de-bicicleta\/\">Read More<\/a><\/p>\n","protected":false},"author":1,"featured_media":0,"parent":0,"menu_order":0,"comment_status":"closed","ping_status":"closed","template":"","meta":{"_acf_changed":false,"inline_featured_image":false,"_genesis_hide_title":false,"_genesis_hide_breadcrumbs":false,"_genesis_hide_singular_image":false,"_genesis_hide_footer_widgets":false,"_genesis_custom_body_class":"","_genesis_custom_post_class":"","_genesis_layout":"","footnotes":""},"class_list":{"0":"post-407","1":"page","2":"type-page","3":"status-publish","5":"entry"},"acf":[],"_links":{"self":[{"href":"https:\/\/montanarolaw.com\/es\/wp-json\/wp\/v2\/pages\/407","targetHints":{"allow":["GET"]}}],"collection":[{"href":"https:\/\/montanarolaw.com\/es\/wp-json\/wp\/v2\/pages"}],"about":[{"href":"https:\/\/montanarolaw.com\/es\/wp-json\/wp\/v2\/types\/page"}],"author":[{"embeddable":true,"href":"https:\/\/montanarolaw.com\/es\/wp-json\/wp\/v2\/users\/1"}],"replies":[{"embeddable":true,"href":"https:\/\/montanarolaw.com\/es\/wp-json\/wp\/v2\/comments?post=407"}],"version-history":[{"count":0,"href":"https:\/\/montanarolaw.com\/es\/wp-json\/wp\/v2\/pages\/407\/revisions"}],"wp:attachment":[{"href":"https:\/\/montanarolaw.com\/es\/wp-json\/wp\/v2\/media?parent=407"}],"curies":[{"name":"wp","href":"https:\/\/api.w.org\/{rel}","templated":true}]}}