{"id":409,"date":"2024-01-09T19:31:47","date_gmt":"2024-01-10T00:31:47","guid":{"rendered":"https:\/\/montanarolaw1.wpenginepowered.com\/car-accidents\/"},"modified":"2025-10-13T01:51:50","modified_gmt":"2025-10-13T05:51:50","slug":"accidentes-de-trafico","status":"publish","type":"page","link":"https:\/\/montanarolaw.com\/es\/accidentes-de-trafico\/","title":{"rendered":"Abogados de accidentes de coche de Long Island que ayudan a los clientes a obtener una indemnizaci\u00f3n"},"content":{"rendered":"<h1>Abogados de accidentes de coche de Long Island que ayudan a los clientes a obtener una indemnizaci\u00f3n<\/h1>\n<p>La mayor\u00eda de las personas se ven involucradas en al menos un accidente de coche a lo largo de su vida, pero el hecho de que sea com\u00fan no hace que un accidente de coche sea menos aterrador. Cuando conduce o viaja en un coche, conf\u00eda en que los dem\u00e1s conductores que le rodean mantengan el control de sus veh\u00edculos. Pero, \u00bfqu\u00e9 ocurre cuando no lo hacen? Los accidentes de coche pueden causar lesiones graves y consecuencias a largo plazo, y es importante que conozca sus derechos y opciones legales.   <\/p>\n<p>Si est\u00e1 buscando un abogado con experiencia en accidentes de coche en la zona de Long Island, MontanaroLaw P.C. est\u00e1 a su disposici\u00f3n para analizar su caso y sus opciones. Ofrecemos a nuestros clientes una consulta gratuita para que pueda saber si puede presentar una demanda antes de pagar nada. Si decide trabajar con nosotros, le representaremos y trabajaremos duro para defender su caso en los tribunales de Nueva York.  <\/p>\n<h2>Accidentes de coche en Nueva York<\/h2>\n<p>Cuando resulta herido en un accidente de coche en Nueva York, es com\u00fan tener preguntas sobre lo que es normal y lo que viene despu\u00e9s. Hemos recopilado algunas preguntas frecuentes que nos hacen nuestros clientes y las respuestas a continuaci\u00f3n. <\/p>\n<h2>\u00bfCon qu\u00e9 frecuencia se producen accidentes de coche en Nueva York?<\/h2>\n<p>Los accidentes de coche son extremadamente comunes en Nueva York. Si bien las estad\u00edsticas de accidentes var\u00edan seg\u00fan la zona exacta, los <a href=\"https:\/\/www1.nyc.gov\/assets\/nypd\/downloads\/pdf\/traffic_data\/cityacc-en-us.pdf\" target=\"_blank\" rel=\"noopener\">datos de la ciudad de Nueva York<\/a> pueden ayudarle a hacerse una mejor idea de cu\u00e1ntos accidentes se producen de media. Las siguientes cifras se notificaron en mayo de 2022.  <\/p>\n<ul>\n<li>N\u00famero total de accidentes: 9.259<\/li>\n<li>Conductores heridos: 2.062<\/li>\n<li>Conductores fallecidos: 8<\/li>\n<\/ul>\n<h2>\u00bfCu\u00e1les son algunas de las causas comunes de los accidentes de coche?<\/h2>\n<p>Seg\u00fan los mismos datos utilizados anteriormente, las cinco causas m\u00e1s comunes de accidentes de coche en la ciudad de Nueva York en mayo de 2022 fueron:<\/p>\n<ul>\n<li>Falta de atenci\u00f3n\/distracci\u00f3n del conductor: 2.687<\/li>\n<li>Seguir demasiado de cerca: 763<\/li>\n<li>No ceder el paso: 693<\/li>\n<li>Adelantamiento o uso indebido del carril: 489<\/li>\n<li>Adelantar demasiado cerca: 392<\/li>\n<\/ul>\n<h2>\u00bfQu\u00e9 debo hacer si me veo involucrado en un accidente de coche?<\/h2>\n<p>Si se ve involucrado en un accidente de coche, lo primero que debe hacer es llamar al 911 y luego asegurarse de que todo el mundo est\u00e1 bien. Si usted o sus pasajeros tienen lesiones, intente evaluar la gravedad de las mismas y transmitirla a los servicios de emergencia. Es una buena idea no mover a nadie hasta que lleguen los param\u00e9dicos, ya que podr\u00eda empeorar las lesiones que afecten al cuello o la columna vertebral.  <\/p>\n<p>Una vez que se hayan atendido sus necesidades m\u00e9dicas inmediatas, es importante empezar a documentar cualquier lesi\u00f3n y tratamiento m\u00e9dico que haya recibido hasta el momento. Esto puede ayudarle m\u00e1s adelante cuando decida presentar una demanda. Nunca es demasiado pronto para empezar a hablar con un abogado que tenga experiencia en casos de accidentes de coche. Ellos pueden ayudarle a saber si tiene un caso y cu\u00e1les son los siguientes pasos para empezar a obtener una indemnizaci\u00f3n de la parte culpable.   <\/p>\n<h2>Lesiones por accidente de coche<\/h2>\n<p>Sufrir lesiones es una de las peores partes para las v\u00edctimas de accidentes de coche. En los accidentes graves, las lesiones pueden ser catastr\u00f3ficas, y son las propias lesiones las que constituyen la base de la mayor\u00eda de los casos de accidentes de coche. Las facturas m\u00e9dicas en las que incurre y los salarios perdidos por el tiempo que se ha dejado de trabajar se calculan para ayudar a determinar la cantidad de indemnizaci\u00f3n que solicita a trav\u00e9s de su demanda.  <\/p>\n<h2>\u00bfCu\u00e1les son algunas de las lesiones comunes por accidente de coche?<\/h2>\n<p>Los tipos de lesiones que pueden resultar de los accidentes de coche son muy variados y pueden ir desde cortes y contusiones menores hasta traumatismos internos masivos. Algunas lesiones comunes por accidente de coche incluyen: <\/p>\n<ul>\n<li>Traumatismo por objeto contundente debido al impacto<\/li>\n<li>Articulaciones dislocadas<\/li>\n<li>Huesos rotos<\/li>\n<li>Hemorragia interna<\/li>\n<li>\u00d3rganos lacerados<\/li>\n<li>Latigazo cervical<\/li>\n<li>Lesiones por aplastamiento, especialmente en las extremidades inferiores<\/li>\n<li>P\u00e9rdida excesiva de sangre<\/li>\n<li>Lesiones cerebrales, incluyendo conmociones cerebrales e hinchaz\u00f3n alrededor del cerebro<\/li>\n<li>Hematomas por el cintur\u00f3n de seguridad o los airbags<\/li>\n<li>Quemaduras<\/li>\n<\/ul>\n<p>En la mayor\u00eda de los casos, las v\u00edctimas que usan cinturones de seguridad sufren menos lesiones graves que las que no lo hacen. Esto se debe a que la fuerza del impacto puede lanzar a una persona fuera del coche y a trav\u00e9s del parabrisas, a\u00f1adiendo otro impacto y aumentando las posibilidades de ser atropellado si no est\u00e1 asegurado con un cintur\u00f3n de seguridad. <\/p>\n<h2>\u00bfQu\u00e9 ocurre si no me doy cuenta de que estoy lesionado hasta d\u00edas despu\u00e9s del accidente?<\/h2>\n<p>Es com\u00fan que las v\u00edctimas de accidentes de coche no se den cuenta de que est\u00e1n lesionadas de inmediato, especialmente si las lesiones no son obvias, como un hueso roto. Cuando se encuentra en un accidente de coche, su adrenalina se dispara, y esto puede enmascarar el dolor y otros s\u00edntomas, que aparecen d\u00edas despu\u00e9s, cuando su cuerpo se ha calmado. <\/p>\n<p>El latigazo cervical, el dolor de espalda e incluso la hemorragia interna causada por un traumatismo por objeto contundente debido al impacto pueden pasar desapercibidos inmediatamente despu\u00e9s de un accidente de coche. Por eso es importante no aceptar inmediatamente una indemnizaci\u00f3n del seguro de la otra parte. Puede pensar que est\u00e1 un poco r\u00edgido o dolorido para descubrir m\u00e1s tarde que tiene un problema de espalda grave que requiere cirug\u00eda y semanas de baja laboral.  <\/p>\n<p>En el estado de Nueva York, tiene tres a\u00f1os para presentar una demanda por lesiones personales. Esto significa que est\u00e1 bien tomarse un tiempo despu\u00e9s del accidente para asegurarse de que tiene una evaluaci\u00f3n completa del impacto del accidente en su calidad de vida y tener una mejor idea de las facturas m\u00e9dicas en las que ha incurrido o que a\u00fan puede estar esperando. <\/p>\n<h2>\u00bfQu\u00e9 ocurre si alguien a quien quiero ha muerto en un accidente de coche?<\/h2>\n<p>La mayor\u00eda de los accidentes de coche s\u00f3lo causan lesiones menores, pero los accidentes muy graves pueden terminar en una fatalidad. Si alguien a quien quiere ha muerto en un accidente de coche, es posible que pueda presentar una demanda por homicidio culposo. Un <a href=\"https:\/\/montanarolaw.com\/es\/lesion-personal\/\">abogado de lesiones personales<\/a> que tenga experiencia en casos de homicidio culposo puede hablar con usted sobre su caso y c\u00f3mo puede presentar una demanda contra la parte que caus\u00f3 el accidente mortal.  <\/p>\n<p>Lidiar con una demanda cuando el dolor a\u00fan es reciente puede ser dif\u00edcil, y es importante contar con un abogado que entienda c\u00f3mo navegar por este tiempo. El equipo de MontanaroLaw P.C. puede trabajar con usted para informarle de cu\u00e1nto tiempo tiene para presentar una demanda por homicidio culposo y cu\u00e1les son sus opciones. <\/p>\n<h2>Determinaci\u00f3n de la responsabilidad en un accidente de coche<\/h2>\n<p>En un caso de accidente de coche, la determinaci\u00f3n de la responsabilidad es una parte importante para saber si tiene un caso y cu\u00e1nta indemnizaci\u00f3n puede obtener. Sin embargo, esta es un \u00e1rea que es confusa para muchas personas. Puede encontrar respuestas a preguntas comunes sobre c\u00f3mo se determina la responsabilidad en los accidentes de coche y temas similares a continuaci\u00f3n.  <\/p>\n<h2>\u00bfQui\u00e9n decide qui\u00e9n es responsable de un accidente de coche?<\/h2>\n<p>La responsabilidad de un accidente de coche es determinada por los investigadores de seguros. Ellos har\u00e1n una investigaci\u00f3n exhaustiva del accidente, incluyendo la revisi\u00f3n de los informes policiales, la revisi\u00f3n de las fotos de la escena y hablar con las partes involucradas. Al final de la investigaci\u00f3n, tienen una determinaci\u00f3n sobre qui\u00e9n es responsable del accidente. Esto podr\u00eda ser una o ambas partes, as\u00ed como una parte externa. Por ejemplo, si hab\u00eda escombros en la carretera que el departamento de carreteras era responsable de asegurar que estuviera despejada, podr\u00edan ser nombrados parcialmente responsables.    <\/p>\n<h2>\u00bfQu\u00e9 ocurre si yo tuve parte de la culpa?<\/h2>\n<p>Si se le considera parcialmente culpable del accidente, es posible que a\u00fan tenga un caso de accidente de coche. Muchas personas no persiguen estos casos porque piensan que ser parcialmente culpable significa que no tienen ning\u00fan motivo para demandar. Pero esto no es exacto. Nueva York permite la responsabilidad compartida, lo que significa que a\u00fan puede buscar una indemnizaci\u00f3n incluso si usted fue parcialmente culpable. Los tribunales simplemente reducen el n\u00famero de da\u00f1os y perjuicios que conceden en funci\u00f3n del porcentaje de culpa.    <\/p>\n<p>Un ejemplo muy simplificado podr\u00eda ser la siguiente situaci\u00f3n. Si usted estuvo en un accidente de coche que fue 100% culpa de la otra parte y usted estaba buscando da\u00f1os y perjuicios de $50,000, los tribunales podr\u00edan conceder la cantidad total si usted ganara el caso. Sin embargo, si se le considera 50% culpable del accidente, los tribunales podr\u00edan reducir esta cantidad a $25,000 como un ajuste por la responsabilidad compartida.  <\/p>\n<p>Si cree que usted tuvo la culpa de un accidente de coche, sigue siendo una buena idea hablar con un abogado de lesiones personales familiarizado con las leyes de Nueva York. Ellos pueden ayudarle a determinar qu\u00e9 porcentaje de responsabilidad puede compartir, c\u00f3mo eso podr\u00eda afectar su indemnizaci\u00f3n, y si es en su inter\u00e9s perseguir el caso. <\/p>\n<h2>\u00bfTengo que hablar con la compa\u00f1\u00eda de seguros de coche de la otra persona?<\/h2>\n<p>Cuando alguien m\u00e1s le golpea y le lesiona en un accidente de coche, es normal que las compa\u00f1\u00edas de seguros de ambas partes se involucren. Sin embargo, es importante recordar que la compa\u00f1\u00eda de seguros de la otra parte no le representa a usted y no est\u00e1 trabajando para sus intereses. Esto significa que pueden tratar de convencerle de que usted tuvo la culpa del accidente \u2014 o responsabilidad compartida \u2014 cuando no fue as\u00ed o persuadirle de que acepte una indemnizaci\u00f3n baja.  <\/p>\n<p>Si contrata a un <a href=\"https:\/\/www.google.com\/maps?cid=3165837110749854167\" target=\"_blank\" rel=\"noopener\">abogado de accidentes de coche<\/a> para que le represente, \u00e9l puede hablar con la compa\u00f1\u00eda de seguros por usted. Esto asegura que no tenga que preocuparse de ser intimidado o presionado para tomar algo que es menos de lo que merece. <\/p>\n<h2>Demandas por accidentes de coche<\/h2>\n<p>Las demandas por accidentes de coche tienen muchos componentes, y es com\u00fan que las v\u00edctimas no sepan por d\u00f3nde empezar cuando est\u00e1n considerando presentar una demanda. Si bien hablar con un abogado de accidentes de coche es la mejor manera de obtener la informaci\u00f3n que necesita que ser\u00e1 directamente relevante para su caso, hemos proporcionado algunas respuestas generales a las preguntas m\u00e1s frecuentes a continuaci\u00f3n. <\/p>\n<h2>\u00bfCu\u00e1nto tiempo tengo para presentar una demanda despu\u00e9s de un accidente de coche?<\/h2>\n<p>El tiempo que tiene para presentar una demanda despu\u00e9s de un accidente de coche est\u00e1 determinado por el estatuto de limitaciones. En el estado de Nueva York, el estatuto de limitaciones dice que las v\u00edctimas tienen tres a\u00f1os para presentar una demanda por lesiones personales despu\u00e9s de un accidente de coche. Esto asegura que tenga el tiempo que necesita para evaluar con precisi\u00f3n el \u00faltimo impacto de sus lesiones y saber cu\u00e1nto ha causado el accidente p\u00e9rdidas financieras.  <\/p>\n<p>Y si bien es bueno tomarse ese tiempo para obtener una imagen completa de lo que quiere buscar con la demanda, tambi\u00e9n significa que pierde la capacidad de solicitar cualquier compensaci\u00f3n si espera m\u00e1s de tres a\u00f1os. Si se est\u00e1 acercando al estatuto de limitaciones y no est\u00e1 seguro de cu\u00e1les son sus opciones, hablar con un abogado de accidentes de coche es el primer paso. Podemos ayudarle a entender sus opciones y presentar una demanda r\u00e1pidamente para asegurar que lo haga a tiempo para seguir adelante.  <\/p>\n<h2>\u00bfC\u00f3mo s\u00e9 si tengo un caso?<\/h2>\n<p>Si no es un abogado, puede ser dif\u00edcil saber si tiene una reclamaci\u00f3n por accidente de coche que sea ganable en el estado de Nueva York. Esto se debe a que qui\u00e9n tiene la culpa y qu\u00e9 caus\u00f3 el accidente puede ser dif\u00edcil de averiguar definitivamente, y todav\u00eda est\u00e1 a merced de los tribunales para determinar si la otra parte debe ser considerada responsable financieramente. <\/p>\n<p>Hablar con un abogado de accidentes de coche puede ayudarle a averiguar si tiene un caso. Le pedir\u00e1n toda la informaci\u00f3n que tenga relacionada con el accidente, incluyendo los informes policiales y las investigaciones de seguros. Entonces, pueden revisar esa informaci\u00f3n para ver si tiene motivos para presentar una demanda. Incluso si el abogado no cree que sea probable que gane un juicio, podr\u00eda sugerir otras opciones, como tratar de llegar a un acuerdo extrajudicial.   <\/p>\n<h2>\u00bfQu\u00e9 indemnizaci\u00f3n permiten los tribunales de Nueva York?<\/h2>\n<p>Desafortunadamente, no hay garant\u00edas en lo que respecta a la cantidad que podr\u00eda recibir en una reclamaci\u00f3n por accidente de coche. Depende de los detalles individuales del caso y a veces incluso del juez o jurado con el que termine. Sin embargo, hay tres categor\u00edas principales que se tienen en cuenta en la indemnizaci\u00f3n: gastos m\u00e9dicos, salarios perdidos y dolor y sufrimiento.  <\/p>\n<p>Los gastos m\u00e9dicos y los salarios perdidos son mucho m\u00e1s f\u00e1ciles de probar porque vienen con registros, recibos y otra documentaci\u00f3n, pero es dif\u00edcil ofrecer pruebas f\u00edsicas del dolor y el sufrimiento emocional. Su abogado puede discutir si usted es elegible para pedir dinero por el dolor y el sufrimiento y c\u00f3mo presentar mejor su caso. <\/p>\n<h2>\u00bfDebo llegar a un acuerdo extrajudicial?<\/h2>\n<p>Esta es una pregunta com\u00fan porque pasar por una demanda por accidente de coche puede ser un proceso largo y estresante. En algunos casos, el curso de acci\u00f3n correcto es aceptar una oferta de acuerdo. Sin embargo, esto debe hacerse con mucho cuidado y s\u00f3lo con el asesoramiento legal adecuado.  <\/p>\n<p>Las ofertas de acuerdo a menudo pueden ser mucho m\u00e1s bajas de lo que puede obtener a trav\u00e9s de los tribunales, y es importante nunca aceptar una oferta sin consultar primero con su abogado. Ellos pueden ser capaces de conseguirle m\u00e1s negociando la oferta o aconsej\u00e1ndole que piensan que seguir adelante a un juicio ser\u00eda la mejor opci\u00f3n. <\/p>\n<h2>\u00bfQu\u00e9 debo esperar si vamos a juicio?<\/h2>\n<p>Para los casos de accidentes de coche que van a juicio, es \u00fatil tener una comprensi\u00f3n completa de c\u00f3mo es el proceso y lo que se requerir\u00e1 de usted. Su abogado le pedir\u00e1 toda la documentaci\u00f3n que tenga en torno al caso. Esto podr\u00eda ser copias de los informes policiales, los resultados de las investigaciones de seguros, los recibos de las facturas m\u00e9dicas, los registros m\u00e9dicos y su propia declaraci\u00f3n personal sobre lo que sucedi\u00f3. Todo esto ayuda al abogado a prepararse para el caso y a decidir qu\u00e9 estrategia de litigio es probable que sea la m\u00e1s eficaz.   <\/p>\n<p>En cuanto al juicio en s\u00ed, muchas personas se sorprenden de lo largos que pueden ser los juicios y de lo aburridos que son en comparaci\u00f3n con lo que vemos tan a menudo en los programas de televisi\u00f3n y las pel\u00edculas. Su abogado presentar\u00e1 su caso, incluyendo la presentaci\u00f3n de pruebas en el registro y la llamada a cualquier testigo. Entonces, es el turno del demandado. Su representaci\u00f3n legal har\u00e1 un contrainterrogatorio a sus testigos y presentar\u00e1 cualquier prueba que tenga. Una vez que los argumentos finales est\u00e1n terminados, el jurado decidir\u00e1 qui\u00e9n gana y cu\u00e1l debe ser la cantidad del juicio. En algunos casos, puede optar por tener un juicio sin jurado, lo que significa que el juez toma la decisi\u00f3n en lugar de un jurado.     <\/p>\n<h2>Trabajar con un abogado de accidentes de coche<\/h2>\n<p>Trabajar con un abogado de accidentes de coche de Nueva York deber\u00eda ser una experiencia positiva, pero ayuda saber qu\u00e9 esperar. A continuaci\u00f3n, cubrimos c\u00f3mo un abogado puede ayudarle con su caso de accidente de coche y por qu\u00e9 creemos que deber\u00eda contratar a nuestra firma. <\/p>\n<h2>\u00bfC\u00f3mo puede ayudarme un abogado de accidentes de coche?<\/h2>\n<p>Un abogado de accidentes de coche puede ayudarle de muchas maneras cuando se trata de casos de accidentes de coche. En primer lugar, pueden hacerle saber si tiene un caso que valga la pena perseguir e informarle de cu\u00e1les pueden ser sus opciones alternativas. En segundo lugar, pueden representarle a trav\u00e9s de todas las partes de la demanda, para que no tenga ese estr\u00e9s a\u00f1adido mientras est\u00e1 tratando de recuperarse y curarse de sus lesiones. En tercer lugar, su abogado es un recurso con conocimientos para cualquier pregunta e inquietud que pueda tener durante el proceso de presentaci\u00f3n y persecuci\u00f3n de una demanda.   <\/p>\n<h2>\u00bfPuede un abogado de accidentes de coche negociar una oferta de acuerdo?<\/h2>\n<p>S\u00ed, un abogado de accidentes de coche con experiencia puede ser su voz durante las negociaciones con la otra parte o su compa\u00f1\u00eda de seguros. Un abogado tiene el conocimiento necesario para evaluar una oferta de acuerdo propuesta y hacerle saber si es razonable y los pros y los contras de tomarla frente a ir a la corte. Tenga en cuenta que la decisi\u00f3n final sobre si aceptar una oferta de acuerdo es siempre suya.  <\/p>\n<h2>\u00bfPor qu\u00e9 deber\u00eda trabajar con MontanaroLaw p.c.?<\/h2>\n<p>Sabemos que hay muchos bufetes de abogados de accidentes de coche de Queens por ah\u00ed y que puede ser dif\u00edcil decidir qu\u00e9 bufete contratar para que le represente. Aqu\u00ed hay algunas razones principales por las que destacamos del resto: <\/p>\n<ul>\n<li>Tenemos un historial de representaci\u00f3n exitosa de v\u00edctimas de casos de accidentes de coche.<\/li>\n<li>Tenemos experiencia en la defensa de todo tipo de casos, incluidos aquellos que involucran juicios con jurado y acuerdos extrajudiciales.<\/li>\n<li>Somos de la zona de Long Island y estamos familiarizados con el sistema legal del condado de Nassau.<\/li>\n<li>Ofrecemos asesoramiento transparente y eficaz, centrado en proporcionar a nuestros clientes soluciones pr\u00e1cticas a sus problemas legales.<\/li>\n<li>Ofrecemos consultas gratuitas.<\/li>\n<\/ul>\n<p>Si ha resultado lesionado en un accidente automovil\u00edstico debido a la negligencia de otra parte, es posible que tenga opciones. El equipo de MontanaroLaw P.C. atiende a clientes en los condados de Suffolk y Nassau, incluyendo Long Island, Massapequa y el \u00e1rea metropolitana de la ciudad de Nueva York. Llame a nuestra oficina al <strong>(516) 203-1700<\/strong> para programar una consulta gratuita y obtener m\u00e1s informaci\u00f3n sobre qu\u00e9 tipo de compensaci\u00f3n podr\u00eda tener derecho a recibir.  <\/p>\n","protected":false},"excerpt":{"rendered":"<p>Abogados de accidentes de coche de Long Island que ayudan a los clientes a obtener una indemnizaci\u00f3n La mayor\u00eda de las personas se ven involucradas en al menos un accidente de coche a lo largo&#8230; <br \/><a class=\"read-more\" title=\"FULL STORY\" href=\"https:\/\/montanarolaw.com\/es\/accidentes-de-trafico\/\">Read More<\/a><\/p>\n","protected":false},"author":1,"featured_media":0,"parent":0,"menu_order":0,"comment_status":"closed","ping_status":"closed","template":"","meta":{"_acf_changed":false,"inline_featured_image":false,"_genesis_hide_title":false,"_genesis_hide_breadcrumbs":false,"_genesis_hide_singular_image":false,"_genesis_hide_footer_widgets":false,"_genesis_custom_body_class":"","_genesis_custom_post_class":"","_genesis_layout":"","footnotes":""},"class_list":{"0":"post-409","1":"page","2":"type-page","3":"status-publish","5":"entry"},"acf":[],"_links":{"self":[{"href":"https:\/\/montanarolaw.com\/es\/wp-json\/wp\/v2\/pages\/409","targetHints":{"allow":["GET"]}}],"collection":[{"href":"https:\/\/montanarolaw.com\/es\/wp-json\/wp\/v2\/pages"}],"about":[{"href":"https:\/\/montanarolaw.com\/es\/wp-json\/wp\/v2\/types\/page"}],"author":[{"embeddable":true,"href":"https:\/\/montanarolaw.com\/es\/wp-json\/wp\/v2\/users\/1"}],"replies":[{"embeddable":true,"href":"https:\/\/montanarolaw.com\/es\/wp-json\/wp\/v2\/comments?post=409"}],"version-history":[{"count":0,"href":"https:\/\/montanarolaw.com\/es\/wp-json\/wp\/v2\/pages\/409\/revisions"}],"wp:attachment":[{"href":"https:\/\/montanarolaw.com\/es\/wp-json\/wp\/v2\/media?parent=409"}],"curies":[{"name":"wp","href":"https:\/\/api.w.org\/{rel}","templated":true}]}}