{"id":412,"date":"2024-01-09T19:40:18","date_gmt":"2024-01-10T00:40:18","guid":{"rendered":"https:\/\/montanarolaw1.wpenginepowered.com\/motorcycle-accidents\/"},"modified":"2025-10-13T01:52:28","modified_gmt":"2025-10-13T05:52:28","slug":"accidentes-de-moto","status":"publish","type":"page","link":"https:\/\/montanarolaw.com\/es\/accidentes-de-moto\/","title":{"rendered":"Abogados especializados en accidentes de motocicleta en Long Island que representan su caso de lesiones personales"},"content":{"rendered":"<h1>Abogados especializados en accidentes de motocicleta en Long Island que representan su caso de lesiones personales<\/h1>\n<p>Montar en motocicleta produce una cierta sensaci\u00f3n de libertad que es dif\u00edcil de conseguir en otro lugar. Muchas personas en Long Island eligen las motocicletas como su principal medio de transporte en los meses m\u00e1s c\u00e1lidos. Desafortunadamente, otros conductores no siempre est\u00e1n atentos a las motocicletas como deber\u00edan, y pueden pasar solo unos segundos entre que todo est\u00e1 bien y un accidente que cambia la vida.  <\/p>\n<p>Los accidentes de motocicleta son incre\u00edblemente comunes en Nueva York, pero tambi\u00e9n pueden tener efectos devastadores. Si ha resultado herido, es posible que tenga que tratar con agentes de polic\u00eda que le pidan declaraciones y hagan su investigaci\u00f3n o con la compa\u00f1\u00eda de seguros de la otra parte. Es normal querer resolver todo lo antes posible despu\u00e9s de un accidente de motocicleta, pero las compa\u00f1\u00edas de seguros a menudo intentar\u00e1n que acepte una oferta de acuerdo a la baja cuando pueda obtener mucho m\u00e1s a trav\u00e9s de los tribunales.  <\/p>\n<p>Si usted o un ser querido ha resultado herido en un accidente de motocicleta, es importante contar con un abogado con experiencia en accidentes de motocicleta de su lado. MontanaroLaw P.C. tiene experiencia en el manejo de casos de accidentes de motocicleta que involucran todo tipo de lesiones, y nuestro equipo sabe c\u00f3mo ayudarlo a presentar su caso de la manera m\u00e1s efectiva. P\u00f3ngase en contacto con nuestra oficina de Long Island para programar su consulta gratuita.  <\/p>\n<h2>\u00bfPuedo presentar una demanda por lesiones personales si me lesiono en un accidente de motocicleta?<\/h2>\n<p>Si result\u00f3 lesionado en un accidente de motocicleta y se determin\u00f3 que fue al menos parcialmente culpa de la otra parte, puede tener motivos para presentar una demanda por lesiones personales. Un accidente de motocicleta se trata como cualquier otro accidente de veh\u00edculo de motor cuando se trata del sistema judicial civil de Nueva York. Las dos cosas principales que los abogados de accidentes de motocicleta tienen que probar para ganar su caso son que usted result\u00f3 lesionado como resultado del accidente y que la otra parte es al menos parcialmente culpable y puede ser legalmente responsable.  <\/p>\n<p>Sin embargo, presentar, y luego perseguir, una demanda por lesiones personales no es tan simple como parece. Este es un asunto legal serio, y es importante contar con un abogado experto en accidentes de motocicleta que lo represente y luche por sus intereses. <\/p>\n<h2>\u00bfQui\u00e9n decide qui\u00e9n tiene la culpa de un accidente de motocicleta?<\/h2>\n<p>Cuando ocurre un accidente, es com\u00fan que las partes involucradas se culpen mutuamente. Los agentes de polic\u00eda que responden al accidente tambi\u00e9n har\u00e1n su propia investigaci\u00f3n e intentar\u00e1n determinar qui\u00e9n tuvo la culpa legalmente. Si la compa\u00f1\u00eda de seguros de la otra parte est\u00e1 tratando de que llegue a un acuerdo, pueden tratar de convencerlo de que usted tuvo la culpa para que no piense que tiene un caso.  <\/p>\n<p>Sin embargo, determinar la responsabilidad en Nueva York es m\u00e1s complicado que esto cuando se trata de determinar si tiene motivos para una demanda por lesiones personales. En nuestro estado, los accidentes de motocicleta no tienen que ser 100% culpa de una parte u otra. Nueva York permite la responsabilidad parcial, lo que significa que incluso si el tribunal determina que usted fue parcialmente culpable del accidente, a\u00fan puede obtener alguna compensaci\u00f3n. Si no est\u00e1 seguro de si tiene motivos para un caso de lesiones personales despu\u00e9s de un accidente de motocicleta, lo mejor es hablar con un abogado para obtener m\u00e1s informaci\u00f3n sobre sus opciones.   <\/p>\n<h2>\u00bfA cu\u00e1nta compensaci\u00f3n tengo derecho?<\/h2>\n<p>Cuando est\u00e1 considerando pasar por el proceso de presentar una demanda por un accidente de motocicleta, la cantidad de compensaci\u00f3n a la que tiene derecho es una pregunta com\u00fan. Y la respuesta es que depende de las circunstancias que rodean el accidente, qui\u00e9n tuvo la culpa, el tipo y la gravedad de las lesiones sufridas, si se necesit\u00f3 atenci\u00f3n m\u00e9dica continua y si su caso califica para una adjudicaci\u00f3n adicional por dolor y sufrimiento. A continuaci\u00f3n, entraremos en m\u00e1s detalles sobre los factores m\u00e1s comunes que intervienen en una adjudicaci\u00f3n de compensaci\u00f3n.  <\/p>\n<h2>Necesidades m\u00e9dicas inmediatas<\/h2>\n<p>Los accidentes de motocicleta a menudo causan lesiones graves debido al hecho de que el conductor tiene poca o ninguna protecci\u00f3n contra el impacto del accidente. Esto significa que puede ser necesaria una atenci\u00f3n m\u00e9dica importante de inmediato. Esto podr\u00eda incluir:  <\/p>\n<ul>\n<li>Traslado en ambulancia<\/li>\n<li>Vuelo de emergencia a otro hospital<\/li>\n<li>Cirug\u00eda de emergencia<\/li>\n<li>Una larga estancia en la UCI<\/li>\n<\/ul>\n<p>Es probable que sepa que sus facturas m\u00e9dicas inmediatas van a ser altas, pero pueden pasar algunos meses para obtener las facturas reales y saber cu\u00e1les son los costos totales de su bolsillo. Esta es la raz\u00f3n por la que es importante no aceptar un acuerdo anticipado de la compa\u00f1\u00eda de seguros. Un abogado de accidentes de motocicleta puede evaluar su caso y ayudarlo a determinar la cantidad de compensaci\u00f3n que debe solicitar.  <\/p>\n<h2>Facturas m\u00e9dicas continuas<\/h2>\n<p>Las lesiones graves resultantes de un accidente de motocicleta a menudo requieren atenci\u00f3n continua, como m\u00faltiples cirug\u00edas, largas sesiones de terapia y muchas visitas de seguimiento al m\u00e9dico. Algunas v\u00edctimas tambi\u00e9n pueden requerir equipo m\u00e9dico especial o ajustes en sus hogares para poder vivir y funcionar de forma independiente despu\u00e9s de sus lesiones. <\/p>\n<p>Todos estos costos m\u00e9dicos se pueden tener en cuenta como parte de sus facturas m\u00e9dicas cuando se trata de determinar el monto de su compensaci\u00f3n. Su abogado revisar\u00e1 su caso para determinar el monto de cualquier factura m\u00e9dica conocida y lo que a\u00fan puede estar pendiente o esperado en funci\u00f3n de sus lesiones y plan de tratamiento. Esto puede ayudarlo a llegar a una cantidad razonable para la solicitud de los tribunales en su demanda.  <\/p>\n<h2>Tiempo libre del trabajo<\/h2>\n<p>Si se lesiona en un accidente de motocicleta, es probable que necesite al menos unos d\u00edas para recuperarse antes de regresar al trabajo. Pero si sus lesiones son graves, podr\u00eda enfrentarse a semanas o meses de baja laboral. No es raro que las v\u00edctimas de accidentes de motocicleta agoten su licencia pagada y tengan que comenzar a tomarse un tiempo libre sin remuneraci\u00f3n del trabajo. En casos extremos, las lesiones de la persona pueden significar que nunca podr\u00e1 volver a su trabajo, lo que provocar\u00e1 la p\u00e9rdida de ingresos y el desempleo.   <\/p>\n<p>Todo esto puede ser tenido en cuenta en el monto de su compensaci\u00f3n por los tribunales. Si el accidente caus\u00f3 que tuviera que tomarse un tiempo libre sin remuneraci\u00f3n del trabajo o dejar su trabajo por completo, esa p\u00e9rdida de ingresos es un aspecto importante de su caso para hablar con su abogado. <\/p>\n<h2>Dolor y sufrimiento<\/h2>\n<p>Cuando las personas se lesionan en accidentes de motocicleta, las dificultades financieras no son el \u00fanico tipo de da\u00f1o, y el tribunal reconoce esta posibilidad. Los tribunales de Nueva York prev\u00e9n la posibilidad de solicitar una compensaci\u00f3n m\u00e1s all\u00e1 de cualquier gasto m\u00e9dico. Tambi\u00e9n puede solicitar una cantidad en d\u00f3lares que cubra su dolor f\u00edsico y sufrimiento emocional, as\u00ed como la forma en que esos aspectos pueden alterar su calidad de vida.  <\/p>\n<p>Puede ser m\u00e1s dif\u00edcil convencer a los tribunales de que otorguen da\u00f1os por dolor y sufrimiento que por facturas m\u00e9dicas directas, que son f\u00e1ciles de probar y sumar. Pero ah\u00ed es donde su abogado puede ser de beneficio. Saben c\u00f3mo abordar el caso y qu\u00e9 evidencia mostrar de que su dolor y sufrimiento han sido significativos y merecen una compensaci\u00f3n.  <\/p>\n<h2>\u00bfCu\u00e1les son las lesiones comunes por accidentes de motocicleta?<\/h2>\n<p>Una raz\u00f3n por la que los accidentes de motocicleta a menudo son graves es que una motocicleta no proporciona el mismo nivel de protecci\u00f3n contra un impacto que un veh\u00edculo normal. Los conductores pueden ser arrojados de la motocicleta, pueden terminar siendo atropellados por otro veh\u00edculo despu\u00e9s del impacto o pueden sufrir un traumatismo craneal grave incluso si usan un casco. A continuaci\u00f3n, se muestra una lista de lesiones comunes por accidentes de motocicleta:  <\/p>\n<ul>\n<li>Lesiones por aplastamiento en la parte inferior del cuerpo<\/li>\n<li>Extremidades amputadas<\/li>\n<li>Lesiones de la m\u00e9dula espinal<\/li>\n<li>Erupciones en la carretera e infecciones posteriores<\/li>\n<li>Pulmones perforados<\/li>\n<li>Huesos rotos<\/li>\n<li>P\u00e9rdida severa de sangre<\/li>\n<li>Lesi\u00f3n cerebral traum\u00e1tica<\/li>\n<\/ul>\n<h2>\u00bfPuedo presentar una demanda por homicidio culposo si un ser querido muere en un accidente de motocicleta?<\/h2>\n<p>Si su ser querido ha muerto en un accidente de motocicleta y fue causado por la negligencia de otra persona, puede tener motivos para un caso de homicidio culposo. En este tipo de casos, su abogado argumenta que la muerte no habr\u00eda ocurrido si la persona hubiera estado operando bajo los par\u00e1metros de precauci\u00f3n y cuidado normales. <\/p>\n<p>Los abogados de accidentes de motocicleta tienen el conocimiento y la experiencia para evaluar su caso y hacerle saber si existe la posibilidad de presentar una muerte por negligencia. Pueden repasar los detalles de su caso, informarle de los posibles caminos a seguir y los resultados probables, y guiarlo a trav\u00e9s de cada paso si decide presentar una demanda. <\/p>\n<h2>\u00bfExiste un estatuto de limitaciones para presentar una demanda despu\u00e9s de un accidente de motocicleta?<\/h2>\n<p>Antes de presentar una demanda, siempre es importante estar al tanto de cualquier limitaci\u00f3n de tiempo. Esto asegura que no se pierda lo que puede tener derecho a una tecnicidad de tiempo. El estatuto de limitaciones var\u00eda dependiendo de cu\u00e1l fue el delito o problema. Esa es la premisa de la demanda. En Nueva York, el estatuto de limitaciones para presentar una demanda por lesiones personales es de tres a\u00f1os. Esto significa que debe presentar la demanda inicial dentro de los tres a\u00f1os posteriores al accidente para buscar una compensaci\u00f3n a trav\u00e9s de los tribunales.     <\/p>\n<h2>\u00bfC\u00f3mo puede ayudarme un abogado de accidentes de motocicleta?<\/h2>\n<p>Un abogado de accidentes de motocicleta cumple una funci\u00f3n muy espec\u00edfica cuando lo contrata para que lo ayude con su caso: es su voz en el sistema judicial. Su <a href=\"https:\/\/montanarolaw.com\/es\/lesion-personal\/\">abogado de lesiones<\/a> puede hablar con la otra parte y su representaci\u00f3n en su nombre. Pueden tratar de negociar un acuerdo fuera de los tribunales, y pueden presentar una demanda si elige presentar un caso de lesiones personales.  <\/p>\n<p>Nuestros <a href=\"https:\/\/www.google.com\/maps?cid=3165837110749854167\" target=\"_blank\" rel=\"noopener\">abogados de accidentes de motocicleta<\/a> est\u00e1n bien versados en c\u00f3mo funcionan este tipo de casos, y saben qu\u00e9 cosas buscar y preguntar para asegurarse de que pueda presentar el caso m\u00e1s completo posible. Contratar a un abogado significa que no tiene que preocuparse por asegurarse de que el papeleo se presente correctamente o que las partes apropiadas sean notificadas o citadas. <\/p>\n<p>Si su caso va a juicio, su abogado podr\u00e1 asesorarlo sobre c\u00f3mo responder a las preguntas y se encargar\u00e1 de preparar una lista de testigos. Saben cu\u00e1ndo objetar y c\u00f3mo presentar mociones con respecto a la evidencia, por lo que todo lo que tiene que hacer es colaborar con su abogado dici\u00e9ndoles todo lo que sabe y luego dejar que se hagan cargo a partir de ah\u00ed. <\/p>\n<p>Si el tribunal no lo encuentra a su favor, su abogado tambi\u00e9n puede aconsejarle si tiene motivos para apelar la decisi\u00f3n e iniciar ese proceso de inmediato. Si tiene alguna pregunta sobre lo que hace un abogado de accidentes de motocicleta o c\u00f3mo pueden ayudarlo con su caso, llame a nuestra oficina hoy mismo. <\/p>\n<h2>\u00bfLesionado en un accidente de motocicleta en Nueva York? P\u00f3ngase en contacto con MontanaroLaw P.C. <\/h2>\n<p>Cuando se trata de presentar demandas relacionadas con accidentes de veh\u00edculos de motor en Nueva York, incluidos los accidentes de motocicleta, a menudo se reduce a qui\u00e9n tiene el mejor abogado. Y en MontanaroLaw P.C., estamos preparados para argumentar su caso en toda la extensi\u00f3n de nuestras capacidades. Tenemos la experiencia y el conocimiento necesarios para navegar por el sistema legal. Tenemos un s\u00f3lido historial de representaci\u00f3n exitosa de nuestros clientes y de ayudarlos a obtener la compensaci\u00f3n que merecen.   <\/p>\n<p>Nuestro equipo est\u00e1 a la espera para hablar con usted sobre su caso y c\u00f3mo podemos ayudarle. Nuestros abogados de accidentes de motocicleta atienden a clientes en el \u00e1rea de Long Island, incluyendo el condado de Nassau y el condado de Suffolk. Puede llamar a nuestra oficina al (516) 203-1700 para comenzar o enviarnos un correo electr\u00f3nico para obtener m\u00e1s informaci\u00f3n sobre nuestros servicios.  <\/p>\n","protected":false},"excerpt":{"rendered":"<p>Abogados especializados en accidentes de motocicleta en Long Island que representan su caso de lesiones personales Montar en motocicleta produce una cierta sensaci\u00f3n de libertad que es dif\u00edcil de conseguir en otro lugar. Muchas personas&#8230; <br \/><a class=\"read-more\" title=\"FULL STORY\" href=\"https:\/\/montanarolaw.com\/es\/accidentes-de-moto\/\">Read More<\/a><\/p>\n","protected":false},"author":1,"featured_media":0,"parent":0,"menu_order":0,"comment_status":"closed","ping_status":"closed","template":"","meta":{"_acf_changed":false,"inline_featured_image":false,"_genesis_hide_title":false,"_genesis_hide_breadcrumbs":false,"_genesis_hide_singular_image":false,"_genesis_hide_footer_widgets":false,"_genesis_custom_body_class":"","_genesis_custom_post_class":"","_genesis_layout":"","footnotes":""},"class_list":{"0":"post-412","1":"page","2":"type-page","3":"status-publish","5":"entry"},"acf":[],"_links":{"self":[{"href":"https:\/\/montanarolaw.com\/es\/wp-json\/wp\/v2\/pages\/412","targetHints":{"allow":["GET"]}}],"collection":[{"href":"https:\/\/montanarolaw.com\/es\/wp-json\/wp\/v2\/pages"}],"about":[{"href":"https:\/\/montanarolaw.com\/es\/wp-json\/wp\/v2\/types\/page"}],"author":[{"embeddable":true,"href":"https:\/\/montanarolaw.com\/es\/wp-json\/wp\/v2\/users\/1"}],"replies":[{"embeddable":true,"href":"https:\/\/montanarolaw.com\/es\/wp-json\/wp\/v2\/comments?post=412"}],"version-history":[{"count":0,"href":"https:\/\/montanarolaw.com\/es\/wp-json\/wp\/v2\/pages\/412\/revisions"}],"wp:attachment":[{"href":"https:\/\/montanarolaw.com\/es\/wp-json\/wp\/v2\/media?parent=412"}],"curies":[{"name":"wp","href":"https:\/\/api.w.org\/{rel}","templated":true}]}}