{"id":420,"date":"2024-01-17T19:58:31","date_gmt":"2024-01-18T00:58:31","guid":{"rendered":"https:\/\/montanarolaw1.wpenginepowered.com\/cell-phone-tickets\/"},"modified":"2025-10-13T01:37:09","modified_gmt":"2025-10-13T05:37:09","slug":"multas-por-uso-del-telefono-celular","status":"publish","type":"page","link":"https:\/\/montanarolaw.com\/es\/multas-por-uso-del-telefono-celular\/","title":{"rendered":"Abogado de multas por tel\u00e9fono m\u00f3vil en los condados de Nassau y Suffolk"},"content":{"rendered":"<h1>Abogado de multas por tel\u00e9fono m\u00f3vil en Long Island<\/h1>\n<p>En Nueva York, es ilegal usar un tel\u00e9fono m\u00f3vil o cualquier otro dispositivo electr\u00f3nico m\u00f3vil mientras se opera un veh\u00edculo de motor. Dados los peligros inherentes a la conducci\u00f3n distra\u00edda, una infracci\u00f3n por tel\u00e9fono m\u00f3vil se encuentra dentro de las leyes de aplicaci\u00f3n primaria del estado. Esto significa que la polic\u00eda puede detenerle y emitirle una multa incluso si el agente no observa otras infracciones de tr\u00e1fico. En \u00faltima instancia, usar un tel\u00e9fono m\u00f3vil u otro dispositivo electr\u00f3nico mientras se conduce es una infracci\u00f3n en movimiento que puede resultar en multas, recargos y puntos en su licencia de conducir, lo que puede llevar a la suspensi\u00f3n de su licencia. Por eso es importante <a href=\"https:\/\/www.google.com\/maps?cid=3165837110749854167\" target=\"_blank\" rel=\"noopener\">trabajar con los abogados adecuados<\/a> que manejen espec\u00edficamente las infracciones de tr\u00e1fico.    <\/p>\n<p><b>\u00a1AutoTrafficTickets.com le tiene cubierto!<\/b> Disputamos regularmente las multas por tel\u00e9fono m\u00f3vil para nuestros clientes en todo el estado de Nueva York. Si ha sido multado por usar un tel\u00e9fono m\u00f3vil o un dispositivo electr\u00f3nico port\u00e1til mientras conduce, sabemos c\u00f3mo contraatacar y defender su multa. Nuestros abogados poseen una reputaci\u00f3n bien ganada por brindar a nuestros clientes una representaci\u00f3n legal agresiva y un conocimiento inigualable de la Ley de Tr\u00e1fico y Veh\u00edculos del Estado de Nueva York.  <\/p>\n<h2><b>Uso indebido del tel\u00e9fono m\u00f3vil o sujetar un dispositivo electr\u00f3nico port\u00e1til mientras se conduce en Long Island<\/b><\/h2>\n<p>La ley estatal proh\u00edbe hablar por tel\u00e9fono m\u00f3vil, enviar mensajes de texto mientras se conduce, o incluso sujetar o usar un dispositivo electr\u00f3nico port\u00e1til (es decir, GPS, tel\u00e9fono, etc.), o:<\/p>\n<ul>\n<li>Hablar por tel\u00e9fono m\u00f3vil mientras se conduce: se proh\u00edbe a un conductor hablar por un tel\u00e9fono de mano mientras el veh\u00edculo est\u00e1 en movimiento. Un tel\u00e9fono m\u00f3vil o dispositivo m\u00f3vil solo se puede usar con un accesorio de manos libres o si est\u00e1 conectado a un tablero u otra superficie del veh\u00edculo. <\/li>\n<li>Enviar mensajes de texto mientras se conduce: no se permite a un conductor redactar, enviar, leer, navegar o transmitir correos electr\u00f3nicos o mensajes de texto, ver o transmitir im\u00e1genes o jugar juegos en un tel\u00e9fono m\u00f3vil mientras opera un veh\u00edculo de motor.<\/li>\n<li>Sujetar\/Usar un dispositivo electr\u00f3nico port\u00e1til: se proh\u00edbe a un conductor sujetar un dispositivo electr\u00f3nico port\u00e1til, que incluye tel\u00e9fonos, GPS o cualquier otro dispositivo electr\u00f3nico mientras opera un veh\u00edculo de motor. No importa si el conductor est\u00e1 realmente involucrado en una llamada o \u00abusando\u00bb el dispositivo, o incluso si el veh\u00edculo est\u00e1 en movimiento o no. El conductor no deber\u00e1 sujetar el dispositivo mientras opera el veh\u00edculo.  <\/li>\n<\/ul>\n<p>Un tel\u00e9fono m\u00f3vil de mano solo se puede usar para informar de una emergencia al 911, a la polic\u00eda o al departamento de bomberos, a una empresa de ambulancias o a un despachador, a un hospital, al consultorio de un m\u00e9dico o a una cl\u00ednica, pero solo en caso de emergencia.<\/p>\n<h2>Sanciones por infracciones de tel\u00e9fono m\u00f3vil en los condados de Nassau y Suffolk<\/h2>\n<p>Las multas por las multas de tel\u00e9fono m\u00f3vil son las siguientes:<\/p>\n<ul>\n<li>Primera infracci\u00f3n: de 50 $ a 150 $<\/li>\n<li>Segunda infracci\u00f3n en dieciocho meses: de 50 $ a 200 $<\/li>\n<li>Tercera y subsiguientes infracciones en dieciocho meses: de 50 $ a 400 $<\/li>\n<\/ul>\n<p>Adem\u00e1s, se a\u00f1adir\u00e1n 5 puntos a su licencia de conducir durante un m\u00ednimo de 18 meses, lo que resultar\u00e1 en primas de seguro m\u00e1s altas.<\/p>\n<p>Vale la pena se\u00f1alar que las consecuencias de las infracciones de tel\u00e9fono m\u00f3vil para los menores son m\u00e1s graves. Para los conductores menores de 21 a\u00f1os, una primera condena por una infracci\u00f3n de tel\u00e9fono m\u00f3vil puede resultar en la suspensi\u00f3n de la licencia de conducir o del permiso durante 120 d\u00edas. Una segunda condena dentro de los 6 meses posteriores al restablecimiento de la licencia o del permiso puede resultar en una revocaci\u00f3n de al menos 1 a\u00f1o.  <\/p>\n<p>Finalmente, los conductores comerciales tambi\u00e9n tienen prohibido usar un tel\u00e9fono m\u00f3vil mientras conducen, ni se les permite usar un tel\u00e9fono m\u00f3vil mientras est\u00e1n detenidos temporalmente en una se\u00f1al de tr\u00e1fico. De hecho, se presume que un conductor comercial que simplemente sostiene un tel\u00e9fono m\u00f3vil cerca o en las proximidades generales de su o\u00eddo, o que se ve sosteniendo un dispositivo m\u00f3vil de una \u00abmanera conspicua\u00bb, est\u00e1 usando el dispositivo y puede ser multado por la polic\u00eda. <\/p>\n<h2>\u00a1NO PAGUE LA MULTA! \u2013<b>posibles defensas contra las multas de tel\u00e9fono m\u00f3vil<\/b><\/h2>\n<p>Si bien algunos conductores pueden verse tentados a pagar una multa de tel\u00e9fono m\u00f3vil sin impugnarla, tener cinco puntos a\u00f1adidos a su licencia de conducir puede ser costoso. Adem\u00e1s de las primas de seguro m\u00e1s altas, las infracciones de tr\u00e1fico concurrentes o futuras a\u00f1adir\u00e1n puntos adicionales a su licencia, lo que le expone a recargos, as\u00ed como a una posible suspensi\u00f3n de la licencia. <\/p>\n<p>Nuestros abogados saben c\u00f3mo construir una defensa exitosa, que comienza con la realizaci\u00f3n de una investigaci\u00f3n exhaustiva. Obtendremos una copia del informe policial para comprender los hechos, identificar y entrevistar cualquier debilidad, crear diagramas de la escena del accidente y usar esta evidencia en su audiencia. El objetivo es probar que no estaba usando su tel\u00e9fono o que el oficial que lo arrest\u00f3 no ten\u00eda una vista suficiente de su veh\u00edculo para emitir la multa de tel\u00e9fono m\u00f3vil.  <\/p>\n<h2>P\u00f3ngase en contacto con un abogado de multas de tel\u00e9fono m\u00f3vil de Long Island<\/h2>\n<p>Aunque la ley de tel\u00e9fonos m\u00f3viles de Nueva York tiene como objetivo prevenir lesiones y muertes causadas por la conducci\u00f3n distra\u00edda, los conductores inocentes son frecuentemente multados por hablar o enviar mensajes de texto mientras conducen. Nuestro equipo de abogados le ayudar\u00e1 a vencer la multa de tel\u00e9fono m\u00f3vil, o a negociar un posible acuerdo de culpabilidad cuando sea posible o prudente. Si ha sido multado por una infracci\u00f3n de tel\u00e9fono m\u00f3vil, aprovecharemos nuestro conocimiento legal y habilidades en la sala del tribunal para que se desestimen o reduzcan los cargos y trabajaremos para proteger su historial de conducci\u00f3n. Si a su hijo o hija se le ha emitido una multa de tel\u00e9fono m\u00f3vil, podemos trabajar para preservar sus privilegios de conducci\u00f3n.   <\/p>\n<h2>\u00a1No se declare culpable!<\/h2>\n<p><b>\u00a1NO intente luchar contra su multa de tel\u00e9fono m\u00f3vil solo!<\/b><\/p>\n<p><b>Ll\u00e1menos<\/b> hoy mismo o complete el <b>formulario de contacto<\/b> para discutir sus opciones con una <b>consulta gratuita<\/b><\/p>\n","protected":false},"excerpt":{"rendered":"<p>Abogado de multas por tel\u00e9fono m\u00f3vil en Long Island En Nueva York, es ilegal usar un tel\u00e9fono m\u00f3vil o cualquier otro dispositivo electr\u00f3nico m\u00f3vil mientras se opera un veh\u00edculo de motor. Dados los peligros inherentes&#8230; <br \/><a class=\"read-more\" title=\"FULL STORY\" href=\"https:\/\/montanarolaw.com\/es\/multas-por-uso-del-telefono-celular\/\">Read More<\/a><\/p>\n","protected":false},"author":1,"featured_media":0,"parent":0,"menu_order":0,"comment_status":"closed","ping_status":"closed","template":"","meta":{"_acf_changed":false,"inline_featured_image":false,"_genesis_hide_title":false,"_genesis_hide_breadcrumbs":false,"_genesis_hide_singular_image":false,"_genesis_hide_footer_widgets":false,"_genesis_custom_body_class":"","_genesis_custom_post_class":"","_genesis_layout":"","footnotes":""},"class_list":{"0":"post-420","1":"page","2":"type-page","3":"status-publish","5":"entry"},"acf":[],"_links":{"self":[{"href":"https:\/\/montanarolaw.com\/es\/wp-json\/wp\/v2\/pages\/420","targetHints":{"allow":["GET"]}}],"collection":[{"href":"https:\/\/montanarolaw.com\/es\/wp-json\/wp\/v2\/pages"}],"about":[{"href":"https:\/\/montanarolaw.com\/es\/wp-json\/wp\/v2\/types\/page"}],"author":[{"embeddable":true,"href":"https:\/\/montanarolaw.com\/es\/wp-json\/wp\/v2\/users\/1"}],"replies":[{"embeddable":true,"href":"https:\/\/montanarolaw.com\/es\/wp-json\/wp\/v2\/comments?post=420"}],"version-history":[{"count":0,"href":"https:\/\/montanarolaw.com\/es\/wp-json\/wp\/v2\/pages\/420\/revisions"}],"wp:attachment":[{"href":"https:\/\/montanarolaw.com\/es\/wp-json\/wp\/v2\/media?parent=420"}],"curies":[{"name":"wp","href":"https:\/\/api.w.org\/{rel}","templated":true}]}}