{"id":422,"date":"2024-01-17T20:00:13","date_gmt":"2024-01-18T01:00:13","guid":{"rendered":"https:\/\/montanarolaw1.wpenginepowered.com\/distracted-driving\/"},"modified":"2025-10-13T01:36:51","modified_gmt":"2025-10-13T05:36:51","slug":"conduccion-distraida","status":"publish","type":"page","link":"https:\/\/montanarolaw.com\/es\/conduccion-distraida\/","title":{"rendered":"Abogado especializado en conducci\u00f3n distra\u00edda en los condados de Nassau y Suffolk"},"content":{"rendered":"<h1 class=\"topheader header-title\">Abogado especializado en conducci\u00f3n distra\u00edda en los condados de Nassau y Suffolk<\/h1>\n<p>En Nueva York, conducir es una necesidad, as\u00ed como una forma de vida que a veces damos por sentada. Aunque los conductores tienen la obligaci\u00f3n de ser conscientes de su entorno en todo momento, muchos conductores pueden distraerse o perder la concentraci\u00f3n f\u00e1cilmente. Si bien muchos son conscientes de que usar un tel\u00e9fono inteligente o enviar mensajes de texto mientras se conduce es ilegal, los conductores tambi\u00e9n pueden distraerse sintonizando la radio, comiendo, bebiendo o hablando con otros pasajeros.  <\/p>\n<p>La conducci\u00f3n distra\u00edda no solo puede resultar en una citaci\u00f3n por una infracci\u00f3n de tr\u00e1fico, sino que tambi\u00e9n es peligrosa y causa numerosos accidentes automovil\u00edsticos y lesiones cada a\u00f1o. Seg\u00fan la Administraci\u00f3n Nacional de Seguridad del Tr\u00e1fico en las Carreteras (NHTSA), la falta de atenci\u00f3n del conductor es una de las principales causas de accidentes automovil\u00edsticos en los Estados Unidos. Si ha sido multado por conducir distra\u00eddo, un abogado con experiencia en infracciones de tr\u00e1fico puede ayudar a proteger su historial de conducci\u00f3n.  <\/p>\n<p>AutoTrafficTickets.com tiene una amplia experiencia en el manejo de casos de conducci\u00f3n distra\u00edda en los condados de Nassau y Suffolk y en toda el \u00e1rea metropolitana de Nueva York. Somos muy conscientes de que una infracci\u00f3n por conducci\u00f3n distra\u00edda puede resultar en multas y puntos en su licencia. Nuestros <a href=\"https:\/\/www.google.com\/maps?cid=3165837110749854167\" target=\"_blank\" rel=\"noopener\">abogados especializados en infracciones de tr\u00e1fico<\/a> tienen un conocimiento profundo de las leyes de veh\u00edculos y tr\u00e1fico de Nueva York y una reputaci\u00f3n bien merecida por defender en\u00e9rgicamente a nuestros clientes.  <\/p>\n<h2>\u00bfQu\u00e9 es la conducci\u00f3n distra\u00edda?<\/h2>\n<p>En Nueva York, la conducci\u00f3n distra\u00edda se define como cualquier cosa que desv\u00ede la atenci\u00f3n de un conductor de la carretera y perjudique su capacidad para conducir de forma segura. En particular, las leyes del estado proh\u00edben hablar por tel\u00e9fono celular o enviar mensajes de texto mientras se conduce: <\/p>\n<ul>\n<li><b>Hablar por tel\u00e9fono celular mientras se conduce<\/b>: los conductores en Nueva York tienen prohibido hablar por un tel\u00e9fono de mano mientras sus veh\u00edculos est\u00e1n en movimiento. Las infracciones pueden resultar en multas de entre 50 y 450 d\u00f3lares, dependiendo del n\u00famero de infracciones. Los conductores solo pueden usar un tel\u00e9fono celular o un dispositivo GPS con un accesorio de manos libres o si est\u00e1 conectado a un tablero u otra superficie del veh\u00edculo. Un tel\u00e9fono celular de mano solo se puede usar para informar de una emergencia a la polic\u00eda o al departamento de bomberos.   <\/li>\n<li><strong>Enviar mensajes de texto mientras se conduce<\/strong>: los conductores no est\u00e1n autorizados a redactar, enviar, leer, navegar o transmitir correos electr\u00f3nicos o mensajes de texto, ver o transmitir im\u00e1genes o jugar juegos en un tel\u00e9fono celular mientras operan un veh\u00edculo motorizado. Una infracci\u00f3n puede conllevar multas de hasta 200 d\u00f3lares y cinco puntos en la licencia de conducir, dependiendo del n\u00famero de infracciones. <\/li>\n<\/ul>\n<p>\u00bfSab\u00eda que Nueva York fue uno de los primeros estados en prohibir el uso de tel\u00e9fonos celulares mientras se conduce? Las leyes se han endurecido desde que se introdujeron por primera vez con sanciones mejoradas para disuadir a los conductores de usar tel\u00e9fonos celulares. Adem\u00e1s, la conducci\u00f3n distra\u00edda se rige por las leyes de aplicaci\u00f3n primaria del estado. Esto significa que las fuerzas del orden pueden emitir a los conductores una citaci\u00f3n de tr\u00e1fico incluso si el oficial no observa ninguna otra infracci\u00f3n.   <\/p>\n<h2>Otras consecuencias de la conducci\u00f3n distra\u00edda<\/h2>\n<p>Adem\u00e1s de las multas de tr\u00e1fico, la conducci\u00f3n distra\u00edda plantea peligros para otros conductores y peatones. Vale la pena se\u00f1alar que un conductor distra\u00eddo puede ser considerado responsable de accidentes y lesiones en una demanda por lesiones personales. Por lo tanto, si est\u00e1 involucrado en un accidente que ocurri\u00f3 mientras hablaba por un tel\u00e9fono celular, la evidencia de la llamada se puede usar para demostrar negligencia o imprudencia, lo que resulta en grandes responsabilidades monetarias.  <\/p>\n<p>Al mismo tiempo, si alguien golpea su autom\u00f3vil mientras est\u00e1 usando un tel\u00e9fono celular, el monto de cualquier indemnizaci\u00f3n por lesiones que reciba se reducir\u00e1 seg\u00fan la regla de negligencia comparativa del estado. Si un conductor hace un giro a la izquierda incorrecto, por ejemplo, y se determina que tiene el 80 por ciento de la culpa de los accidentes, pero usted tuvo el 20 por ciento de la culpa por usar su tel\u00e9fono celular, el monto de los da\u00f1os que puede recuperar se reducir\u00e1 en esa cantidad. <\/p>\n<h2>Abogado especializado en infracciones de tr\u00e1fico de Nueva York<\/h2>\n<p>Como puede ver, la conducci\u00f3n distra\u00edda puede tener graves consecuencias. La polic\u00eda puede detenerlo simplemente observ\u00e1ndolo hablar o enviar mensajes de texto en un tel\u00e9fono celular mientras conduce, lo que podr\u00eda conducir a otras infracciones. Adem\u00e1s de las multas, se evaluar\u00e1n puntos en su licencia de conducir, lo que tambi\u00e9n podr\u00eda aumentar sus primas de seguro. Si causa un accidente debido a la conducci\u00f3n distra\u00edda, tambi\u00e9n puede enfrentar una demanda civil.   <\/p>\n<p>Esta es la raz\u00f3n por la que es crucial contar con los abogados experimentados de AutoTrafficTickets.com de su lado si ha sido acusado de conducci\u00f3n distra\u00edda. Utilizaremos nuestro conocimiento de las leyes de veh\u00edculos y tr\u00e1fico de Nueva York para buscar una reducci\u00f3n de los cargos y multas en su contra y trabajar para proteger su historial de conducci\u00f3n. La regla general es la siguiente: no use un tel\u00e9fono celular de mano mientras conduce. Mientras tanto, si ha sido multado por una infracci\u00f3n por conducci\u00f3n distra\u00edda, llame a nuestra oficina hoy mismo o complete el formulario de contacto en nuestro sitio web para programar una consulta gratuita.   <\/p>\n<p><b>Con oficinas ubicadas en Long Island y la ciudad de Nueva York, MontanaroLaw, P.C. se encarga de todo tipo de infracciones de tr\u00e1fico para clientes en los condados de Nassau y Suffolk, la ciudad de Nueva York y en todo el estado de Nueva York. Ll\u00e1menos al (516) 203-1700. <\/b><\/p>\n","protected":false},"excerpt":{"rendered":"<p>Abogado especializado en conducci\u00f3n distra\u00edda en los condados de Nassau y Suffolk En Nueva York, conducir es una necesidad, as\u00ed como una forma de vida que a veces damos por sentada. Aunque los conductores tienen&#8230; <br \/><a class=\"read-more\" title=\"FULL STORY\" href=\"https:\/\/montanarolaw.com\/es\/conduccion-distraida\/\">Read More<\/a><\/p>\n","protected":false},"author":1,"featured_media":0,"parent":0,"menu_order":0,"comment_status":"closed","ping_status":"closed","template":"","meta":{"_acf_changed":false,"inline_featured_image":false,"_genesis_hide_title":false,"_genesis_hide_breadcrumbs":false,"_genesis_hide_singular_image":false,"_genesis_hide_footer_widgets":false,"_genesis_custom_body_class":"","_genesis_custom_post_class":"","_genesis_layout":"","footnotes":""},"class_list":{"0":"post-422","1":"page","2":"type-page","3":"status-publish","5":"entry"},"acf":[],"_links":{"self":[{"href":"https:\/\/montanarolaw.com\/es\/wp-json\/wp\/v2\/pages\/422","targetHints":{"allow":["GET"]}}],"collection":[{"href":"https:\/\/montanarolaw.com\/es\/wp-json\/wp\/v2\/pages"}],"about":[{"href":"https:\/\/montanarolaw.com\/es\/wp-json\/wp\/v2\/types\/page"}],"author":[{"embeddable":true,"href":"https:\/\/montanarolaw.com\/es\/wp-json\/wp\/v2\/users\/1"}],"replies":[{"embeddable":true,"href":"https:\/\/montanarolaw.com\/es\/wp-json\/wp\/v2\/comments?post=422"}],"version-history":[{"count":0,"href":"https:\/\/montanarolaw.com\/es\/wp-json\/wp\/v2\/pages\/422\/revisions"}],"wp:attachment":[{"href":"https:\/\/montanarolaw.com\/es\/wp-json\/wp\/v2\/media?parent=422"}],"curies":[{"name":"wp","href":"https:\/\/api.w.org\/{rel}","templated":true}]}}