{"id":424,"date":"2024-01-09T19:31:32","date_gmt":"2024-01-10T00:31:32","guid":{"rendered":"https:\/\/montanarolaw1.wpenginepowered.com\/dui\/"},"modified":"2025-10-13T01:38:36","modified_gmt":"2025-10-13T05:38:36","slug":"dui","status":"publish","type":"page","link":"https:\/\/montanarolaw.com\/es\/dui\/","title":{"rendered":"Abogados de Long Island especializados en casos de conducci\u00f3n bajo los efectos del alcohol que defienden sus derechos"},"content":{"rendered":"<h1>Abogados de Long Island especializados en casos de conducci\u00f3n bajo los efectos del alcohol que defienden sus derechos<\/h1>\n<p>Ha estado disfrutando de una noche con amigos y ha tomado una o dos copas, pero \u00bfqu\u00e9 sucede cuando est\u00e1 de camino a casa y ve luces azules que comienzan a parpadear detr\u00e1s de usted? Los cargos por conducir bajo los efectos del alcohol son muy serios, pero no siempre son tan claros como podr\u00eda pensar. El hecho de que se le acuse de conducir bajo los efectos del alcohol no significa que autom\u00e1ticamente ser\u00e1 declarado culpable de un delito.  <\/p>\n<p>Con un abogado con experiencia en casos de conducci\u00f3n bajo los efectos del alcohol que luche por sus derechos, es posible que pueda lograr que se reduzcan los cargos o que se desestime el caso por completo. Siga leyendo para averiguar qu\u00e9 significan los cargos por conducir bajo los efectos del alcohol, las posibles sanciones en el estado de Nueva York y sus opciones de defensa. <\/p>\n<p>Si ha sido acusado de conducir bajo los efectos del alcohol y necesita un <a href=\"https:\/\/www.google.com\/maps?cid=3165837110749854167\" target=\"_blank\" rel=\"noopener\">abogado especializado en DWI<\/a>, p\u00f3ngase en contacto con MontanaroLaw P.C. Atendemos a clientes en Massapequa, Long Island y el \u00e1rea metropolitana de la ciudad de Nueva York, y estamos listos para analizar los detalles de su caso y c\u00f3mo podemos ayudarle.<\/p>\n<h2>\u00bfQu\u00e9 significa que me acusen de conducir bajo los efectos del alcohol?<\/h2>\n<p>Ser acusado de conducir bajo los efectos del alcohol significa que fue arrestado por conducir bajo los efectos de una sustancia. La mayor\u00eda de los cargos por conducir bajo los efectos del alcohol son el resultado de conducir en estado de ebriedad, pero tambi\u00e9n se le puede acusar de conducir bajo los efectos del alcohol o DWI si el oficial sospecha que conduc\u00eda bajo los efectos de drogas u otra sustancia que afecte su capacidad. Tambi\u00e9n son posibles otros cargos, junto con un DUI. La conducci\u00f3n imprudente, la resistencia al arresto y varias infracciones de tr\u00e1fico a menudo acompa\u00f1an a estos cargos.   <\/p>\n<p>Los cargos por conducir bajo los efectos del alcohol siempre deben tomarse muy en serio. En el estado de Nueva York, un primer delito de DUI se imputa como un delito menor. Sin embargo, si se le considera un reincidente, los cargos pueden aumentar al nivel de delito grave, lo que conlleva consecuencias mucho m\u00e1s graves.  <\/p>\n<h2>\u00bfQu\u00e9 debo hacer si me arrestan?<\/h2>\n<p>Si est\u00e1 siendo arrestado y acusado de conducir bajo los efectos del alcohol, es importante cooperar con la polic\u00eda, pero no responder ninguna pregunta hasta que haya contratado a un abogado especializado en casos de conducci\u00f3n bajo los efectos del alcohol. Puede solicitar que su abogado est\u00e9 presente para cualquier interrogatorio, y un abogado tambi\u00e9n puede ayudar a negociar su liberaci\u00f3n mientras espera la comparecencia ante el tribunal. <\/p>\n<p>Una vez que haya sido acusado, revise minuciosamente la documentaci\u00f3n. Deber\u00e1 comprender exactamente de qu\u00e9 delito se le acusa, las posibles sanciones seg\u00fan la ley del estado de Nueva York y las instrucciones para su pr\u00f3xima audiencia. Aseg\u00farese de entregar toda esta informaci\u00f3n a su abogado para que pueda comenzar a revisar su caso y trabajar para proporcionar una estrategia de defensa s\u00f3lida.  <\/p>\n<h2>\u00bfCu\u00e1les son mis opciones de defensa?<\/h2>\n<p>Ayudarle a dise\u00f1ar su defensa es una de las funciones m\u00e1s importantes de los abogados especializados en casos de conducci\u00f3n bajo los efectos del alcohol. La estrategia de defensa adecuada para su situaci\u00f3n depende de los detalles de su caso, los cargos exactos, si tiene alg\u00fan delito anterior y la solidez de las pruebas de la fiscal\u00eda. A continuaci\u00f3n, se presentan las tres opciones principales para la defensa de DUI.  <\/p>\n<h2>Aceptar un acuerdo de culpabilidad<\/h2>\n<p>En muchos casos de DUI, la evidencia es bastante sencilla. No pas\u00f3 una prueba de sobriedad en el campo o ten\u00eda un nivel de alcohol en la sangre probado que estaba por encima de los l\u00edmites del estado de Nueva York. No hubo problemas de procedimiento involucrados, y todo se hizo seg\u00fan las normas. En este caso, un abogado especializado en casos de conducci\u00f3n bajo los efectos del alcohol podr\u00eda sugerirle que se declare culpable. Esto a menudo implica declararse culpable del cargo, lo que significa que la fiscal\u00eda acepta cambiar el cargo a un delito de nivel inferior a cambio de no tener que pasar por el tiempo, la energ\u00eda y el dinero involucrados en llevar el caso a juicio.    <\/p>\n<p>Declararse culpable de cualquier delito nunca es algo que deba hacerse sin comprender todas las ramificaciones. Su abogado puede informarle sobre cu\u00e1les son las sanciones por el cargo y si le conviene aceptar un acuerdo de culpabilidad o seguir adelante con un juicio. <\/p>\n<h2>Ir a juicio<\/h2>\n<p>Si se declara inocente, su caso avanzar\u00e1 a juicio. De acuerdo con la ley del estado de Nueva York, tiene derecho a un juicio con jurado si as\u00ed lo elige. Sin embargo, tambi\u00e9n puede tener la opci\u00f3n de un juicio sin jurado, que es donde acepta renunciar a un jurado de sus pares y, en cambio, confiar en la discreci\u00f3n del juez.  <\/p>\n<p>Cada vez que participa en un juicio penal, es un proceso serio y para el que debe contar con una representaci\u00f3n legal informada. Un abogado puede luchar por sus derechos y representar sus intereses, encargarse de tomar declaraciones de testigos y buscar errores de procedimiento u otras pruebas que puedan estar a su favor. <\/p>\n<h2>Intentar que se retiren los cargos<\/h2>\n<p>Si bien t\u00e9cnicamente tiene que declararse culpable o no culpable cuando se le acusa de un delito, esto no significa que tenga que seguir adelante con un juicio completo. Dependiendo de las circunstancias involucradas en su caso, un abogado especializado en casos de conducci\u00f3n bajo los efectos del alcohol puede lograr que se desestime un cargo por conducir en estado de ebriedad si hubo problemas de procedimiento, como una parada ilegal. <\/p>\n<p>Tambi\u00e9n se puede suprimir la evidencia individual. Por ejemplo, los dispositivos que utilizan los oficiales para realizar pruebas de aliento deben estar calibrados y administrados correctamente para ofrecer resultados precisos. Si esto no sucedi\u00f3, su abogado puede lograr que se desestimen los resultados de la prueba de aliento, lo que probablemente dejar\u00eda a la fiscal\u00eda sin pruebas suficientes para seguir adelante.  <\/p>\n<p>No es f\u00e1cil lograr que se desestime un caso de DUI, y es por eso que es importante contar con una representaci\u00f3n con experiencia que pueda agotar todas las v\u00edas para garantizar que est\u00e1 presentando una defensa s\u00f3lida y protegiendo sus derechos.<\/p>\n<h2>\u00bfCu\u00e1les son las posibles consecuencias de una condena por DUI?<\/h2>\n<p>Conducir bajo los efectos de drogas o alcohol es un delito grave en el estado de Nueva York. Puede resultar en cargos penales, puntos en su historial de manejo e incluso la revocaci\u00f3n de su licencia de conducir. Al decidir qu\u00e9 estrategia desea utilizar para defenderse contra estos cargos, es importante comprender completamente las posibles sanciones. Estos son varios cargos relacionados con los DUI en Nueva York, por lo que hemos incluido algunos de los m\u00e1s comunes a continuaci\u00f3n:   <\/p>\n<ul>\n<li><strong>Conducir en estado de ebriedad o conducir con la capacidad afectada por una droga (nivel de alcohol en la sangre de .08 o superior)<\/strong>: Hasta 1 a\u00f1o de c\u00e1rcel, multa m\u00e1xima de $1,000, suspensi\u00f3n de la licencia de conducir por 6 meses<\/li>\n<li><strong>Conducir con la capacidad afectada por el alcohol (nivel de alcohol en la sangre entre .05 y .07):<\/strong> Hasta 15 d\u00edas de c\u00e1rcel, multa m\u00e1xima de $500, suspensi\u00f3n de la licencia de conducir por 90 d\u00edas<\/li>\n<li><strong>Negativa a la prueba qu\u00edmica:<\/strong> multa de $500 y suspensi\u00f3n de la licencia de conducir por 1 a\u00f1o<\/li>\n<li><strong>Conducir en estado de ebriedad agravado (nivel de alcohol en la sangre de al menos .18):<\/strong> Hasta 1 a\u00f1o de c\u00e1rcel, multa m\u00e1xima de $2,500, suspensi\u00f3n de la licencia de conducir por 1 a\u00f1o<\/li>\n<\/ul>\n<p>Tenga en cuenta que estas sanciones por DWI son para las primeras ofensas. Si tiene una condena anterior, las consecuencias se vuelven m\u00e1s severas, como se describe a continuaci\u00f3n. <\/p>\n<h2>Consecuencias para reincidentes<\/h2>\n<ul>\n<li><strong>Segundo delito de conducci\u00f3n en estado de ebriedad agravado en 10 a\u00f1os:<\/strong> Hasta 4 a\u00f1os de c\u00e1rcel, multa m\u00e1xima de $5,000, suspensi\u00f3n de la licencia de conducir por 18 meses<\/li>\n<li><strong>Tercer delito de conducci\u00f3n en estado de ebriedad agravado en 10 a\u00f1os:<\/strong> Hasta 7 a\u00f1os de c\u00e1rcel, multa m\u00e1xima de $10,000, suspensi\u00f3n de la licencia de conducir por 18 meses<\/li>\n<li><strong>Segundo delito de DWI en 10 a\u00f1os:<\/strong> Hasta 4 a\u00f1os de c\u00e1rcel, multa m\u00e1xima de $5,000, suspensi\u00f3n de la licencia de conducir por 1 a\u00f1o<\/li>\n<li><strong>Tercer delito de DWI en 10 a\u00f1os:<\/strong> Hasta 7 a\u00f1os de c\u00e1rcel, multa m\u00e1xima de $10,000, suspensi\u00f3n de la licencia de conducir por 1 a\u00f1o<\/li>\n<\/ul>\n<h2>\u00bfTendr\u00e9 que ir a juicio por cargos de DUI?<\/h2>\n<p>Si bien el proceso tradicional para cualquier cargo penal, incluido un delito de DWI, es pasar del arresto y la lectura de cargos al juicio, no es la \u00fanica opci\u00f3n. Los abogados especializados en casos de conducci\u00f3n bajo los efectos del alcohol tienen la experiencia para ver si hay otras opciones, ya sea negociar un acuerdo de culpabilidad para evitar un juicio u obtener que se desestime el caso antes de que vaya a juicio. <\/p>\n<p>Es normal estar nervioso por pasar por procedimientos legales, y un juicio penal es posiblemente uno de los m\u00e1s intimidantes. En MontanaroLaw P.C., nos esforzamos por garantizar que comprenda lo que est\u00e1 sucediendo durante todo el proceso judicial para ayudarle a sentirse m\u00e1s c\u00f3modo y preparado. <\/p>\n<h2>\u00bfC\u00f3mo puede ayudar un abogado especializado en casos de conducci\u00f3n bajo los efectos del alcohol de Nueva York?<\/h2>\n<p>Tener un abogado especializado en casos de conducci\u00f3n bajo los efectos del alcohol de Nueva York en su equipo legal mientras lucha contra los cargos por conducir en estado de ebriedad ofrece muchos beneficios. Adem\u00e1s de tener a alguien a quien pueda hacer preguntas y discutir los detalles de su caso, contratar a un abogado de derecho penal para luchar contra sus cargos de DUI conlleva las siguientes ventajas. <\/p>\n<h2>Pueden representarle en el tribunal penal<\/h2>\n<p>Una vez que haya contratado a un abogado especializado en casos de conducci\u00f3n bajo los efectos del alcohol, puede representarle durante todo el proceso, incluso en el tribunal penal. Hablar\u00e1n con la fiscal\u00eda, incluso negociando cualquier acuerdo de culpabilidad aplicable, redactando y presentando mociones relevantes a su caso, presentando objeciones en el juicio seg\u00fan sea necesario y argumentando a favor de su lado a trav\u00e9s de las declaraciones de apertura y cierre. <\/p>\n<p>Su abogado comprende todas las reglas y procedimientos que rigen los tribunales penales, incluida la forma de abordar el trabajo, cu\u00e1ndo se pueden presentar objeciones, c\u00f3mo presentar pruebas y qu\u00e9 buscar durante el juicio en caso de que desee apelar m\u00e1s adelante.<\/p>\n<h2>Pueden informarle de sus opciones legales<\/h2>\n<p>Si este no es su primer cargo de DUI, o hay otros cargos involucrados, como conducci\u00f3n imprudente, da\u00f1os a la propiedad o agresi\u00f3n vehicular, puede enfrentar sanciones m\u00e1s graves. Y esto significa que necesita tener una comprensi\u00f3n completa de todas sus opciones legales y los resultados posibles y probables de cada una. <\/p>\n<p>Si se enfrenta a una posible pena de c\u00e1rcel de 4 a\u00f1os y hasta $5,000 en multas por un segundo delito de DWI, es posible que desee considerar declararse culpable de un cargo menor por libertad condicional extendida o una sentencia de c\u00e1rcel m\u00e1s corta. Su abogado puede explicarle todas sus opciones y los pros y los contras de cada una y brindarle su opini\u00f3n legal sobre cu\u00e1l es la adecuada para usted. <\/p>\n<h2>Pueden negociar un acuerdo de culpabilidad<\/h2>\n<p>Las negociaciones de acuerdos de culpabilidad son una parte com\u00fan de enfrentar cargos penales, y esto tambi\u00e9n es cierto para los cargos de DUI. Un abogado con experiencia en DWI sabr\u00e1 cu\u00e1les son sus opciones de declaraci\u00f3n razonables y c\u00f3mo manejar cualquier acuerdo de culpabilidad propuesto por la fiscal\u00eda. Tambi\u00e9n pueden ayudarle a elaborar su propia propuesta de declaraci\u00f3n si la otra parte no la ofrece inicialmente.  <\/p>\n<p>Si est\u00e1 considerando un acuerdo de culpabilidad, es importante que hable con su abogado sobre lo que esto significa para su futuro. En muchos casos, implica una condena de culpabilidad permanente en su registro, lo que puede tener consecuencias a largo plazo para cosas como el empleo futuro. Tener una condena tambi\u00e9n puede significar que cualquier cargo posterior se eleve a sanciones m\u00e1s graves y sentencias potenciales m\u00e1s fuertes.  <\/p>\n<h2>Obtenga una representaci\u00f3n legal informada para su arresto por DUI<\/h2>\n<p>Un abogado especializado en casos de conducci\u00f3n bajo los efectos del alcohol debe ser su primera llamada cuando se enfrente a cargos relacionados con un delito de DWI. En MontanaroLaw P.C., manejamos casos de DUI de forma regular, por lo que sabemos c\u00f3mo funciona el sistema y c\u00f3mo garantizar que presente la defensa correcta. Analizaremos los detalles de su caso y le brindaremos asesoramiento legal sobre sus opciones. Nos centramos en garantizar que nuestros clientes est\u00e9n completamente informados de todo lo que est\u00e1 sucediendo para que puedan trabajar con nosotros para tomar las decisiones correctas para su estrategia de defensa.   <\/p>\n<p>Si ha sido acusado de conducir bajo los efectos del alcohol en el estado de Nueva York, el equipo de <a href=\"https:\/\/montanarolaw.com\/es\/\">MontanaroLaw P.C.<\/a> puede ayudarle. Atendemos a clientes en Massapequa, Long Island y el \u00e1rea metropolitana de los condados de Nassau y Suffolk. Tenemos la experiencia y el conocimiento que necesita de su representaci\u00f3n legal cuando se enfrenta a estos cargos graves. Programe una consulta gratuita cuando nos llame hoy al (516) 203-1700 y d\u00e9 el primer paso para proteger sus derechos y luchar contra sus cargos penales.   <\/p>\n","protected":false},"excerpt":{"rendered":"<p>Abogados de Long Island especializados en casos de conducci\u00f3n bajo los efectos del alcohol que defienden sus derechos Ha estado disfrutando de una noche con amigos y ha tomado una o dos copas, pero \u00bfqu\u00e9&#8230; <br \/><a class=\"read-more\" title=\"FULL STORY\" href=\"https:\/\/montanarolaw.com\/es\/dui\/\">Read More<\/a><\/p>\n","protected":false},"author":1,"featured_media":0,"parent":0,"menu_order":0,"comment_status":"closed","ping_status":"closed","template":"","meta":{"_acf_changed":false,"inline_featured_image":false,"_genesis_hide_title":false,"_genesis_hide_breadcrumbs":false,"_genesis_hide_singular_image":false,"_genesis_hide_footer_widgets":false,"_genesis_custom_body_class":"","_genesis_custom_post_class":"","_genesis_layout":"","footnotes":""},"class_list":{"0":"post-424","1":"page","2":"type-page","3":"status-publish","5":"entry"},"acf":[],"_links":{"self":[{"href":"https:\/\/montanarolaw.com\/es\/wp-json\/wp\/v2\/pages\/424","targetHints":{"allow":["GET"]}}],"collection":[{"href":"https:\/\/montanarolaw.com\/es\/wp-json\/wp\/v2\/pages"}],"about":[{"href":"https:\/\/montanarolaw.com\/es\/wp-json\/wp\/v2\/types\/page"}],"author":[{"embeddable":true,"href":"https:\/\/montanarolaw.com\/es\/wp-json\/wp\/v2\/users\/1"}],"replies":[{"embeddable":true,"href":"https:\/\/montanarolaw.com\/es\/wp-json\/wp\/v2\/comments?post=424"}],"version-history":[{"count":0,"href":"https:\/\/montanarolaw.com\/es\/wp-json\/wp\/v2\/pages\/424\/revisions"}],"wp:attachment":[{"href":"https:\/\/montanarolaw.com\/es\/wp-json\/wp\/v2\/media?parent=424"}],"curies":[{"name":"wp","href":"https:\/\/api.w.org\/{rel}","templated":true}]}}