{"id":426,"date":"2024-01-17T20:03:22","date_gmt":"2024-01-18T01:03:22","guid":{"rendered":"https:\/\/montanarolaw1.wpenginepowered.com\/speeding-tickets\/"},"modified":"2025-10-13T01:37:10","modified_gmt":"2025-10-13T05:37:10","slug":"multas-por-exceso-de-velocidad","status":"publish","type":"page","link":"https:\/\/montanarolaw.com\/es\/multas-por-exceso-de-velocidad\/","title":{"rendered":"Abogado de multas por exceso de velocidad en los condados de Nassau y Suffolk"},"content":{"rendered":"<h1 class=\"topheader header-title\">Abogado de multas por exceso de velocidad en los condados de Nassau y Suffolk<\/h1>\n<p>Todos los conductores tienen el deber de operar sus veh\u00edculos de manera segura y cumplir con las leyes de tr\u00e1nsito aplicables. No obstante, los neoyorquinos siempre parecen tener prisa, ya que se emiten miles de multas por exceso de velocidad cada a\u00f1o. Una multa por exceso de velocidad no es solo una molestia, puede tener graves consecuencias financieras, incluidas multas, recargos y primas de seguro m\u00e1s altas. Por eso, debe llamar a un abogado con experiencia en multas por exceso de velocidad si le han puesto una multa de este tipo.   <\/p>\n<p>MontanaroLaw defiende habitualmente a clientes contra multas por exceso de velocidad en los condados de Nassau y Suffolk y en toda el \u00e1rea metropolitana de Nueva York. Tenemos un conocimiento pr\u00e1ctico de las leyes estatales y locales de veh\u00edculos y tr\u00e1fico, as\u00ed como de las regulaciones del Departamento de Veh\u00edculos Motorizados (DMV) del Estado de Nueva York. Evaluaremos su situaci\u00f3n y exploraremos todas sus opciones: es posible que le hayan multado injustamente o que existan otras defensas disponibles para usted. Perm\u00edtanos ayudarle a luchar contra su multa por exceso de velocidad y proteger sus privilegios de conducci\u00f3n.   <\/p>\n<h2>Sanciones por exceso de velocidad en Nueva York<\/h2>\n<p>Las sanciones por exceso de velocidad dependen del n\u00famero de infracciones y de cu\u00e1nto m\u00e1s r\u00e1pido iba que el l\u00edmite de velocidad. La sanci\u00f3n por una primera condena puede oscilar generalmente entre 45 y 600 d\u00f3lares. Si iba a menos de 16 kil\u00f3metros por hora por encima del l\u00edmite de velocidad indicado, por ejemplo, la multa puede costarle entre 45 y 150 d\u00f3lares. El exceso de velocidad entre 17 y 48 kil\u00f3metros por hora puede resultar en una multa de entre 90 y 300 d\u00f3lares. Ir a m\u00e1s de 50 kil\u00f3metros por hora por encima del l\u00edmite indicado puede acarrear multas que oscilan entre 180 y 600 d\u00f3lares.    <\/p>\n<p>En Nueva York, tambi\u00e9n se le aplicar\u00e1 un recargo de 70 d\u00f3lares por infracci\u00f3n de tr\u00e1fico. Cabe se\u00f1alar que las multas aumentan para la segunda y tercera condena, lo que en \u00faltima instancia puede resultar en la suspensi\u00f3n o revocaci\u00f3n de la licencia. Aunque es raro, un juez puede incluso imponerle una pena de c\u00e1rcel de hasta 30 d\u00edas por una infracci\u00f3n de multa por exceso de velocidad.  <\/p>\n<h2>Puntos de la licencia de conducir<\/h2>\n<p>Adem\u00e1s de las multas, el DMV implementa un sistema de puntos para las infracciones de tr\u00e1fico: no usar un intermitente, desobedecer las se\u00f1ales de tr\u00e1fico, conducir bajo los efectos del alcohol (DUI) y exceso de velocidad. El n\u00famero de puntos que se le asignar\u00e1n a su licencia por una infracci\u00f3n de exceso de velocidad depende de lo r\u00e1pido que iba: <\/p>\n<ul>\n<li>Entre 1 y 16 kil\u00f3metros por hora por encima del l\u00edmite de velocidad: tres puntos<\/li>\n<li>Entre diecisiete y treinta y dos kil\u00f3metros por hora por encima del l\u00edmite: cuatro puntos<\/li>\n<li>Entre treinta y tres y cuarenta y ocho kil\u00f3metros por hora por encima del l\u00edmite: seis puntos<\/li>\n<li>Entre cuarenta y nueve y sesenta y cuatro kil\u00f3metros por hora por encima del l\u00edmite: ocho puntos<\/li>\n<li>Sesenta y seis kil\u00f3metros o m\u00e1s por encima del l\u00edmite: once puntos (y una suspensi\u00f3n autom\u00e1tica de la licencia)<\/li>\n<\/ul>\n<p>Nueva York tambi\u00e9n impone una tarifa de evaluaci\u00f3n del conductor para aquellos que han acumulado al menos 6 puntos en sus licencias. Debido a que estas infracciones se convierten en parte de su historial de conducci\u00f3n, es probable que tambi\u00e9n se enfrente a primas de seguro m\u00e1s altas. <\/p>\n<h2>\u00bfQu\u00e9 debo hacer si me detienen por exceso de velocidad?<\/h2>\n<p>Si le detiene la polic\u00eda o los agentes de la patrulla de carreteras estatal, debe cooperar. Est\u00e9 preparado para presentar su licencia, registro y tarjeta de seguro del conductor. \u00bfSab\u00eda que se le imputar\u00e1n infracciones adicionales si no lleva estos art\u00edculos? Sobre todo, no discuta con la polic\u00eda sobre lo r\u00e1pido que iba. Al mismo tiempo, no admita su culpabilidad.    <\/p>\n<p>Entonces, debe ponerse en contacto con los <a href=\"https:\/\/www.google.com\/maps?cid=3165837110749854167\" target=\"_blank\" rel=\"noopener\">abogados de infracciones de tr\u00e1fico<\/a> de MontanaroLaw, P.C. Evaluaremos los hechos del caso y dise\u00f1aremos una estrategia de defensa adecuada. En algunos casos, es posible que podamos demostrar que el agente que emiti\u00f3 la multa no utiliz\u00f3 un radar y que en realidad no sab\u00eda lo r\u00e1pido que iba. Por otro lado, tambi\u00e9n puede ser posible demostrar que el dispositivo de radar dio una lectura inexacta sobre su velocidad. Por \u00faltimo, puede haber circunstancias atenuantes, como una emergencia de salud que le hizo acelerar.   <\/p>\n<h2>Abogado de multas por exceso de velocidad en Nueva York<\/h2>\n<p>Ser detenido por exceso de velocidad puede ser una experiencia frustrante, y puede sentirse tentado a declararse culpable y simplemente pagar la multa o ir a la corte sin un abogado. Si le han puesto una multa por exceso de velocidad, es esencial contar con una representaci\u00f3n legal adecuada. En AutoTrafficTickets.com, tenemos un conocimiento profundo de las leyes de veh\u00edculos y tr\u00e1fico de Nueva York. Llevaremos a cabo una investigaci\u00f3n exhaustiva de las pruebas, incluyendo la revisi\u00f3n de los informes policiales y los registros de los dispositivos de detecci\u00f3n de radar.   <\/p>\n<p>En algunos casos, podemos buscar un cargo reducido a una infracci\u00f3n que implique multas m\u00e1s bajas y menos puntos. Por otro lado, es posible que podamos lograr que la multa por exceso de velocidad sea desestimada por completo. <\/p>\n<p>Sin embargo, cada caso es \u00fanico, y no hay garant\u00eda de que pueda vencer la multa. No obstante, vale la pena que un abogado se encargue de su multa por exceso de velocidad si desea evitar multas, puntos en su licencia y la posible p\u00e9rdida de sus privilegios de conducci\u00f3n. Llame a nuestra oficina hoy mismo o complete el formulario de contacto en nuestro sitio web para programar una consulta gratuita.  <\/p>\n<p><strong>Con oficinas en Long Island y la ciudad de Nueva York, MontanaroLaw, P.C. representa a clientes en los condados de Nassau y Suffolk, la ciudad de Nueva York y en todo el estado de Nueva York.<\/strong><\/p>\n","protected":false},"excerpt":{"rendered":"<p>Abogado de multas por exceso de velocidad en los condados de Nassau y Suffolk Todos los conductores tienen el deber de operar sus veh\u00edculos de manera segura y cumplir con las leyes de tr\u00e1nsito aplicables&#8230;. <br \/><a class=\"read-more\" title=\"FULL STORY\" href=\"https:\/\/montanarolaw.com\/es\/multas-por-exceso-de-velocidad\/\">Read More<\/a><\/p>\n","protected":false},"author":1,"featured_media":0,"parent":0,"menu_order":0,"comment_status":"closed","ping_status":"closed","template":"","meta":{"_acf_changed":false,"inline_featured_image":false,"_genesis_hide_title":false,"_genesis_hide_breadcrumbs":false,"_genesis_hide_singular_image":false,"_genesis_hide_footer_widgets":false,"_genesis_custom_body_class":"","_genesis_custom_post_class":"","_genesis_layout":"","footnotes":""},"class_list":{"0":"post-426","1":"page","2":"type-page","3":"status-publish","5":"entry"},"acf":[],"_links":{"self":[{"href":"https:\/\/montanarolaw.com\/es\/wp-json\/wp\/v2\/pages\/426","targetHints":{"allow":["GET"]}}],"collection":[{"href":"https:\/\/montanarolaw.com\/es\/wp-json\/wp\/v2\/pages"}],"about":[{"href":"https:\/\/montanarolaw.com\/es\/wp-json\/wp\/v2\/types\/page"}],"author":[{"embeddable":true,"href":"https:\/\/montanarolaw.com\/es\/wp-json\/wp\/v2\/users\/1"}],"replies":[{"embeddable":true,"href":"https:\/\/montanarolaw.com\/es\/wp-json\/wp\/v2\/comments?post=426"}],"version-history":[{"count":0,"href":"https:\/\/montanarolaw.com\/es\/wp-json\/wp\/v2\/pages\/426\/revisions"}],"wp:attachment":[{"href":"https:\/\/montanarolaw.com\/es\/wp-json\/wp\/v2\/media?parent=426"}],"curies":[{"name":"wp","href":"https:\/\/api.w.org\/{rel}","templated":true}]}}