{"id":435,"date":"2024-01-17T20:10:37","date_gmt":"2024-01-18T01:10:37","guid":{"rendered":"https:\/\/montanarolaw1.wpenginepowered.com\/landlord-tenant\/"},"modified":"2025-10-13T01:36:52","modified_gmt":"2025-10-13T05:36:52","slug":"arrendador-arrendatario","status":"publish","type":"page","link":"https:\/\/montanarolaw.com\/es\/arrendador-arrendatario\/","title":{"rendered":"Abogados de propietarios e inquilinos de Long Island \u2013 Nueva York \u2013 MontanaroLaw p.c."},"content":{"rendered":"<h1>Abogados de propietarios e inquilinos de Long Island que representan a clientes en transacciones de arrendamiento<\/h1>\n<p>Ser propietario de una propiedad de alquiler puede ser una excelente manera de diversificar su cartera de inversiones y obtener ingresos de sus propiedades. Pero no es necesariamente una forma f\u00e1cil de ganar dinero, y hay muchas trampas que debe conocer. Puede haber ocasiones en las que tenga un inquilino que se retrase en el pago del alquiler o que se haya mudado con alguien que no figura en el contrato de arrendamiento. Algunos problemas se pueden solucionar con un r\u00e1pido recordatorio y una referencia a los t\u00e9rminos del contrato de arrendamiento acordados, pero otros pueden ser lo suficientemente graves como para que usted inicie un proceso de desalojo.   <\/p>\n<p>Si est\u00e1 considerando convertirse en propietario, es una buena idea contar con un abogado de propietarios e inquilinos de confianza que pueda ayudarle a crear contratos de arrendamiento, revisar documentos relacionados con los acuerdos de arrendamiento y ayudarle cuando surja una disputa o conflicto entre usted y su arrendatario.<\/p>\n<p>Los contratos de arrendamiento son contratos legales vinculantes, y es importante que comprenda lo que est\u00e1 aceptando y c\u00f3mo manejar una violaci\u00f3n del contrato de arrendamiento. En MontanaroLaw P.C., podemos brindarle asesoramiento legal y ayudarle con todo el papeleo relacionado con los contratos de arrendamiento para que pueda asegurarse de que sus derechos est\u00e9n protegidos. <\/p>\n<h2>\u00bfCu\u00e1les son las diferencias entre el arrendamiento residencial y el comercial?<\/h2>\n<p>Si bien el arrendamiento residencial y el comercial son iguales en el sentido de que es una relaci\u00f3n entre propietario e inquilino, las especificaciones exactas del contrato de arrendamiento y los posibles problemas pueden ser ligeramente diferentes. Por ejemplo, un contrato de arrendamiento residencial puede tener cl\u00e1usulas m\u00e1s detalladas sobre qui\u00e9n debe encargarse de qu\u00e9 tipo de reparaciones y mantenimiento de la propiedad. <\/p>\n<p>Un contrato de arrendamiento comercial a menudo implica tratar con corporaciones o m\u00faltiples partes interesadas en lugar de solo una o dos personas individuales, y los montos del alquiler son mucho m\u00e1s altos. Los contratos de arrendamiento comercial tambi\u00e9n pueden tener par\u00e1metros espec\u00edficos sobre para qu\u00e9 se puede usar el espacio y qu\u00e9 cambios se le permite hacer al arrendatario en el espacio. <\/p>\n<h2>\u00bfQu\u00e9 debe incluirse en un contrato de arrendamiento?<\/h2>\n<p>No existen muchas leyes y regulaciones con respecto a lo que debe incluirse en un acuerdo de arrendamiento en el estado de Nueva York, pero hay varias cosas que generalmente se incluyen y otras que es bueno incluir. Las principales cosas que debe asegurarse de incluir en el contrato de arrendamiento son los nombres legales de los inquilinos, la duraci\u00f3n del contrato de arrendamiento, la cantidad de aviso que cualquiera de las partes debe dar a la otra si elige no renovar el contrato de arrendamiento, y el monto del alquiler y la fecha de vencimiento. <\/p>\n<p>Dependiendo de la situaci\u00f3n, es posible que tambi\u00e9n desee describir espec\u00edficamente lo que significa mantener la propiedad en buen estado y si habr\u00e1 inspecciones durante el per\u00edodo de arrendamiento. Tambi\u00e9n es una buena idea especificar qui\u00e9n es responsable de las reparaciones. Por ejemplo, algunos propietarios eligen hacer que los inquilinos sean responsables de las reparaciones que est\u00e9n por debajo de una cierta cantidad de dinero.  <\/p>\n<p>Si no est\u00e1 seguro de lo que debe incluirse en su contrato de arrendamiento, puede hablar con un <a href=\"https:\/\/www.google.com\/maps?cid=3165837110749854167\" target=\"_blank\" rel=\"noopener\">abogado de propietarios e inquilinos<\/a>. Tienen experiencia en ver lo que sucede cuando los contratos de arrendamiento no son lo suficientemente espec\u00edficos y saben cu\u00e1les son los problemas comunes. Esto significa que pueden ayudarle a redactar un contrato de arrendamiento que anticipe estos problemas y establezca preventivamente c\u00f3mo se manejar\u00e1n para que sepa exactamente qu\u00e9 hacer cuando suceda algo.  <\/p>\n<h2>\u00bfQu\u00e9 hago si tengo una disputa con mi inquilino?<\/h2>\n<p>Si bien un acuerdo de arrendamiento espec\u00edfico y bien redactado puede ayudar a disminuir las posibilidades de una disputa de arrendamiento, estas son una parte inevitable de ser propietario si permanece en el negocio el tiempo suficiente. Cuando tenga una disputa con su inquilino, lo primero que debe hacer es consultar el contrato de arrendamiento. Si el problema espec\u00edfico est\u00e1 cubierto en el contrato de arrendamiento, puede recurrir a eso y a cualquier consecuencia establecida en el mismo.  <\/p>\n<p>Si el problema no est\u00e1 cubierto en el contrato de arrendamiento o el inquilino no cumple, es posible que deba buscar una resoluci\u00f3n legal a trav\u00e9s de los tribunales, hasta e incluyendo el desalojo. Un abogado con experiencia en propietarios e inquilinos puede ayudarle a determinar cu\u00e1ndo es el momento de seguir adelante con una demanda y cu\u00e1les son sus opciones para proteger su inversi\u00f3n. <\/p>\n<h2>Tipos comunes de disputas entre propietarios e inquilinos<\/h2>\n<p>Puede ser \u00fatil saber cu\u00e1les son los tipos comunes de disputas entre propietarios e inquilinos antes de celebrar un acuerdo de arrendamiento. Este conocimiento puede ayudarle a trabajar con un abogado para elaborar un contrato de arrendamiento integral que proteja sus derechos, y su inversi\u00f3n, tanto como sea posible. Estos son algunos de los conflictos m\u00e1s comunes que ocurren entre propietarios e inquilinos:  <\/p>\n<ul>\n<li>Falta de pago del alquiler<\/li>\n<li>Problemas relacionados con el mantenimiento y la conservaci\u00f3n de la propiedad<\/li>\n<li>Proporcionar al propietario un acceso razonable a la propiedad y al inquilino un aviso razonable<\/li>\n<li>Adherirse a los c\u00f3digos de la comunidad o a los estatutos de cualquier asociaci\u00f3n de propietarios<\/li>\n<li>Desalojos<\/li>\n<li>Uso inapropiado de la propiedad<\/li>\n<li>Subarriendo ilegal<\/li>\n<\/ul>\n<h2>Contrataci\u00f3n de un abogado de propietarios e inquilinos de Nueva York<\/h2>\n<p>Ya sea que est\u00e9 pensando en convertirse en propietario y quiera asegurarse de comprender lo que implica el arrendamiento y c\u00f3mo crear un acuerdo de arrendamiento completo y pr\u00e1ctico, o sea un propietario que necesita desalojar a un inquilino, podemos ayudarle.<\/p>\n<p><a href=\"https:\/\/montanarolaw.com\/es\/\">MontanaroLaw P.C.<\/a> tiene experiencia en el manejo de todo tipo de casos de propietarios e inquilinos, incluidos aquellos que involucran propiedades residenciales y comerciales, y puede brindarle asesoramiento legal eficaz. Llame a nuestra oficina al (516) 203-1700 para programar una consulta gratuita con nuestro bufete de abogados u obtener m\u00e1s informaci\u00f3n sobre los servicios que brindamos. <\/p>\n","protected":false},"excerpt":{"rendered":"<p>Abogados de propietarios e inquilinos de Long Island que representan a clientes en transacciones de arrendamiento Ser propietario de una propiedad de alquiler puede ser una excelente manera de diversificar su cartera de inversiones y&#8230; <br \/><a class=\"read-more\" title=\"FULL STORY\" href=\"https:\/\/montanarolaw.com\/es\/arrendador-arrendatario\/\">Read More<\/a><\/p>\n","protected":false},"author":1,"featured_media":0,"parent":0,"menu_order":0,"comment_status":"closed","ping_status":"closed","template":"","meta":{"_acf_changed":false,"inline_featured_image":false,"_genesis_hide_title":false,"_genesis_hide_breadcrumbs":false,"_genesis_hide_singular_image":false,"_genesis_hide_footer_widgets":false,"_genesis_custom_body_class":"","_genesis_custom_post_class":"","_genesis_layout":"","footnotes":""},"class_list":{"0":"post-435","1":"page","2":"type-page","3":"status-publish","5":"entry"},"acf":[],"_links":{"self":[{"href":"https:\/\/montanarolaw.com\/es\/wp-json\/wp\/v2\/pages\/435","targetHints":{"allow":["GET"]}}],"collection":[{"href":"https:\/\/montanarolaw.com\/es\/wp-json\/wp\/v2\/pages"}],"about":[{"href":"https:\/\/montanarolaw.com\/es\/wp-json\/wp\/v2\/types\/page"}],"author":[{"embeddable":true,"href":"https:\/\/montanarolaw.com\/es\/wp-json\/wp\/v2\/users\/1"}],"replies":[{"embeddable":true,"href":"https:\/\/montanarolaw.com\/es\/wp-json\/wp\/v2\/comments?post=435"}],"version-history":[{"count":0,"href":"https:\/\/montanarolaw.com\/es\/wp-json\/wp\/v2\/pages\/435\/revisions"}],"wp:attachment":[{"href":"https:\/\/montanarolaw.com\/es\/wp-json\/wp\/v2\/media?parent=435"}],"curies":[{"name":"wp","href":"https:\/\/api.w.org\/{rel}","templated":true}]}}