{"id":539,"date":"2024-02-18T03:50:41","date_gmt":"2024-02-18T08:50:41","guid":{"rendered":"https:\/\/montanarolaw.com\/abogados-de-violencia-domestica-de-long-island-que-le-ayudan-a-ganar-su-caso\/"},"modified":"2025-08-26T04:21:03","modified_gmt":"2025-08-26T08:21:03","slug":"violencia-domestica","status":"publish","type":"page","link":"https:\/\/montanarolaw.com\/es\/violencia-domestica\/","title":{"rendered":"Abogados de violencia dom\u00e9stica de Long Island que le ayudan a ganar su caso"},"content":{"rendered":"<h1>Abogados de violencia dom\u00e9stica de Long Island que le ayudan a ganar su caso<\/h1>\n<p>Los casos de violencia dom\u00e9stica suelen ser bastante complejos. Puede haber un procedimiento en el tribunal de familia y, al mismo tiempo, puede haber cargos pendientes en el tribunal penal. Estos asuntos separados est\u00e1n interrelacionados, y lo que usted diga o haga en un caso repercutir\u00e1 en el otro.<\/p>\n<p>Usted necesita un equipo legal experimentado para ejecutar una estrategia bien concebida para defender su asunto de violencia dom\u00e9stica. Nuestro equipo de abogados es compasivo y sabe c\u00f3mo asesorarle durante estas situaciones estresantes. Entendemos que un caso de violencia dom\u00e9stica puede afectar su vida mucho m\u00e1s all\u00e1 de la sala del tribunal.<\/p>\n<p>En MontanaroLaw, P.C. ofrecemos una consulta gratuita a cualquier persona que se enfrente a la violencia dom\u00e9stica o a un cargo relacionado en el tribunal de familia o en el tribunal penal.<\/p>\n<h2>\u00bfQu\u00e9 penas puedo recibir si se me acusa penalmente de violencia dom\u00e9stica?<\/h2>\n<p>Los cargos a los que uno se enfrenta tras ser condenado por violencia dom\u00e9stica var\u00edan en funci\u00f3n de la gravedad del acto subyacente. Algunos casos de violencia dom\u00e9stica implican acciones que constituyen un delito, como el acoso o una simple agresi\u00f3n.<\/p>\n<p>Para algunos delitos de violencia dom\u00e9stica, el tribunal puede condenar al acusado a penas de c\u00e1rcel o imponer multas elevadas. En otros casos se trata de actos m\u00e1s graves que la Ley Penal de Nueva York tipifica como delitos graves, como la agresi\u00f3n con agravantes. Para delitos tan graves, el tribunal puede imponer penas de prisi\u00f3n, multas elevadas y otras consecuencias de la sentencia.<\/p>\n<p>Muchos casos de violencia dom\u00e9stica dan lugar a una orden temporal de protecci\u00f3n dictada por el tribunal de familia, por un tribunal penal o por ambos. Una orden temporal de protecci\u00f3n es una orden de un tribunal por la que se ordena a una persona que se abstenga de entrar en contacto con otra, acecharla, hostigarla o acercarse a su domicilio o lugar de trabajo.<\/p>\n<p>Estar sujeto a una orden temporal de protecci\u00f3n tiene consecuencias colaterales, como la p\u00e9rdida del tiempo de custodia de los hijos, la p\u00e9rdida temporal de su derecho a portar armas o dificultades administrativas para las licencias profesionales que pueda tener. Si le han acusado falsamente de maltrato dom\u00e9stico y se enfrenta a una orden de protecci\u00f3n, necesita el asesoramiento jur\u00eddico adecuado de un abogado que comprenda la magnitud de las consecuencias a las que se enfrenta.<\/p>\n<h2>\u00bfQu\u00e9 pasos debo dar ahora?<\/h2>\n<p>Si se encuentra en una situaci\u00f3n de violencia dom\u00e9stica, p\u00f3ngase en contacto con un abogado lo antes posible para proteger sus derechos. Estos asuntos son bastante graves, aunque todav\u00eda no haya cargos penales. Estos asuntos se desarrollan y avanzan r\u00e1pidamente hacia el juicio. Cuanto antes contrate a un abogado competente con experiencia y formaci\u00f3n en estos casos, m\u00e1s posibilidades tendr\u00e1 de que el resultado le sea favorable.<\/p>\n<p>Los experimentados abogados de violencia dom\u00e9stica de MontanaroLaw, P.C. han manejado las investigaciones y procesamientos de delitos de violencia dom\u00e9stica en Nueva York, y est\u00e1n \u00edntimamente familiarizados con la forma en que la fiscal\u00eda construye su caso. Esto nos da ventaja a la hora de construir un caso convincente para su defensa.<\/p>\n<p>Llame a MontanaroLaw, P.C. al (516) 203-1700 para programar una consulta gratuita hoy mismo y obtener m\u00e1s informaci\u00f3n sobre c\u00f3mo armar la defensa m\u00e1s s\u00f3lida posible.<\/p>\n","protected":false},"excerpt":{"rendered":"<p>Abogados de violencia dom\u00e9stica de Long Island que le ayudan a ganar su caso Los casos de violencia dom\u00e9stica suelen ser bastante complejos. Puede haber un procedimiento en el tribunal de familia y, al mismo&#8230; <br \/><a class=\"read-more\" title=\"FULL STORY\" href=\"https:\/\/montanarolaw.com\/es\/violencia-domestica\/\">Read More<\/a><\/p>\n","protected":false},"author":1,"featured_media":0,"parent":0,"menu_order":0,"comment_status":"closed","ping_status":"closed","template":"","meta":{"_acf_changed":false,"inline_featured_image":false,"_genesis_hide_title":false,"_genesis_hide_breadcrumbs":false,"_genesis_hide_singular_image":false,"_genesis_hide_footer_widgets":false,"_genesis_custom_body_class":"","_genesis_custom_post_class":"","_genesis_layout":"","footnotes":""},"class_list":{"0":"post-539","1":"page","2":"type-page","3":"status-publish","5":"entry"},"acf":[],"_links":{"self":[{"href":"https:\/\/montanarolaw.com\/es\/wp-json\/wp\/v2\/pages\/539","targetHints":{"allow":["GET"]}}],"collection":[{"href":"https:\/\/montanarolaw.com\/es\/wp-json\/wp\/v2\/pages"}],"about":[{"href":"https:\/\/montanarolaw.com\/es\/wp-json\/wp\/v2\/types\/page"}],"author":[{"embeddable":true,"href":"https:\/\/montanarolaw.com\/es\/wp-json\/wp\/v2\/users\/1"}],"replies":[{"embeddable":true,"href":"https:\/\/montanarolaw.com\/es\/wp-json\/wp\/v2\/comments?post=539"}],"version-history":[{"count":0,"href":"https:\/\/montanarolaw.com\/es\/wp-json\/wp\/v2\/pages\/539\/revisions"}],"wp:attachment":[{"href":"https:\/\/montanarolaw.com\/es\/wp-json\/wp\/v2\/media?parent=539"}],"curies":[{"name":"wp","href":"https:\/\/api.w.org\/{rel}","templated":true}]}}