{"id":7085,"date":"2024-01-09T19:41:46","date_gmt":"2024-01-10T00:41:46","guid":{"rendered":"https:\/\/montanarolaw.com\/abogado-de-lesiones-personales-de-long-island-que-ayuda-a-sus-clientes-a-obtener-la-indemnizacion-que-merecen\/"},"modified":"2025-08-26T04:21:57","modified_gmt":"2025-08-26T08:21:57","slug":"lesion-personal","status":"publish","type":"page","link":"https:\/\/montanarolaw.com\/es\/lesion-personal\/","title":{"rendered":"Abogado de lesiones personales de Long Island que ayuda a sus clientes a obtener la indemnizaci\u00f3n que merecen"},"content":{"rendered":"<h1>Abogado de lesiones personales de Long Island que ayuda a sus clientes a obtener la indemnizaci\u00f3n que merecen<\/h1>\n<p data-pm-slice=\"1 1 []\">Los accidentes forman parte de la vida, pero \u00bfqu\u00e9 ocurre si sufres lesiones como consecuencia de un accidente que podr\u00eda haberse evitado? Una demanda por lesiones personales es un m\u00e9todo por el que las v\u00edctimas de accidentes pueden tratar de obtener una indemnizaci\u00f3n por los gastos y el dolor y sufrimiento en que incurren. <\/p>\n<p>  Si te has lesionado porque otra persona no hizo lo que deb\u00eda, tu primer paso debe ser hablar con un abogado de lesiones personales.<br \/>\nEllos pueden orientarte sobre tus opciones y ayudarte a comprender si tienes derecho a reclamar una indemnizaci\u00f3n por lesiones personales en el estado de Nueva York y a qu\u00e9 cantidad de indemnizaci\u00f3n puedes tener derecho.<br \/>\nMontanaroLaw P.C. es un bufete de abogados de lesiones personales de Long Island que atiende a clientes que han sufrido lesiones por causas ajenas a su voluntad.<br \/>\nPara obtener m\u00e1s informaci\u00f3n sobre c\u00f3mo podemos ayudarte y c\u00f3mo es nuestra consulta gratuita, ponte en contacto con nuestro equipo hoy mismo para <span data-color=\"rgb(255, 245, 245)\">buscar una indemnizaci\u00f3n justa<\/span>.     <\/p>\n<h2><strong>\u00bfQu\u00e9 es un abogado de lesiones personales?<\/strong><\/h2>\n<p>  Un abogado de lesiones personales es un abogado que trabaja con personas que han resultado heridas en un accidente o lesi\u00f3n que fue culpa de otra persona.<br \/>\nA menudo, estos casos dependen del hecho de que la otra parte caus\u00f3 la lesi\u00f3n debido a <span data-color=\"rgb(255, 245, 245)\">la negligencia de<\/span> otra persona.<br \/>\nUn bufete de abogados especializado en lesiones personales tiene la experiencia necesaria para determinar si un caso puede considerarse como tal, informarte sobre las posibles indemnizaciones a las que podr\u00edas optar y explicarte c\u00f3mo ser\u00e1 el proceso si decides emprender acciones legales.    <\/p>\n<h2><strong>\u00bfQu\u00e9 tipo de casos entran en la Ley de Da\u00f1os Corporales?<\/strong><\/h2>\n<p>  Hay muchas situaciones que pueden dar lugar a un accidente que puede dar lugar a una demanda por lesiones personales.<br \/>\nSin embargo, las circunstancias exactas son las que determinan si puedes solicitar una indemnizaci\u00f3n por da\u00f1os y perjuicios.<br \/>\nSigue leyendo para averiguar cu\u00e1les son algunas de las circunstancias habituales que rodean a los casos de lesiones personales y c\u00f3mo pueden presentarse ante un tribunal.    <\/p>\n<h2><strong>Accidentes por resbalones y ca\u00eddas<\/strong><\/h2>\n<p>  Los accidentes por resbal\u00f3n y ca\u00edda son exactamente lo que parecen.<br \/>\nAlguien resbala, se cae y se lesiona debido a la negligencia de otra persona.<br \/>\nEstos casos suelen implicar que alguien tenga un accidente en un negocio o en casa de otra persona, pero tienen que implicar negligencia o falta de la debida diligencia por parte de la parte responsable para que se pueda presentar una demanda por lesiones personales.<br \/>\nUn ejemplo de libro de texto podr\u00eda ser si vas al supermercado y el suelo est\u00e1 mojado porque lo han fregado.<br \/>\nResbalas, te caes y te rompes una pierna.<br \/>\nSi no hab\u00eda ninguna se\u00f1al que te advirtiera de que el suelo estaba mojado, podr\u00eda considerarse negligencia por parte de la tienda, y podr\u00edas presentar una demanda solicitando una indemnizaci\u00f3n.       <\/p>\n<h2><strong>Accidentes de tr\u00e1fico<\/strong><\/h2>\n<p>  Los accidentes de coche son una de las situaciones m\u00e1s comunes que dan lugar a litigios por lesiones personales.<br \/>\nSiempre que sufras lesiones en un accidente de coche que sea culpa de la otra parte, es importante que hables con un <a href=\"https:\/\/google.com\/maps?cid=3165837110749854167\" target=\"_blank\" rel=\"noopener noreferrer\">abogado<\/a> de lesiones personales sobre tus opciones.<br \/>\nA menudo, las compa\u00f1\u00edas de seguros intentar\u00e1n que llegues a un acuerdo por menos de lo que podr\u00edas conseguir si intentaras ir a juicio.<br \/>\nSi has resultado herido en un accidente de tr\u00e1fico, por ejemplo porque un conductor se salt\u00f3 un stop, te choc\u00f3 por detr\u00e1s o no cedi\u00f3 el paso, puede que tengas un caso.     <\/p>\n<h2><strong>Accidentes de Cami\u00f3n<\/strong><\/h2>\n<p>Los <a href=\"https:\/\/montanarolaw.com\/truck-accidents\/\">accidentes de cami\u00f3n son otro tipo de situaci\u00f3n habitual de lesiones<\/a> personales, y pueden ser incluso peores que un accidente de coche porque las lesiones suelen ser m\u00e1s graves debido al tama\u00f1o del veh\u00edculo implicado.<br \/>\nLos accidentes de cami\u00f3n pueden provocar lesiones cerebrales traum\u00e1ticas, rotura de miembros e incluso la muerte.<br \/>\nEntre las causas habituales de los accidentes de cami\u00f3n que podr\u00edan dar lugar a un caso de lesiones personales figuran que el conductor trabajara m\u00e1s horas de las permitidas por la ley sin dormir, que llevara una carga demasiado pesada, lo que contribuy\u00f3 a que perdiera el control del veh\u00edculo, o que condujera a velocidad excesiva.    <\/p>\n<h2><strong>Accidentes de moto<\/strong><\/h2>\n<p>  Los accidentes de moto son muy frecuentes en la zona de Long Island, y pueden ser muy graves.<br \/>\nCuando una motocicleta se ve implicada en un accidente de tr\u00e1fico, el motorista tiene muy poca protecci\u00f3n contra la fuerza del choque y es probable que salga despedido de la moto, lo que provocar\u00eda otro impacto.<br \/>\nOtro conductor que no comprueba el espacio libre antes de cambiar de carril, que se adelanta a una motocicleta o que no se detiene ante una se\u00f1al de stop son posibles causas de un accidente de motocicleta que podr\u00eda dar lugar a una demanda por lesiones personales.    <\/p>\n<h2><strong>Accidentes de navegaci\u00f3n<\/strong><\/h2>\n<p>  Los accidentes de tr\u00e1fico no se limitan a tierra en la zona de Long Island.<br \/>\nMucha gente utiliza embarcaciones por negocios y placer en esta zona, y eso significa que existe la posibilidad de que se produzcan accidentes de navegaci\u00f3n.<br \/>\nLas causas habituales de los accidentes de navegaci\u00f3n en Nueva York son:    <\/p>\n<ul>\n<li>No manejar correctamente la embarcaci\u00f3n<\/li>\n<li>Conducir la embarcaci\u00f3n bajo los efectos del alcohol u otra sustancia<\/li>\n<li>Accidente o lesi\u00f3n debido a un equipo mal mantenido<\/li>\n<li>Falta de equipo de salvamento a bordo<\/li>\n<\/ul>\n<h2><strong>Mordeduras de perro<\/strong><\/h2>\n<p>  Si alguna vez has ido paseando y se te ha acercado un perro agresivo sin correa o has visto a un due\u00f1o de perro que claramente no es capaz de mantener el control sobre el animal, ya sabes lo aterradoras que pueden ser estas situaciones.<br \/>\nLos ataques de perro pueden causar lesiones graves y exponerte a un alto riesgo de infecci\u00f3n y de necesitar tratamiento m\u00e9dico continuado tras la mordedura inicial.<br \/>\nExisten normas y leyes espec\u00edficas, incluidas las leyes sobre correas, para los propietarios de perros en Nueva York, y si te muerden como consecuencia de que un propietario no respeta estas leyes, puedes tener motivos para interponer una demanda por lesiones personales.    <\/p>\n<h2><strong>Responsabilidad de los locales<\/strong><\/h2>\n<p>  Un caso de responsabilidad de las instalaciones entra en juego cuando sufres lesiones debido a que alguien no mantiene unas instalaciones seguras cuando tiene la obligaci\u00f3n de hacerlo.<br \/>\nEsto suele ocurrir con las empresas, porque se espera de ellas que mantengan sus locales adecuados para el p\u00fablico que pueda acudir a la propiedad como clientes.<br \/>\nPero tambi\u00e9n puede aplicarse a la propiedad privada.<br \/>\nPor ejemplo, si tienes un escal\u00f3n de bloques de hormig\u00f3n que se tambalea al llegar a la puerta principal y alguien que entrega un paquete lo pisa y se cae, podr\u00eda dar lugar a un caso de lesiones personales.<br \/>\nOtros tipos comunes de casos de responsabilidad civil de instalaciones residenciales son los accidentes en torno a juegos infantiles, piscinas o camas el\u00e1sticas en patios e incidentes en los que alguien se lesiona al entrar en tu propiedad debido a una peligrosa acumulaci\u00f3n de nieve y hielo.<br \/>\nLos casos de responsabilidad civil de las instalaciones residenciales pueden ser dif\u00edciles de ganar, dependiendo de las circunstancias que rodearon el motivo por el que estabas en la propiedad, por lo que es importante que hables con un abogado de lesiones personales si crees que tienes este tipo de caso.       <\/p>\n<h2><strong>Negligencia m\u00e9dica<\/strong><\/h2>\n<p>  Cuando te sometes a una intervenci\u00f3n m\u00e9dica o quir\u00fargica, o comienzas a recibir cuidados tras recibir un diagn\u00f3stico, est\u00e1s depositando tu confianza en el sistema m\u00e9dico y en tus m\u00e9dicos y otros profesionales sanitarios.<br \/>\nPero, \u00bfqu\u00e9 ocurre cuando cometen un error?<br \/>\nSi sufres lesiones o tienes problemas m\u00e9dicos debido a un diagn\u00f3stico err\u00f3neo o a un error m\u00e9dico, puedes presentar una demanda por negligencia m\u00e9dica contra el propio profesional o contra el centro sanitario m\u00e1s grande.<br \/>\nEste tipo de reclamaciones suelen conllevar indemnizaciones econ\u00f3micas de mayor cuant\u00eda, porque pueden dar lugar a tratamientos m\u00e9dicos prolongados, lo que implica elevadas facturas hospitalarias y dolor y sufrimiento.     <\/p>\n<h2><strong>Muerte por negligencia<\/strong><\/h2>\n<p>  Aunque cualquier tipo de lesi\u00f3n o sufrimiento a manos de la negligencia de otra persona es tr\u00e1gico, hay ocasiones en que se produce el peor resultado posible, y alguien pierde la vida.<br \/>\nAqu\u00ed es donde puede entrar en juego un caso de homicidio culposo. <a href=\"https:\/\/montanarolaw.com\/es\/muerte-por-negligencia\/\">Una demanda por homicidio culposo puede aplicarse a cualquiera de las situaciones<\/a> y escenarios comentados anteriormente, pero en lugar de que la v\u00edctima presente la demanda para obtener una indemnizaci\u00f3n basada en las lesiones, las facturas m\u00e9dicas y el tiempo de baja laboral perdido, es la familia de la v\u00edctima quien presenta la demanda.<br \/>\nPueden solicitar una indemnizaci\u00f3n por las facturas contra\u00eddas, la p\u00e9rdida de compa\u00f1\u00eda, la p\u00e9rdida de ingresos complementarios y el dolor y el sufrimiento, seg\u00fan las circunstancias concretas.    <\/p>\n<h2><strong>\u00bfA qu\u00e9 tipo de indemnizaci\u00f3n puedo optar?<\/strong><\/h2>\n<p>  Cuando ocurre un accidente y alguien resulta herido, las facturas m\u00e9dicas no tardan en acumularse.<br \/>\nTambi\u00e9n hay otras consideraciones econ\u00f3micas, como tener que ausentarse del trabajo o incluso la posible p\u00e9rdida del empleo.<br \/>\nEn algunos casos, la persona puede tener una <span data-color=\"rgb(255, 245, 245)\">incapacidad permanente<\/span>, lo que significa que no puede volver a su profesi\u00f3n habitual y se enfrenta a una p\u00e9rdida permanente de ingresos.<br \/>\nPresentar una demanda por lesiones personales puede ayudar a las v\u00edctimas de accidentes a recuperar parte de ese dinero y a volver a la normalidad econ\u00f3mica.<br \/>\nEl tipo de indemnizaci\u00f3n al que puede optar una persona y la cantidad que puede reclamar judicialmente dependen de la situaci\u00f3n concreta y es algo sobre lo que debes hablar con abogados experimentados.      <\/p>\n<h2>Indemnizaciones comunes a las v\u00edctimas de lesiones personales<\/h2>\n<p>  A continuaci\u00f3n se exponen tres categor\u00edas habituales de indemnizaciones que los tribunales pueden conceder a las v\u00edctimas si ganan sus casos de lesiones personales, y c\u00f3mo puedes tener derecho a solicitar esas indemnizaciones a los tribunales.  <\/p>\n<h3><strong>Facturas m\u00e9dicas<\/strong><\/h3>\n<p>Los <span data-color=\"rgb(255, 245, 245)\">gastos m\u00e9dicos<\/span> por accidentes en Nueva York pueden acumularse r\u00e1pidamente, y no es raro que una estancia de varios d\u00edas en el hospital cueste decenas de miles de d\u00f3lares.<br \/>\nSi sufriste lesiones graves que requirieron intervenci\u00f3n quir\u00fargica o terapia continuada, estas facturas podr\u00edan ser a\u00fan m\u00e1s elevadas.<br \/>\nEn algunos casos, las v\u00edctimas necesitan tambi\u00e9n equipos m\u00e9dicos, como una silla de ruedas, para poder funcionar con independencia tras el accidente, y todo ello tiene un alto precio.<br \/>\nSi has sufrido <span data-color=\"rgb(255, 245, 245)\">lesiones graves<\/span> por la negligencia de otra parte, podr\u00edas solicitar una indemnizaci\u00f3n econ\u00f3mica por las facturas m\u00e9dicas relacionadas con el accidente mediante una demanda por lesiones personales.<br \/>\nEste es uno de los motivos por los que es tan importante hablar con un abogado de lesiones personales antes de plantearte llegar a un acuerdo con la compa\u00f1\u00eda de seguros.<br \/>\nLas lesiones son a menudo m\u00e1s graves de lo que parecen a primera vista, y puede que a\u00fan no sepas exactamente lo que va a suponer tu recuperaci\u00f3n o sus costes.       <\/p>\n<h3><strong>Salarios perdidos<\/strong><\/h3>\n<p>  Cuando sufres lesiones graves en un accidente, pueden pasar d\u00edas, semanas e incluso meses antes de que puedas volver al trabajo.<br \/>\nDependiendo de las prestaciones que ofrezca tu trabajo, esto puede significar que tengas que tomarte un tiempo considerable de baja sin cobrar o cobrando menos.<br \/>\nEn algunos casos, incluso puedes acabar teniendo que renunciar a tu trabajo por no poder cumplir tus obligaciones.<br \/>\nLos salarios perdidos y la posible p\u00e9rdida continuada de los ingresos esperados debido a la p\u00e9rdida de trabajo relacionada con un accidente, son algo que puedes intentar <span data-color=\"rgb(255, 245, 245)\">compensar<\/span> con una demanda por lesiones personales.     <\/p>\n<h3><strong>Dolor y sufrimiento<\/strong><\/h3>\n<p> Puede que el dolor f\u00edsico y el sufrimiento emocional no lleven asociado un recibo, pero siguen siendo algo muy real y un aspecto de muchos casos de lesiones personales. Es posible que tu abogado pueda solicitar una indemnizaci\u00f3n adicional por encima de las facturas m\u00e9dicas reales o los salarios perdidos, como parte de la indemnizaci\u00f3n por da\u00f1o moral derivada del <span data-color=\"rgb(255, 245, 245)\">accidente con lesiones personales.<\/span> Si crees que tu situaci\u00f3n puede ser una en la que se apliquen indemnizaciones por da\u00f1o moral, puedes hablar de esta opci\u00f3n con tu abogado.  <\/p>\n<h2><strong>\u00bfCu\u00e1nto cuesta un <\/strong>abogado de lesiones personales en Long Island<strong>?<\/strong><\/h2>\n<p>  Los costes de un abogado de lesiones personales var\u00edan, pero muchos no cobran nada por adelantado. En cambio, funcionan con una escala salarial porcentual basada en si ganas el caso. Esto significa que puede que no tengas que pagar nada por adelantado ni pagar nada si no ganas el caso. Si ganas, el abogado se lleva un porcentaje del importe de la indemnizaci\u00f3n. Por ejemplo, si los tribunales te concedieran 100.000 $ y los honorarios del abogado fueran del 10%, cobrar\u00edan 10.000 $. Siempre es importante asegurarse de que entiendes los honorarios del abogado antes de contratar a uno para que te represente. <\/p>\n<h2><strong>Deja que MontanaroLaw P.C. luche por tus derechos<\/strong><\/h2>\n<p> No tienes por qu\u00e9 sufrir solo. En <a href=\"https:\/\/montanarolaw.com\/es\/\" target=\"_blank\" rel=\"noopener noreferrer\">MontanaroLaw P.C<\/a>., nos asociamos con nuestros clientes para proporcionarles asesoramiento jur\u00eddico pr\u00e1ctico y soluciones eficaces, de modo que puedan ir a juicio o llegar a un acuerdo con la confianza de que est\u00e1n obteniendo la indemnizaci\u00f3n a la que tienen derecho. Nuestros <span data-color=\"rgb(255, 245, 245)\">abogados especializados en lesiones personales<\/span> est\u00e1n aqu\u00ed para responder a tus preguntas, orientarte en el <span data-color=\"rgb(255, 245, 245)\">proceso legal<\/span> del sistema judicial civil y luchar por tus intereses. Si est\u00e1s preparado para trabajar con un abogado de lesiones personales de Long Island que tiene un historial probado de ayudar a sus clientes a recuperar <span data-color=\"rgb(255, 245, 245)\">la m\u00e1xima indemnizaci\u00f3n<\/span>, llama a MontanaroLaw P.C. al (516) 203-1700. Nuestro equipo est\u00e1 a tu disposici\u00f3n para atender tu llamada, responder a tus preguntas y ayudarte en el camino hacia la recuperaci\u00f3n econ\u00f3mica.<\/p>\n","protected":false},"excerpt":{"rendered":"<p>Abogado de lesiones personales de Long Island que ayuda a sus clientes a obtener la indemnizaci\u00f3n que merecen Los accidentes forman parte de la vida, pero \u00bfqu\u00e9 ocurre si sufres lesiones como consecuencia de un&#8230; <br \/><a class=\"read-more\" title=\"FULL STORY\" href=\"https:\/\/montanarolaw.com\/es\/lesion-personal\/\">Read More<\/a><\/p>\n","protected":false},"author":1,"featured_media":0,"parent":0,"menu_order":0,"comment_status":"closed","ping_status":"closed","template":"","meta":{"_acf_changed":false,"inline_featured_image":false,"_genesis_hide_title":false,"_genesis_hide_breadcrumbs":false,"_genesis_hide_singular_image":false,"_genesis_hide_footer_widgets":false,"_genesis_custom_body_class":"","_genesis_custom_post_class":"","_genesis_layout":"","footnotes":""},"class_list":{"0":"post-7085","1":"page","2":"type-page","3":"status-publish","5":"entry"},"acf":[],"_links":{"self":[{"href":"https:\/\/montanarolaw.com\/es\/wp-json\/wp\/v2\/pages\/7085","targetHints":{"allow":["GET"]}}],"collection":[{"href":"https:\/\/montanarolaw.com\/es\/wp-json\/wp\/v2\/pages"}],"about":[{"href":"https:\/\/montanarolaw.com\/es\/wp-json\/wp\/v2\/types\/page"}],"author":[{"embeddable":true,"href":"https:\/\/montanarolaw.com\/es\/wp-json\/wp\/v2\/users\/1"}],"replies":[{"embeddable":true,"href":"https:\/\/montanarolaw.com\/es\/wp-json\/wp\/v2\/comments?post=7085"}],"version-history":[{"count":0,"href":"https:\/\/montanarolaw.com\/es\/wp-json\/wp\/v2\/pages\/7085\/revisions"}],"wp:attachment":[{"href":"https:\/\/montanarolaw.com\/es\/wp-json\/wp\/v2\/media?parent=7085"}],"curies":[{"name":"wp","href":"https:\/\/api.w.org\/{rel}","templated":true}]}}